{"id":497,"date":"2020-03-27T10:04:02","date_gmt":"2020-03-27T10:04:02","guid":{"rendered":"https:\/\/wp.fuerstenmahl.li\/?post_type=product&#038;p=497"},"modified":"2024-01-03T14:22:57","modified_gmt":"2024-01-03T14:22:57","slug":"trockenshampoo","status":"publish","type":"product","link":"https:\/\/www.fuerstenmahl.li\/en\/produkte\/trockenshampoo","title":{"rendered":"Bio Zecken-Stopp 80g"},"content":{"rendered":"<p>Erlesene Bio-Kr\u00e4uter und das Beste der Natur: Das fein duftende Pulver pflegt nicht nur Haut und Fell mit der regenerierenden Wirkung der Maranta Wurzel, es bietet auch lang anhaltenden Schutz vor Zecken, Milben und Fl\u00f6hen. Ein geringe<span lang=\"DE-CH\">r\u00a0<\/span>Anteil an Diatomeenerde bindet Ger\u00fcche und h\u00e4lt dank seinen nat\u00fcrlichen pestiziden Eigenschaften Parasiten nachweislich fern. In Kombination mit einer ausgekl\u00fcgelten Mischung von auserlesenen, anti-parasitischen Kr\u00e4utern, <span lang=\"DE-CH\">wie das indische Neemblatt, <\/span>ist Ihr Vierbeiner zuverl\u00e4ssig vor ungebetenen G\u00e4sten gesch\u00fctzt. Das Trockenshampoo wirkt ganz ohne chemische Zus\u00e4tze anti-septisch, anti-bakteriell, anti-fungal und anti-parasitisch.<br \/>\nEigens erforscht und entwickelt. Made in Liechtenstein.<\/p>\n<div class=\"row\"><\/div>\n<p style=\"text-align: left;\"><a href=\"https:\/\/www.fuerstenmahl.li\/wp-content\/uploads\/2020\/03\/Tree.png\"><img loading=\"lazy\" decoding=\"async\" class=\"wp-image-1188 alignleft\" src=\"https:\/\/www.fuerstenmahl.li\/wp-content\/uploads\/2020\/03\/Tree-300x300.png\" alt=\"\" width=\"75\" height=\"75\" srcset=\"https:\/\/www.fuerstenmahl.li\/wp-content\/uploads\/2020\/03\/Tree-300x300.png 300w, https:\/\/www.fuerstenmahl.li\/wp-content\/uploads\/2020\/03\/Tree-1024x1024.png 1024w, https:\/\/www.fuerstenmahl.li\/wp-content\/uploads\/2020\/03\/Tree-150x150.png 150w, https:\/\/www.fuerstenmahl.li\/wp-content\/uploads\/2020\/03\/Tree-768x768.png 768w, https:\/\/www.fuerstenmahl.li\/wp-content\/uploads\/2020\/03\/Tree-1536x1536.png 1536w, https:\/\/www.fuerstenmahl.li\/wp-content\/uploads\/2020\/03\/Tree-2048x2048.png 2048w, https:\/\/www.fuerstenmahl.li\/wp-content\/uploads\/2020\/03\/Tree-600x600.png 600w, https:\/\/www.fuerstenmahl.li\/wp-content\/uploads\/2020\/03\/Tree-100x100.png 100w\" sizes=\"auto, (max-width: 75px) 100vw, 75px\" \/><\/a>Aus 100% nachwachsenden<br \/>\nRohstoffen\u00a0und biologischer<br \/>\nLandwirtschaft<\/p>\n<p><a href=\"https:\/\/www.fuerstenmahl.li\/wp-content\/uploads\/2020\/03\/Medicinal-properties.png\"><img loading=\"lazy\" decoding=\"async\" class=\"wp-image-1184 alignleft\" src=\"https:\/\/www.fuerstenmahl.li\/wp-content\/uploads\/2020\/03\/Medicinal-properties-300x300.png\" alt=\"\" width=\"75\" height=\"75\" srcset=\"https:\/\/www.fuerstenmahl.li\/wp-content\/uploads\/2020\/03\/Medicinal-properties-300x300.png 300w, https:\/\/www.fuerstenmahl.li\/wp-content\/uploads\/2020\/03\/Medicinal-properties-1024x1024.png 1024w, https:\/\/www.fuerstenmahl.li\/wp-content\/uploads\/2020\/03\/Medicinal-properties-150x150.png 150w, https:\/\/www.fuerstenmahl.li\/wp-content\/uploads\/2020\/03\/Medicinal-properties-768x768.png 768w, https:\/\/www.fuerstenmahl.li\/wp-content\/uploads\/2020\/03\/Medicinal-properties-1536x1536.png 1536w, https:\/\/www.fuerstenmahl.li\/wp-content\/uploads\/2020\/03\/Medicinal-properties-2048x2048.png 2048w, https:\/\/www.fuerstenmahl.li\/wp-content\/uploads\/2020\/03\/Medicinal-properties-600x600.png 600w, https:\/\/www.fuerstenmahl.li\/wp-content\/uploads\/2020\/03\/Medicinal-properties-100x100.png 100w\" sizes=\"auto, (max-width: 75px) 100vw, 75px\" \/><\/a>Allergenfrei, antiparasitisch<br \/>\nund entz\u00fcndungshemmend.<br \/>\nBeseitigt Ger\u00fcche, pflegt Haut &amp; Fell<\/p>\n<p><a href=\"https:\/\/www.fuerstenmahl.li\/wp-content\/uploads\/2020\/03\/Parasites2.png\"><img loading=\"lazy\" decoding=\"async\" class=\"wp-image-1186 alignleft\" src=\"https:\/\/www.fuerstenmahl.li\/wp-content\/uploads\/2020\/03\/Parasites2-300x300.png\" alt=\"\" width=\"75\" height=\"75\" srcset=\"https:\/\/www.fuerstenmahl.li\/wp-content\/uploads\/2020\/03\/Parasites2-300x300.png 300w, https:\/\/www.fuerstenmahl.li\/wp-content\/uploads\/2020\/03\/Parasites2-1024x1024.png 1024w, https:\/\/www.fuerstenmahl.li\/wp-content\/uploads\/2020\/03\/Parasites2-150x150.png 150w, https:\/\/www.fuerstenmahl.li\/wp-content\/uploads\/2020\/03\/Parasites2-768x768.png 768w, https:\/\/www.fuerstenmahl.li\/wp-content\/uploads\/2020\/03\/Parasites2-1536x1536.png 1536w, https:\/\/www.fuerstenmahl.li\/wp-content\/uploads\/2020\/03\/Parasites2-2048x2048.png 2048w, https:\/\/www.fuerstenmahl.li\/wp-content\/uploads\/2020\/03\/Parasites2-600x600.png 600w, https:\/\/www.fuerstenmahl.li\/wp-content\/uploads\/2020\/03\/Parasites2-100x100.png 100w\" sizes=\"auto, (max-width: 75px) 100vw, 75px\" \/><\/a>Langanhaltender Schutz<br \/>\ngegen Zecken, Milben und Fl\u00f6he.<br \/>\nEinzigartige Formulierung<\/p>\n<p><a href=\"https:\/\/www.fuerstenmahl.li\/wp-content\/uploads\/2020\/03\/Sanduhr_2.png\"><img loading=\"lazy\" decoding=\"async\" class=\"wp-image-1187 alignleft\" src=\"https:\/\/www.fuerstenmahl.li\/wp-content\/uploads\/2020\/03\/Sanduhr_2-300x300.png\" alt=\"\" width=\"75\" height=\"75\" srcset=\"https:\/\/www.fuerstenmahl.li\/wp-content\/uploads\/2020\/03\/Sanduhr_2-300x300.png 300w, https:\/\/www.fuerstenmahl.li\/wp-content\/uploads\/2020\/03\/Sanduhr_2-150x150.png 150w, https:\/\/www.fuerstenmahl.li\/wp-content\/uploads\/2020\/03\/Sanduhr_2-768x768.png 768w, https:\/\/www.fuerstenmahl.li\/wp-content\/uploads\/2020\/03\/Sanduhr_2-600x600.png 600w, https:\/\/www.fuerstenmahl.li\/wp-content\/uploads\/2020\/03\/Sanduhr_2-100x100.png 100w, https:\/\/www.fuerstenmahl.li\/wp-content\/uploads\/2020\/03\/Sanduhr_2.png 851w\" sizes=\"auto, (max-width: 75px) 100vw, 75px\" \/><\/a>Extra lange Anwendungsdauer.<br \/>\n1 Dose reicht f\u00fcr einen mittel-<br \/>\ngrossen Hund 1 Zeckensaison<\/p>\n<p><a href=\"https:\/\/www.fuerstenmahl.li\/wp-content\/uploads\/2020\/03\/Cloud-raining.png\"><img loading=\"lazy\" decoding=\"async\" class=\"wp-image-1182 alignleft\" src=\"https:\/\/www.fuerstenmahl.li\/wp-content\/uploads\/2020\/03\/Cloud-raining-300x300.png\" alt=\"\" width=\"75\" height=\"75\" srcset=\"https:\/\/www.fuerstenmahl.li\/wp-content\/uploads\/2020\/03\/Cloud-raining-300x300.png 300w, https:\/\/www.fuerstenmahl.li\/wp-content\/uploads\/2020\/03\/Cloud-raining-1024x1024.png 1024w, https:\/\/www.fuerstenmahl.li\/wp-content\/uploads\/2020\/03\/Cloud-raining-150x150.png 150w, https:\/\/www.fuerstenmahl.li\/wp-content\/uploads\/2020\/03\/Cloud-raining-768x768.png 768w, https:\/\/www.fuerstenmahl.li\/wp-content\/uploads\/2020\/03\/Cloud-raining-1536x1536.png 1536w, https:\/\/www.fuerstenmahl.li\/wp-content\/uploads\/2020\/03\/Cloud-raining-2048x2048.png 2048w, https:\/\/www.fuerstenmahl.li\/wp-content\/uploads\/2020\/03\/Cloud-raining-600x600.png 600w, https:\/\/www.fuerstenmahl.li\/wp-content\/uploads\/2020\/03\/Cloud-raining-100x100.png 100w\" sizes=\"auto, (max-width: 75px) 100vw, 75px\" \/><\/a><\/p>\n<p>Durch die Feink\u00f6rnigkeit<br \/>\nnach mehrfachem Auftragen<br \/>\nanhaltend wasserresistent<\/p>\n<h3><\/h3>\n<h3>Zusammensetzung<\/h3>\n<p>Maranta*, Neemblatt*, Diatomeenerde*, Lavendel*, Rosmarin*, Fenchel*, Wermut*, Eucalyptus*<br \/>\n* aus biologischer Landwirtschaft.<\/p>\n<h3>Anwendung<\/h3>\n<p><iframe loading=\"lazy\" src=\"https:\/\/www.youtube.com\/embed\/-Cjiushg3b8\" width=\"560\" height=\"315\" frameborder=\"0\" allowfullscreen=\"allowfullscreen\"><span data-mce-type=\"bookmark\" style=\"display: inline-block; width: 0px; overflow: hidden; line-height: 0;\" class=\"mce_SELRES_start\"><\/span><span data-mce-type=\"bookmark\" style=\"display: inline-block; width: 0px; overflow: hidden; line-height: 0;\" class=\"mce_SELRES_start\"><\/span><span data-mce-type=\"bookmark\" style=\"display: inline-block; width: 0px; overflow: hidden; line-height: 0;\" class=\"mce_SELRES_start\"><\/span><span data-mce-type=\"bookmark\" style=\"display: inline-block; width: 0px; overflow: hidden; line-height: 0;\" class=\"mce_SELRES_start\"><\/span><\/iframe><\/p>\n<p>Arbeiten Sie das Trockenshampoo regelm\u00e4ssig und sorgf\u00e4ltig in das Fell Ihres Hundes ein. Am besten von Hand oder mit seinem Lieblingskamm. Das feink\u00f6rnige Pulver bleibt in den Haaren haften und \u00fcbersteht in der Regel sogar sommerlichen Badespass.<\/p>\n<p>Tag 1-7: 1x t\u00e4glich vor dem grossen Spaziergang eine Handfl\u00e4che mit Pulver gr\u00fcndlich in das Fell einarbeiten<br \/>\nTag 7-14: jeden zweiten Tag eine Handfl\u00e4che mit Pulver gr\u00fcndlich in das Fell einarbeiten<br \/>\nTag 14+: je nach Notwendigkeit, jeden zweiten bis dritten Tag 1x anwenden, um Wirkung aufrecht zu erhalten<\/p>\n<p>Dies kann je nach Saison und Zeckenbelastung variieren, deshalb die Anwendung nach Gef\u00fchl und Notwendigkeit anpassen.<\/p>\n<p>Wichtig: tragen Sie das Pulver nach M\u00f6glichkeit im Freien auf und vermeiden Sie wegen der Feink\u00f6rnigkeit die \u00fcberm\u00e4ssige Ber\u00fchrung mit den Atemwegen. Auch bei nat\u00fcrlichen Inhaltsstoffe k\u00f6nnen Allergien auftreten, deshalb neue Produkte immer zuerst auf ihre Vertr\u00e4glichkeit testen.<\/p>\n<h3>Lagerung<\/h3>\n<p>Lagern Sie das Trockenshampoo k\u00fchl und trocken. Sch\u00fctzen Sie es vor direkter Sonneneinstrahlung und hohen Temperaturen.<\/p>","protected":false},"excerpt":{"rendered":"<ul>\n<li>gegen Zecken, Milben und Fl\u00f6he<\/li>\n<li>100 % aus biologischem Anbau<\/li>\n<li>1 Dose = 1 Saison Zeckenfrei<\/li>\n<\/ul>","protected":false},"featured_media":1112,"template":"","meta":[],"product_brand":[],"product_cat":[79,76],"product_tag":[],"class_list":{"0":"post-497","1":"product","2":"type-product","3":"status-publish","4":"has-post-thumbnail","6":"product_cat-produkte","7":"product_cat-zeckenschutz","8":"pa_gewicht-80-g-puder","9":"sales-flash-overlay","10":"woocommerce-text-align-left","11":"woocommerce-image-align-left","12":"do-quantity-buttons","14":"first","15":"outofstock","16":"taxable","17":"shipping-taxable","18":"purchasable","19":"product-type-variable","20":"has-default-attributes"},"yoast_head":"<!-- This site is optimized with the Yoast SEO plugin v27.4 - https:\/\/yoast.com\/product\/yoast-seo-wordpress\/ -->\n<title>Zeckenschutz f\u00fcr Hunde | 100% BIO | Pflege und Parasitenschutz<\/title>\n<meta name=\"description\" content=\"Wirkungsvoller Zeckenschutz und Pflege f\u00fcr Haut und Fell! \u2713100% biologisch \u2713stark anti-parasitisch \u2713entz\u00fcngungshemmend\" \/>\n<meta name=\"robots\" content=\"index, follow, max-snippet:-1, max-image-preview:large, max-video-preview:-1\" \/>\n<link rel=\"canonical\" href=\"https:\/\/www.fuerstenmahl.li\/en\/produkte\/trockenshampoo\/\" \/>\n<meta property=\"og:locale\" content=\"en_GB\" \/>\n<meta property=\"og:type\" content=\"article\" \/>\n<meta property=\"og:title\" content=\"Zeckenschutz f\u00fcr Hunde | 100% BIO | Pflege und Parasitenschutz\" \/>\n<meta property=\"og:description\" content=\"Wirkungsvoller Zeckenschutz und Pflege f\u00fcr Haut und Fell! \u2713100% biologisch \u2713stark anti-parasitisch \u2713entz\u00fcngungshemmend\" \/>\n<meta property=\"og:url\" content=\"https:\/\/www.fuerstenmahl.li\/en\/produkte\/trockenshampoo\/\" \/>\n<meta property=\"og:site_name\" content=\"F\u00fcrstenmahl\" \/>\n<meta property=\"article:modified_time\" content=\"2024-01-03T14:22:57+00:00\" \/>\n<meta property=\"og:image\" content=\"https:\/\/www.fuerstenmahl.li\/wp-content\/uploads\/2020\/07\/Web_Dose-single_Background_2.jpg\" \/>\n\t<meta property=\"og:image:width\" content=\"1200\" \/>\n\t<meta property=\"og:image:height\" content=\"1200\" \/>\n\t<meta property=\"og:image:type\" content=\"image\/jpeg\" \/>\n<meta name=\"twitter:card\" content=\"summary_large_image\" \/>\n<meta name=\"twitter:label1\" content=\"Estimated reading time\" \/>\n\t<meta name=\"twitter:data1\" content=\"3 minutes\" \/>\n<script type=\"application\/ld+json\" class=\"yoast-schema-graph\">{\"@context\":\"https:\\\/\\\/schema.org\",\"@graph\":[{\"@type\":\"WebPage\",\"@id\":\"https:\\\/\\\/www.fuerstenmahl.li\\\/produkte\\\/trockenshampoo\",\"url\":\"https:\\\/\\\/www.fuerstenmahl.li\\\/produkte\\\/trockenshampoo\",\"name\":\"Zeckenschutz f\u00fcr Hunde | 100% BIO | Pflege und Parasitenschutz\",\"isPartOf\":{\"@id\":\"https:\\\/\\\/www.fuerstenmahl.li\\\/#website\"},\"primaryImageOfPage\":{\"@id\":\"https:\\\/\\\/www.fuerstenmahl.li\\\/produkte\\\/trockenshampoo#primaryimage\"},\"image\":{\"@id\":\"https:\\\/\\\/www.fuerstenmahl.li\\\/produkte\\\/trockenshampoo#primaryimage\"},\"thumbnailUrl\":\"https:\\\/\\\/www.fuerstenmahl.li\\\/wp-content\\\/uploads\\\/2020\\\/07\\\/Web_Dose-single_Background_2.jpg\",\"datePublished\":\"2020-03-27T10:04:02+00:00\",\"dateModified\":\"2024-01-03T14:22:57+00:00\",\"description\":\"Wirkungsvoller Zeckenschutz und Pflege f\u00fcr Haut und Fell! \u2713100% biologisch \u2713stark anti-parasitisch \u2713entz\u00fcngungshemmend\",\"breadcrumb\":{\"@id\":\"https:\\\/\\\/www.fuerstenmahl.li\\\/produkte\\\/trockenshampoo#breadcrumb\"},\"inLanguage\":\"en-GB\",\"potentialAction\":[{\"@type\":\"ReadAction\",\"target\":[\"https:\\\/\\\/www.fuerstenmahl.li\\\/produkte\\\/trockenshampoo\"]}]},{\"@type\":\"ImageObject\",\"inLanguage\":\"en-GB\",\"@id\":\"https:\\\/\\\/www.fuerstenmahl.li\\\/produkte\\\/trockenshampoo#primaryimage\",\"url\":\"https:\\\/\\\/www.fuerstenmahl.li\\\/wp-content\\\/uploads\\\/2020\\\/07\\\/Web_Dose-single_Background_2.jpg\",\"contentUrl\":\"https:\\\/\\\/www.fuerstenmahl.li\\\/wp-content\\\/uploads\\\/2020\\\/07\\\/Web_Dose-single_Background_2.jpg\",\"width\":1200,\"height\":1200,\"caption\":\"Zeckenmittel f\u00fcr Hunde - F\u00fcrstenmahl\"},{\"@type\":\"BreadcrumbList\",\"@id\":\"https:\\\/\\\/www.fuerstenmahl.li\\\/produkte\\\/trockenshampoo#breadcrumb\",\"itemListElement\":[{\"@type\":\"ListItem\",\"position\":1,\"name\":\"F\u00fcrstenmahl\",\"item\":\"https:\\\/\\\/www.fuerstenmahl.li\\\/\"},{\"@type\":\"ListItem\",\"position\":2,\"name\":\"Produkte\",\"item\":\"https:\\\/\\\/www.fuerstenmahl.li\\\/produkte\"},{\"@type\":\"ListItem\",\"position\":3,\"name\":\"Bio Zecken-Stopp 80g\"}]},{\"@type\":\"WebSite\",\"@id\":\"https:\\\/\\\/www.fuerstenmahl.li\\\/#website\",\"url\":\"https:\\\/\\\/www.fuerstenmahl.li\\\/\",\"name\":\"F\u00fcrstenmahl\",\"description\":\"\",\"publisher\":{\"@id\":\"https:\\\/\\\/www.fuerstenmahl.li\\\/#organization\"},\"potentialAction\":[{\"@type\":\"SearchAction\",\"target\":{\"@type\":\"EntryPoint\",\"urlTemplate\":\"https:\\\/\\\/www.fuerstenmahl.li\\\/?s={search_term_string}\"},\"query-input\":{\"@type\":\"PropertyValueSpecification\",\"valueRequired\":true,\"valueName\":\"search_term_string\"}}],\"inLanguage\":\"en-GB\"},{\"@type\":\"Organization\",\"@id\":\"https:\\\/\\\/www.fuerstenmahl.li\\\/#organization\",\"name\":\"F\u00fcrstenmahl Est.\",\"url\":\"https:\\\/\\\/www.fuerstenmahl.li\\\/\",\"logo\":{\"@type\":\"ImageObject\",\"inLanguage\":\"en-GB\",\"@id\":\"https:\\\/\\\/www.fuerstenmahl.li\\\/#\\\/schema\\\/logo\\\/image\\\/\",\"url\":\"https:\\\/\\\/www.fuerstenmahl.li\\\/wp-content\\\/uploads\\\/2020\\\/03\\\/Fuerstenmahl-favicon-1.png\",\"contentUrl\":\"https:\\\/\\\/www.fuerstenmahl.li\\\/wp-content\\\/uploads\\\/2020\\\/03\\\/Fuerstenmahl-favicon-1.png\",\"width\":1024,\"height\":1024,\"caption\":\"F\u00fcrstenmahl Est.\"},\"image\":{\"@id\":\"https:\\\/\\\/www.fuerstenmahl.li\\\/#\\\/schema\\\/logo\\\/image\\\/\"}}]}<\/script>\n<!-- \/ Yoast SEO plugin. -->","yoast_head_json":{"title":"Zeckenschutz f\u00fcr Hunde | 100% BIO | Pflege und Parasitenschutz","description":"Wirkungsvoller Zeckenschutz und Pflege f\u00fcr Haut und Fell! \u2713100% biologisch \u2713stark anti-parasitisch \u2713entz\u00fcngungshemmend","robots":{"index":"index","follow":"follow","max-snippet":"max-snippet:-1","max-image-preview":"max-image-preview:large","max-video-preview":"max-video-preview:-1"},"canonical":"https:\/\/www.fuerstenmahl.li\/en\/produkte\/trockenshampoo\/","og_locale":"en_GB","og_type":"article","og_title":"Zeckenschutz f\u00fcr Hunde | 100% BIO | Pflege und Parasitenschutz","og_description":"Wirkungsvoller Zeckenschutz und Pflege f\u00fcr Haut und Fell! \u2713100% biologisch \u2713stark anti-parasitisch \u2713entz\u00fcngungshemmend","og_url":"https:\/\/www.fuerstenmahl.li\/en\/produkte\/trockenshampoo\/","og_site_name":"F\u00fcrstenmahl","article_modified_time":"2024-01-03T14:22:57+00:00","og_image":[{"width":1200,"height":1200,"url":"https:\/\/www.fuerstenmahl.li\/wp-content\/uploads\/2020\/07\/Web_Dose-single_Background_2.jpg","type":"image\/jpeg"}],"twitter_card":"summary_large_image","twitter_misc":{"Estimated reading time":"3 minutes"},"schema":{"@context":"https:\/\/schema.org","@graph":[{"@type":"WebPage","@id":"https:\/\/www.fuerstenmahl.li\/produkte\/trockenshampoo","url":"https:\/\/www.fuerstenmahl.li\/produkte\/trockenshampoo","name":"Zeckenschutz f\u00fcr Hunde | 100% BIO | Pflege und Parasitenschutz","isPartOf":{"@id":"https:\/\/www.fuerstenmahl.li\/#website"},"primaryImageOfPage":{"@id":"https:\/\/www.fuerstenmahl.li\/produkte\/trockenshampoo#primaryimage"},"image":{"@id":"https:\/\/www.fuerstenmahl.li\/produkte\/trockenshampoo#primaryimage"},"thumbnailUrl":"https:\/\/www.fuerstenmahl.li\/wp-content\/uploads\/2020\/07\/Web_Dose-single_Background_2.jpg","datePublished":"2020-03-27T10:04:02+00:00","dateModified":"2024-01-03T14:22:57+00:00","description":"Wirkungsvoller Zeckenschutz und Pflege f\u00fcr Haut und Fell! \u2713100% biologisch \u2713stark anti-parasitisch \u2713entz\u00fcngungshemmend","breadcrumb":{"@id":"https:\/\/www.fuerstenmahl.li\/produkte\/trockenshampoo#breadcrumb"},"inLanguage":"en-GB","potentialAction":[{"@type":"ReadAction","target":["https:\/\/www.fuerstenmahl.li\/produkte\/trockenshampoo"]}]},{"@type":"ImageObject","inLanguage":"en-GB","@id":"https:\/\/www.fuerstenmahl.li\/produkte\/trockenshampoo#primaryimage","url":"https:\/\/www.fuerstenmahl.li\/wp-content\/uploads\/2020\/07\/Web_Dose-single_Background_2.jpg","contentUrl":"https:\/\/www.fuerstenmahl.li\/wp-content\/uploads\/2020\/07\/Web_Dose-single_Background_2.jpg","width":1200,"height":1200,"caption":"Zeckenmittel f\u00fcr Hunde - F\u00fcrstenmahl"},{"@type":"BreadcrumbList","@id":"https:\/\/www.fuerstenmahl.li\/produkte\/trockenshampoo#breadcrumb","itemListElement":[{"@type":"ListItem","position":1,"name":"F\u00fcrstenmahl","item":"https:\/\/www.fuerstenmahl.li\/"},{"@type":"ListItem","position":2,"name":"Produkte","item":"https:\/\/www.fuerstenmahl.li\/produkte"},{"@type":"ListItem","position":3,"name":"Bio Zecken-Stopp 80g"}]},{"@type":"WebSite","@id":"https:\/\/www.fuerstenmahl.li\/#website","url":"https:\/\/www.fuerstenmahl.li\/","name":"F\u00fcrstenmahl","description":"","publisher":{"@id":"https:\/\/www.fuerstenmahl.li\/#organization"},"potentialAction":[{"@type":"SearchAction","target":{"@type":"EntryPoint","urlTemplate":"https:\/\/www.fuerstenmahl.li\/?s={search_term_string}"},"query-input":{"@type":"PropertyValueSpecification","valueRequired":true,"valueName":"search_term_string"}}],"inLanguage":"en-GB"},{"@type":"Organization","@id":"https:\/\/www.fuerstenmahl.li\/#organization","name":"F\u00fcrstenmahl Est.","url":"https:\/\/www.fuerstenmahl.li\/","logo":{"@type":"ImageObject","inLanguage":"en-GB","@id":"https:\/\/www.fuerstenmahl.li\/#\/schema\/logo\/image\/","url":"https:\/\/www.fuerstenmahl.li\/wp-content\/uploads\/2020\/03\/Fuerstenmahl-favicon-1.png","contentUrl":"https:\/\/www.fuerstenmahl.li\/wp-content\/uploads\/2020\/03\/Fuerstenmahl-favicon-1.png","width":1024,"height":1024,"caption":"F\u00fcrstenmahl Est."},"image":{"@id":"https:\/\/www.fuerstenmahl.li\/#\/schema\/logo\/image\/"}}]}},"_links":{"self":[{"href":"https:\/\/www.fuerstenmahl.li\/en\/wp-json\/wp\/v2\/product\/497","targetHints":{"allow":["GET"]}}],"collection":[{"href":"https:\/\/www.fuerstenmahl.li\/en\/wp-json\/wp\/v2\/product"}],"about":[{"href":"https:\/\/www.fuerstenmahl.li\/en\/wp-json\/wp\/v2\/types\/product"}],"wp:featuredmedia":[{"embeddable":true,"href":"https:\/\/www.fuerstenmahl.li\/en\/wp-json\/wp\/v2\/media\/1112"}],"wp:attachment":[{"href":"https:\/\/www.fuerstenmahl.li\/en\/wp-json\/wp\/v2\/media?parent=497"}],"wp:term":[{"taxonomy":"product_brand","embeddable":true,"href":"https:\/\/www.fuerstenmahl.li\/en\/wp-json\/wp\/v2\/product_brand?post=497"},{"taxonomy":"product_cat","embeddable":true,"href":"https:\/\/www.fuerstenmahl.li\/en\/wp-json\/wp\/v2\/product_cat?post=497"},{"taxonomy":"product_tag","embeddable":true,"href":"https:\/\/www.fuerstenmahl.li\/en\/wp-json\/wp\/v2\/product_tag?post=497"}],"curies":[{"name":"wp","href":"https:\/\/api.w.org\/{rel}","templated":true}]}}