{"id":4536,"date":"2026-05-04T23:29:39","date_gmt":"2026-05-04T23:29:39","guid":{"rendered":"https:\/\/www.fuerstenmahl.li\/?post_type=product&#038;p=4536"},"modified":"2026-05-06T11:19:52","modified_gmt":"2026-05-06T11:19:52","slug":"zecken-spray-450ml","status":"publish","type":"product","link":"https:\/\/www.fuerstenmahl.li\/en\/produkte\/zecken-spray-450ml","title":{"rendered":"Zecken-Spray 450ml"},"content":{"rendered":"<p>Diese eigens entwickelte Rezeptur aus dem Hause F\u00fcrstenmahl sch\u00fctzt Ihren Liebling auf nat\u00fcrliche Weise vor Parasiten wie Zecken und Fl\u00f6hen und pflegt gleichzeitig Haut und Fell. Die Kombination aus destilliertem Wasser, biologischen Kr\u00e4uterhydrolaten, pflegendem Jojoba\u00f6l und mikroverkapseltem Ethyllevulinat wurde gezielt darauf abgestimmt, einen langanhaltenden Schutzfilm auf Fell und Haut zu bilden und die parasitenabwehrenden Eigenschaften der pflanzlichen Wirkstoffe optimal zu entfalten. Glycerin und Allantoin unterst\u00fctzen zus\u00e4tzlich die Feuchtigkeitsbalance der Haut, k\u00f6nnen beruhigend wirken und helfen dabei, Fell und Haut auch bei regelm\u00e4ssiger Anwendung geschmeidig und gepflegt zu halten. Eigens erforscht und entwickelt. Made in Liechtenstein.<\/p>\n<div class=\"row\"><\/div>\n<p><a href=\"https:\/\/www.fuerstenmahl.li\/wp-content\/uploads\/2020\/03\/Medicinal-properties.png\"><img loading=\"lazy\" decoding=\"async\" class=\"wp-image-1184 alignleft\" src=\"https:\/\/www.fuerstenmahl.li\/wp-content\/uploads\/2020\/03\/Medicinal-properties-300x300.png\" alt=\"\" width=\"75\" height=\"75\" srcset=\"https:\/\/www.fuerstenmahl.li\/wp-content\/uploads\/2020\/03\/Medicinal-properties-300x300.png 300w, https:\/\/www.fuerstenmahl.li\/wp-content\/uploads\/2020\/03\/Medicinal-properties-1024x1024.png 1024w, https:\/\/www.fuerstenmahl.li\/wp-content\/uploads\/2020\/03\/Medicinal-properties-150x150.png 150w, https:\/\/www.fuerstenmahl.li\/wp-content\/uploads\/2020\/03\/Medicinal-properties-768x768.png 768w, https:\/\/www.fuerstenmahl.li\/wp-content\/uploads\/2020\/03\/Medicinal-properties-1536x1536.png 1536w, https:\/\/www.fuerstenmahl.li\/wp-content\/uploads\/2020\/03\/Medicinal-properties-2048x2048.png 2048w, https:\/\/www.fuerstenmahl.li\/wp-content\/uploads\/2020\/03\/Medicinal-properties-600x600.png 600w, https:\/\/www.fuerstenmahl.li\/wp-content\/uploads\/2020\/03\/Medicinal-properties-100x100.png 100w\" sizes=\"auto, (max-width: 75px) 100vw, 75px\" \/><\/a>Allergenfrei, antiparasitisch,<br \/>\nund entz\u00fcndungshemmend.<br \/>\nPflegt Haut &amp; Fell<\/p>\n<p><a href=\"https:\/\/www.fuerstenmahl.li\/wp-content\/uploads\/2020\/03\/Parasites2.png\"><img loading=\"lazy\" decoding=\"async\" class=\"wp-image-1186 alignleft\" src=\"https:\/\/www.fuerstenmahl.li\/wp-content\/uploads\/2020\/03\/Parasites2-300x300.png\" alt=\"\" width=\"75\" height=\"75\" srcset=\"https:\/\/www.fuerstenmahl.li\/wp-content\/uploads\/2020\/03\/Parasites2-300x300.png 300w, https:\/\/www.fuerstenmahl.li\/wp-content\/uploads\/2020\/03\/Parasites2-1024x1024.png 1024w, https:\/\/www.fuerstenmahl.li\/wp-content\/uploads\/2020\/03\/Parasites2-150x150.png 150w, https:\/\/www.fuerstenmahl.li\/wp-content\/uploads\/2020\/03\/Parasites2-768x768.png 768w, https:\/\/www.fuerstenmahl.li\/wp-content\/uploads\/2020\/03\/Parasites2-1536x1536.png 1536w, https:\/\/www.fuerstenmahl.li\/wp-content\/uploads\/2020\/03\/Parasites2-2048x2048.png 2048w, https:\/\/www.fuerstenmahl.li\/wp-content\/uploads\/2020\/03\/Parasites2-600x600.png 600w, https:\/\/www.fuerstenmahl.li\/wp-content\/uploads\/2020\/03\/Parasites2-100x100.png 100w\" sizes=\"auto, (max-width: 75px) 100vw, 75px\" \/><\/a>Langanhaltender Schutz<br \/>\ngegen Zecken, Milben und<br \/>\nFl\u00f6he<\/p>\n<p><a href=\"https:\/\/www.fuerstenmahl.li\/wp-content\/uploads\/2020\/03\/Sanduhr_2.png\"><img loading=\"lazy\" decoding=\"async\" class=\"wp-image-1187 alignleft\" src=\"https:\/\/www.fuerstenmahl.li\/wp-content\/uploads\/2020\/03\/Sanduhr_2-300x300.png\" alt=\"\" width=\"75\" height=\"75\" srcset=\"https:\/\/www.fuerstenmahl.li\/wp-content\/uploads\/2020\/03\/Sanduhr_2-300x300.png 300w, https:\/\/www.fuerstenmahl.li\/wp-content\/uploads\/2020\/03\/Sanduhr_2-150x150.png 150w, https:\/\/www.fuerstenmahl.li\/wp-content\/uploads\/2020\/03\/Sanduhr_2-768x768.png 768w, https:\/\/www.fuerstenmahl.li\/wp-content\/uploads\/2020\/03\/Sanduhr_2-600x600.png 600w, https:\/\/www.fuerstenmahl.li\/wp-content\/uploads\/2020\/03\/Sanduhr_2-100x100.png 100w, https:\/\/www.fuerstenmahl.li\/wp-content\/uploads\/2020\/03\/Sanduhr_2.png 851w\" sizes=\"auto, (max-width: 75px) 100vw, 75px\" \/><\/a><\/p>\n<p>Lange Anwendungsdauer aufgrund<br \/>\nlanganhaltendem Schutzfilm.<br \/>\nEinzigartige Formulierung<\/p>\n<p><a href=\"https:\/\/www.fuerstenmahl.li\/wp-content\/uploads\/2020\/03\/Cloud-raining.png\"><img loading=\"lazy\" decoding=\"async\" class=\"wp-image-1182 alignleft\" src=\"https:\/\/www.fuerstenmahl.li\/wp-content\/uploads\/2020\/03\/Cloud-raining-300x300.png\" alt=\"\" width=\"75\" height=\"75\" srcset=\"https:\/\/www.fuerstenmahl.li\/wp-content\/uploads\/2020\/03\/Cloud-raining-300x300.png 300w, https:\/\/www.fuerstenmahl.li\/wp-content\/uploads\/2020\/03\/Cloud-raining-1024x1024.png 1024w, https:\/\/www.fuerstenmahl.li\/wp-content\/uploads\/2020\/03\/Cloud-raining-150x150.png 150w, https:\/\/www.fuerstenmahl.li\/wp-content\/uploads\/2020\/03\/Cloud-raining-768x768.png 768w, https:\/\/www.fuerstenmahl.li\/wp-content\/uploads\/2020\/03\/Cloud-raining-1536x1536.png 1536w, https:\/\/www.fuerstenmahl.li\/wp-content\/uploads\/2020\/03\/Cloud-raining-2048x2048.png 2048w, https:\/\/www.fuerstenmahl.li\/wp-content\/uploads\/2020\/03\/Cloud-raining-600x600.png 600w, https:\/\/www.fuerstenmahl.li\/wp-content\/uploads\/2020\/03\/Cloud-raining-100x100.png 100w\" sizes=\"auto, (max-width: 75px) 100vw, 75px\" \/><\/a><\/p>\n<p>Durch die \u00f6lhaltigen Inhaltsstoffe<br \/>\nbleibt die Rezeptur auch bei Feuchtigkeit<br \/>\nzuverl\u00e4ssig im Fell haften<\/p>\n<h3><\/h3>\n<h3>Zusammensetzung<\/h3>\n<p>Destilliertes Wasser, Kr\u00e4uterhydrolat*, Glycerin, Jojoba\u00f6l*, Emulgator (Polawax), Cetylalkohol, mikroverkapseltes Ethyllevulinat (Ethyl Levulinate, Beta-Cyclodextrin), Allantoin.<\/p>\n<p>* aus biologischer Landwirtschaft.<\/p>\n<h3>Anwendung<\/h3>\n<p>Spr\u00fchen Sie die Fl\u00fcssigkeit aus ca. 30 cm Abstand gleichm\u00e4ssig auf den K\u00f6rper auf. Nicht direkt in die Augen spr\u00fchen.<\/p>\n<h3>Lagerung<\/h3>\n<p>Lagern Sie den Zecken-Spray k\u00fchl und trocken. Sch\u00fctzen Sie es vor direkter Sonneneinstrahlung und hohen Temperaturen.<\/p>","protected":false},"excerpt":{"rendered":"<ul>\n<li>gegen Zecken, Milben und Fl\u00f6he<\/li>\n<li>nat\u00fcrlich<\/li>\n<li>langanhaltende Wirkung<\/li>\n<\/ul>","protected":false},"featured_media":4546,"template":"","meta":[],"product_brand":[],"product_cat":[79,76],"product_tag":[],"class_list":{"0":"post-4536","1":"product","2":"type-product","3":"status-publish","4":"has-post-thumbnail","6":"product_cat-produkte","7":"product_cat-zeckenschutz","8":"pa_gewicht-450-ml","9":"sales-flash-overlay","10":"woocommerce-text-align-left","11":"woocommerce-image-align-left","12":"do-quantity-buttons","14":"first","15":"outofstock","16":"taxable","17":"shipping-taxable","18":"purchasable","19":"product-type-variable","20":"has-default-attributes"},"yoast_head":"<!-- This site is optimized with the Yoast SEO plugin v27.5 - https:\/\/yoast.com\/product\/yoast-seo-wordpress\/ -->\n<title>Zeckenschutz f\u00fcr Hunde | SPRAY | Nat\u00fcrlich | Parasitenschutz<\/title>\n<meta name=\"description\" content=\"Wirkungsvoller Zeckenschutz f\u00fcr Ihren Hund mit unserem hauseigenen Zecken-Spray! \u2713nat\u00fcrlich \u2713anti-parasitisch\" \/>\n<meta name=\"robots\" content=\"index, follow, max-snippet:-1, max-image-preview:large, max-video-preview:-1\" \/>\n<link rel=\"canonical\" href=\"https:\/\/www.fuerstenmahl.li\/en\/produkte\/zecken-spray-450ml\/\" \/>\n<meta property=\"og:locale\" content=\"en_GB\" \/>\n<meta property=\"og:type\" content=\"article\" \/>\n<meta property=\"og:title\" content=\"Zeckenschutz f\u00fcr Hunde | SPRAY | Nat\u00fcrlich | Parasitenschutz\" \/>\n<meta property=\"og:description\" content=\"Wirkungsvoller Zeckenschutz f\u00fcr Ihren Hund mit unserem hauseigenen Zecken-Spray! \u2713nat\u00fcrlich \u2713anti-parasitisch\" \/>\n<meta property=\"og:url\" content=\"https:\/\/www.fuerstenmahl.li\/en\/produkte\/zecken-spray-450ml\/\" \/>\n<meta property=\"og:site_name\" content=\"F\u00fcrstenmahl\" \/>\n<meta property=\"article:modified_time\" content=\"2026-05-06T11:19:52+00:00\" \/>\n<meta property=\"og:image\" content=\"https:\/\/www.fuerstenmahl.li\/wp-content\/uploads\/2026\/05\/Zecken-Spray.jpg\" \/>\n\t<meta property=\"og:image:width\" content=\"1086\" \/>\n\t<meta property=\"og:image:height\" content=\"1448\" \/>\n\t<meta property=\"og:image:type\" content=\"image\/jpeg\" \/>\n<meta name=\"twitter:card\" content=\"summary_large_image\" \/>\n<meta name=\"twitter:label1\" content=\"Estimated reading time\" \/>\n\t<meta name=\"twitter:data1\" content=\"2 minutes\" \/>\n<script type=\"application\/ld+json\" class=\"yoast-schema-graph\">{\"@context\":\"https:\\\/\\\/schema.org\",\"@graph\":[{\"@type\":\"WebPage\",\"@id\":\"https:\\\/\\\/www.fuerstenmahl.li\\\/produkte\\\/zecken-spray-450ml\",\"url\":\"https:\\\/\\\/www.fuerstenmahl.li\\\/produkte\\\/zecken-spray-450ml\",\"name\":\"Zeckenschutz f\u00fcr Hunde | SPRAY | Nat\u00fcrlich | Parasitenschutz\",\"isPartOf\":{\"@id\":\"https:\\\/\\\/www.fuerstenmahl.li\\\/#website\"},\"primaryImageOfPage\":{\"@id\":\"https:\\\/\\\/www.fuerstenmahl.li\\\/produkte\\\/zecken-spray-450ml#primaryimage\"},\"image\":{\"@id\":\"https:\\\/\\\/www.fuerstenmahl.li\\\/produkte\\\/zecken-spray-450ml#primaryimage\"},\"thumbnailUrl\":\"https:\\\/\\\/www.fuerstenmahl.li\\\/wp-content\\\/uploads\\\/2026\\\/05\\\/Zecken-Spray.jpg\",\"datePublished\":\"2026-05-04T23:29:39+00:00\",\"dateModified\":\"2026-05-06T11:19:52+00:00\",\"description\":\"Wirkungsvoller Zeckenschutz f\u00fcr Ihren Hund mit unserem hauseigenen Zecken-Spray! \u2713nat\u00fcrlich \u2713anti-parasitisch\",\"breadcrumb\":{\"@id\":\"https:\\\/\\\/www.fuerstenmahl.li\\\/produkte\\\/zecken-spray-450ml#breadcrumb\"},\"inLanguage\":\"en-GB\",\"potentialAction\":[{\"@type\":\"ReadAction\",\"target\":[\"https:\\\/\\\/www.fuerstenmahl.li\\\/produkte\\\/zecken-spray-450ml\"]}]},{\"@type\":\"ImageObject\",\"inLanguage\":\"en-GB\",\"@id\":\"https:\\\/\\\/www.fuerstenmahl.li\\\/produkte\\\/zecken-spray-450ml#primaryimage\",\"url\":\"https:\\\/\\\/www.fuerstenmahl.li\\\/wp-content\\\/uploads\\\/2026\\\/05\\\/Zecken-Spray.jpg\",\"contentUrl\":\"https:\\\/\\\/www.fuerstenmahl.li\\\/wp-content\\\/uploads\\\/2026\\\/05\\\/Zecken-Spray.jpg\",\"width\":1086,\"height\":1448,\"caption\":\"Zecken-Spray\"},{\"@type\":\"BreadcrumbList\",\"@id\":\"https:\\\/\\\/www.fuerstenmahl.li\\\/produkte\\\/zecken-spray-450ml#breadcrumb\",\"itemListElement\":[{\"@type\":\"ListItem\",\"position\":1,\"name\":\"F\u00fcrstenmahl\",\"item\":\"https:\\\/\\\/www.fuerstenmahl.li\\\/\"},{\"@type\":\"ListItem\",\"position\":2,\"name\":\"Produkte\",\"item\":\"https:\\\/\\\/www.fuerstenmahl.li\\\/produkte\"},{\"@type\":\"ListItem\",\"position\":3,\"name\":\"Zecken-Spray 450ml\"}]},{\"@type\":\"WebSite\",\"@id\":\"https:\\\/\\\/www.fuerstenmahl.li\\\/#website\",\"url\":\"https:\\\/\\\/www.fuerstenmahl.li\\\/\",\"name\":\"F\u00fcrstenmahl\",\"description\":\"\",\"publisher\":{\"@id\":\"https:\\\/\\\/www.fuerstenmahl.li\\\/#organization\"},\"potentialAction\":[{\"@type\":\"SearchAction\",\"target\":{\"@type\":\"EntryPoint\",\"urlTemplate\":\"https:\\\/\\\/www.fuerstenmahl.li\\\/?s={search_term_string}\"},\"query-input\":{\"@type\":\"PropertyValueSpecification\",\"valueRequired\":true,\"valueName\":\"search_term_string\"}}],\"inLanguage\":\"en-GB\"},{\"@type\":\"Organization\",\"@id\":\"https:\\\/\\\/www.fuerstenmahl.li\\\/#organization\",\"name\":\"F\u00fcrstenmahl Est.\",\"url\":\"https:\\\/\\\/www.fuerstenmahl.li\\\/\",\"logo\":{\"@type\":\"ImageObject\",\"inLanguage\":\"en-GB\",\"@id\":\"https:\\\/\\\/www.fuerstenmahl.li\\\/#\\\/schema\\\/logo\\\/image\\\/\",\"url\":\"https:\\\/\\\/www.fuerstenmahl.li\\\/wp-content\\\/uploads\\\/2020\\\/03\\\/Fuerstenmahl-favicon-1.png\",\"contentUrl\":\"https:\\\/\\\/www.fuerstenmahl.li\\\/wp-content\\\/uploads\\\/2020\\\/03\\\/Fuerstenmahl-favicon-1.png\",\"width\":1024,\"height\":1024,\"caption\":\"F\u00fcrstenmahl Est.\"},\"image\":{\"@id\":\"https:\\\/\\\/www.fuerstenmahl.li\\\/#\\\/schema\\\/logo\\\/image\\\/\"}}]}<\/script>\n<!-- \/ Yoast SEO plugin. -->","yoast_head_json":{"title":"Zeckenschutz f\u00fcr Hunde | SPRAY | Nat\u00fcrlich | Parasitenschutz","description":"Wirkungsvoller Zeckenschutz f\u00fcr Ihren Hund mit unserem hauseigenen Zecken-Spray! \u2713nat\u00fcrlich \u2713anti-parasitisch","robots":{"index":"index","follow":"follow","max-snippet":"max-snippet:-1","max-image-preview":"max-image-preview:large","max-video-preview":"max-video-preview:-1"},"canonical":"https:\/\/www.fuerstenmahl.li\/en\/produkte\/zecken-spray-450ml\/","og_locale":"en_GB","og_type":"article","og_title":"Zeckenschutz f\u00fcr Hunde | SPRAY | Nat\u00fcrlich | Parasitenschutz","og_description":"Wirkungsvoller Zeckenschutz f\u00fcr Ihren Hund mit unserem hauseigenen Zecken-Spray! \u2713nat\u00fcrlich \u2713anti-parasitisch","og_url":"https:\/\/www.fuerstenmahl.li\/en\/produkte\/zecken-spray-450ml\/","og_site_name":"F\u00fcrstenmahl","article_modified_time":"2026-05-06T11:19:52+00:00","og_image":[{"width":1086,"height":1448,"url":"https:\/\/www.fuerstenmahl.li\/wp-content\/uploads\/2026\/05\/Zecken-Spray.jpg","type":"image\/jpeg"}],"twitter_card":"summary_large_image","twitter_misc":{"Estimated reading time":"2 minutes"},"schema":{"@context":"https:\/\/schema.org","@graph":[{"@type":"WebPage","@id":"https:\/\/www.fuerstenmahl.li\/produkte\/zecken-spray-450ml","url":"https:\/\/www.fuerstenmahl.li\/produkte\/zecken-spray-450ml","name":"Zeckenschutz f\u00fcr Hunde | SPRAY | Nat\u00fcrlich | Parasitenschutz","isPartOf":{"@id":"https:\/\/www.fuerstenmahl.li\/#website"},"primaryImageOfPage":{"@id":"https:\/\/www.fuerstenmahl.li\/produkte\/zecken-spray-450ml#primaryimage"},"image":{"@id":"https:\/\/www.fuerstenmahl.li\/produkte\/zecken-spray-450ml#primaryimage"},"thumbnailUrl":"https:\/\/www.fuerstenmahl.li\/wp-content\/uploads\/2026\/05\/Zecken-Spray.jpg","datePublished":"2026-05-04T23:29:39+00:00","dateModified":"2026-05-06T11:19:52+00:00","description":"Wirkungsvoller Zeckenschutz f\u00fcr Ihren Hund mit unserem hauseigenen Zecken-Spray! \u2713nat\u00fcrlich \u2713anti-parasitisch","breadcrumb":{"@id":"https:\/\/www.fuerstenmahl.li\/produkte\/zecken-spray-450ml#breadcrumb"},"inLanguage":"en-GB","potentialAction":[{"@type":"ReadAction","target":["https:\/\/www.fuerstenmahl.li\/produkte\/zecken-spray-450ml"]}]},{"@type":"ImageObject","inLanguage":"en-GB","@id":"https:\/\/www.fuerstenmahl.li\/produkte\/zecken-spray-450ml#primaryimage","url":"https:\/\/www.fuerstenmahl.li\/wp-content\/uploads\/2026\/05\/Zecken-Spray.jpg","contentUrl":"https:\/\/www.fuerstenmahl.li\/wp-content\/uploads\/2026\/05\/Zecken-Spray.jpg","width":1086,"height":1448,"caption":"Zecken-Spray"},{"@type":"BreadcrumbList","@id":"https:\/\/www.fuerstenmahl.li\/produkte\/zecken-spray-450ml#breadcrumb","itemListElement":[{"@type":"ListItem","position":1,"name":"F\u00fcrstenmahl","item":"https:\/\/www.fuerstenmahl.li\/"},{"@type":"ListItem","position":2,"name":"Produkte","item":"https:\/\/www.fuerstenmahl.li\/produkte"},{"@type":"ListItem","position":3,"name":"Zecken-Spray 450ml"}]},{"@type":"WebSite","@id":"https:\/\/www.fuerstenmahl.li\/#website","url":"https:\/\/www.fuerstenmahl.li\/","name":"F\u00fcrstenmahl","description":"","publisher":{"@id":"https:\/\/www.fuerstenmahl.li\/#organization"},"potentialAction":[{"@type":"SearchAction","target":{"@type":"EntryPoint","urlTemplate":"https:\/\/www.fuerstenmahl.li\/?s={search_term_string}"},"query-input":{"@type":"PropertyValueSpecification","valueRequired":true,"valueName":"search_term_string"}}],"inLanguage":"en-GB"},{"@type":"Organization","@id":"https:\/\/www.fuerstenmahl.li\/#organization","name":"F\u00fcrstenmahl Est.","url":"https:\/\/www.fuerstenmahl.li\/","logo":{"@type":"ImageObject","inLanguage":"en-GB","@id":"https:\/\/www.fuerstenmahl.li\/#\/schema\/logo\/image\/","url":"https:\/\/www.fuerstenmahl.li\/wp-content\/uploads\/2020\/03\/Fuerstenmahl-favicon-1.png","contentUrl":"https:\/\/www.fuerstenmahl.li\/wp-content\/uploads\/2020\/03\/Fuerstenmahl-favicon-1.png","width":1024,"height":1024,"caption":"F\u00fcrstenmahl Est."},"image":{"@id":"https:\/\/www.fuerstenmahl.li\/#\/schema\/logo\/image\/"}}]}},"_links":{"self":[{"href":"https:\/\/www.fuerstenmahl.li\/en\/wp-json\/wp\/v2\/product\/4536","targetHints":{"allow":["GET"]}}],"collection":[{"href":"https:\/\/www.fuerstenmahl.li\/en\/wp-json\/wp\/v2\/product"}],"about":[{"href":"https:\/\/www.fuerstenmahl.li\/en\/wp-json\/wp\/v2\/types\/product"}],"wp:featuredmedia":[{"embeddable":true,"href":"https:\/\/www.fuerstenmahl.li\/en\/wp-json\/wp\/v2\/media\/4546"}],"wp:attachment":[{"href":"https:\/\/www.fuerstenmahl.li\/en\/wp-json\/wp\/v2\/media?parent=4536"}],"wp:term":[{"taxonomy":"product_brand","embeddable":true,"href":"https:\/\/www.fuerstenmahl.li\/en\/wp-json\/wp\/v2\/product_brand?post=4536"},{"taxonomy":"product_cat","embeddable":true,"href":"https:\/\/www.fuerstenmahl.li\/en\/wp-json\/wp\/v2\/product_cat?post=4536"},{"taxonomy":"product_tag","embeddable":true,"href":"https:\/\/www.fuerstenmahl.li\/en\/wp-json\/wp\/v2\/product_tag?post=4536"}],"curies":[{"name":"wp","href":"https:\/\/api.w.org\/{rel}","templated":true}]}}