{"id":3125,"date":"2022-11-20T12:40:01","date_gmt":"2022-11-20T12:40:01","guid":{"rendered":"https:\/\/www.fuerstenmahl.li\/?post_type=product&#038;p=3125"},"modified":"2025-06-16T06:09:17","modified_gmt":"2025-06-16T06:09:17","slug":"metabolic-veggies-gemuesemischung-mit-astaxanthin-400g","status":"publish","type":"product","link":"https:\/\/www.fuerstenmahl.li\/en\/produkte\/metabolic-veggies-gemuesemischung-mit-astaxanthin-400g","title":{"rendered":"Metabolic Veggies\u00ae &#8211; Gem\u00fcsemischung mit AXT 400g"},"content":{"rendered":"<p><iframe loading=\"lazy\" title=\"Long Life - Metabolic Food Futterzus\u00e4tze f\u00fcr Hunde\" width=\"1200\" height=\"675\" src=\"https:\/\/www.youtube.com\/embed\/q8tV0jL_q6g?feature=oembed&#038;enablejsapi=1&#038;origin=https:\/\/www.fuerstenmahl.li\" frameborder=\"0\" allow=\"accelerometer; autoplay; clipboard-write; encrypted-media; gyroscope; picture-in-picture; web-share\" referrerpolicy=\"strict-origin-when-cross-origin\" allowfullscreen><\/iframe><\/p>\n<p><strong>Unser Alltag ist von Stress bestimmt.<\/strong> Ob durch Verunreinigungen in der Luft, im Wasser oder im Essen, oder auch durch psychische und physische Belastungen, werden unsere Zellen st\u00e4ndig gefordert. Mit steigendem Alter werden wir immer ineffizienter im Abbau dieser Stressoren und der dabei entstehenden molekularen zellularen Abf\u00e4lle (z.B. oxidativen Stress). Diesen Prozess nennen wir ganz nat\u00fcrlich &#8222;\u00e4lter werden&#8220; und gilt nicht nur f\u00fcr den Menschen, sondern auch f\u00fcr den Hund! Auch unabh\u00e4ngig vom nat\u00fcrlichen Alterungsprozess, kann eine Anh\u00e4ufung von solchen Abf\u00e4llen zur Entstehung von Krankheiten f\u00fchren. Demzufolge konnten Wissenschaftler in sehr vielen Lifestylekrankheiten, wie Krebs, Arthrose, Autoimmunerkrankungen, oder sogar psychischen Leiden eine Anh\u00e4ufung solcher Abf\u00e4lle feststellen.<\/p>\n<p>Unsere <strong>Metabolic Veggies<\/strong> Gem\u00fcsemischung besteht aus 3 heimischen Superfoods, zusammengestellt in einem genau bestimmten Verh\u00e4ltnis. Brokkoli, Karotten und Rote Beete liefern nicht nur viele Ballaststoffe, die f\u00fcr eine gesunde Verdauung und ausgeglichenes Mikrobiom sorgen. Die enthaltenen wertvollen Carotinoide, Vitamine (A, C, K, uvm.), Nitrate und Mineralien (Eisen, Potassium, uvm.) unterst\u00fctzen zudem den Blutkreislauf und die Zellfunktion, zum Beispiel, durch deren anti-oxidative Wirkung. Der genauestens bestimmte Anteil an <strong>Astaxanthin<\/strong> soll diese anti-oxidative Wirkung unterst\u00fctzen. Astaxanthin ist ein nat\u00fcrliches Antioxidant, welches aufwendig aus der der Blutalge gewonnen wird. Dessen vielseitige Wirkung, zum Beispiel bei Allergien, Entz\u00fcndungen, etc. wurde bereits in sehr vielen wissenschaftlichen Studien belegt.<\/p>\n<p>Unsere Long-Life Metabolic Food Linie basiert auf einem wissenschaftlichen Ansatz und umfassender Forschung im Bereich des zellularen Metabolismus und den daraus entstehenden Stressfaktoren. Mit unseren Produkten m\u00f6chten wir einer abnormalen Ansammlung von Stressfaktoren entgegenwirken und die Zelle bei deren Funktion unterst\u00fctzen. Wir erhoffen uns mit unseren Long-Life Produkten, das Leben Ihres Vierbeiners nicht nur vitaler, sondern auch l\u00e4nger zu gestalten. Zudem sind wir \u00fcberzeugt davon, dass mit der Zugabe solcher antioxidativer Futterzus\u00e4tze einer Vielzahl an Lifestyle-Krankheiten pr\u00e4ventiv entgegengewirkt werden kann.<\/p>\n<h3>Zusammensetzung<\/h3>\n<p>50% Brokkoli* gemahlen, 30% Karotten* gemahlen, 19.8% Rote Beete* gemahlen, 0.2% Haematococcus pluvalis* (mit 2.5% Astaxanthin)<br \/>\n*Nahrungsmittelqualit\u00e4t<\/p>\n<div class=\"wp-block-group alignfull has-background\" style=\"background-color: #f5f5f5;\">\n<div class=\"wp-block-group__inner-container nw-block-inner-container\">\n<h3 class=\"has-text-align-center\">N\u00e4hrwerte\u00a0(6.6% Feuchtigkeit)<\/h3>\n<div class=\"wp-block-columns nw-block-clumns\" style=\"margin-left: auto; margin-right: auto; padding-top: 16px;\">\n<div class=\"wp-block-column\">\n<div class=\"wp-block-image\">\n<div class=\"nw-container\">\n<p><img decoding=\"async\" class=\"nw-image\" src=\"\/wp-content\/uploads\/2020\/03\/Protein@2x.png\" alt=\"Rohprotein\" \/><\/p>\n<div class=\"nw-overlay\">\n<div class=\"nw-text\">13.3 %<\/div>\n<\/div>\n<\/div>\n<\/div>\n<p class=\"has-text-align-center\">Rohprotein<\/p>\n<\/div>\n<div class=\"wp-block-column\">\n<div class=\"wp-block-image\">\n<div class=\"nw-container\">\n<p><img decoding=\"async\" class=\"nw-image\" src=\"\/wp-content\/uploads\/2020\/03\/Fett@2x.png\" alt=\"Rohett\" \/><\/p>\n<div class=\"nw-overlay\">\n<div class=\"nw-text\">1.7 %<\/div>\n<\/div>\n<\/div>\n<\/div>\n<p class=\"has-text-align-center\">Rohfett<\/p>\n<\/div>\n<div class=\"wp-block-column\">\n<div class=\"wp-block-image\">\n<div class=\"nw-container\">\n<p><img decoding=\"async\" class=\"nw-image\" src=\"\/wp-content\/uploads\/2020\/04\/rohasche@2x.png\" alt=\"Rohasche\" \/><\/p>\n<div class=\"nw-overlay\">\n<div class=\"nw-text\">10.5 %<\/div>\n<\/div>\n<\/div>\n<\/div>\n<p class=\"has-text-align-center\">Rohasche<\/p>\n<\/div>\n<div class=\"wp-block-column\">\n<div class=\"wp-block-image\">\n<div class=\"nw-container\">\n<p><img decoding=\"async\" class=\"nw-image\" src=\"\/wp-content\/uploads\/2020\/03\/Kohlenhydrat@2x.png\" alt=\"Rohfaser\" \/><\/p>\n<div class=\"nw-overlay\">\n<div class=\"nw-text\">14 %<\/div>\n<\/div>\n<\/div>\n<\/div>\n<p class=\"has-text-align-center\">Rohfaser<\/p>\n<\/div>\n<\/div>\n<\/div>\n<\/div>\n<h3>F\u00fctterungsempfehlung<\/h3>\n<p>Tier\u00e4rzlich <strong>empfohlene Futtermenge<\/strong> pro Tag (<strong>0.5 \u2013 1 g \/ kg K\u00f6rpergewicht<\/strong>):<\/p>\n<table style=\"height: 301px;\" width=\"765\">\n<tbody>\n<tr>\n<td width=\"113\"><strong>Gewicht<\/strong><\/td>\n<td width=\"155\"><strong>Futtermenge<\/strong><\/td>\n<\/tr>\n<tr>\n<td width=\"113\">&lt;5 kg<\/td>\n<td width=\"155\">min. 2.5 g<\/td>\n<\/tr>\n<tr>\n<td width=\"113\">&lt;10 kg<\/td>\n<td width=\"155\">min. 5\u00a0g<\/td>\n<\/tr>\n<tr>\n<td width=\"113\">&lt;15 kg<\/td>\n<td width=\"155\">min. 7.5\u00a0g<\/td>\n<\/tr>\n<tr>\n<td width=\"113\">&lt;20 kg<\/td>\n<td width=\"155\">min. 10 g<\/td>\n<\/tr>\n<tr>\n<td width=\"113\">&lt;30 kg<\/td>\n<td width=\"155\">min. 15 g<\/td>\n<\/tr>\n<tr>\n<td width=\"113\">&gt;30kg<\/td>\n<td width=\"155\">min. 20\u00a0g<\/td>\n<\/tr>\n<\/tbody>\n<\/table>\n<h3>Zubereitung<\/h3>\n<p>Als t\u00e4glichen Futterzusatz in das Futter mischen. Durch die feine K\u00f6rnung sollte das Pulver einem feuchten Medium (Nassfutter, BARF, Nahrungsmittel, etc.) zugemischt werden, um Staub zu vermeiden.<\/p>\n<h3>Lagerung<\/h3>\n<p>Gem\u00fcsepulver nach der F\u00fctterung gut verschliessen. Lagern Sie das Produkt trocken.<\/p>","protected":false},"excerpt":{"rendered":"<ul>\n<li>Futterzusatz mit Astaxanthin<\/li>\n<li>wissenschaftlich entwickelt<\/li>\n<li>100 % nat\u00fcrlich<\/li>\n<\/ul>","protected":false},"featured_media":3127,"template":"","meta":[],"product_brand":[],"product_cat":[116,79,42],"product_tag":[],"class_list":{"0":"post-3125","1":"product","2":"type-product","3":"status-publish","4":"has-post-thumbnail","6":"product_cat-prae-und-probiotika","7":"product_cat-produkte","8":"product_cat-zeckenschutzundvitalitaet","9":"sales-flash-overlay","10":"woocommerce-text-align-left","11":"woocommerce-image-align-left","12":"do-quantity-buttons","14":"first","15":"outofstock","16":"taxable","17":"shipping-taxable","18":"purchasable","19":"product-type-variable","20":"has-default-attributes"},"yoast_head":"<!-- This site is optimized with the Yoast SEO plugin v27.4 - https:\/\/yoast.com\/product\/yoast-seo-wordpress\/ -->\n<title>Futterzusatz | Gem\u00fcse | Antioxidant | Immunsystem | Superfood<\/title>\n<meta name=\"description\" content=\"Fein gemahlene Gem\u00fcsemischung mit 3 Superfoods und nat\u00fcrlichen Vitaminen und Antioxidantien. \u2713100% nat\u00fcrlich \u2713antioxidatitv \u2713Nahrungsmittelqualit\u00e4t\" \/>\n<meta name=\"robots\" content=\"index, follow, max-snippet:-1, max-image-preview:large, max-video-preview:-1\" \/>\n<link rel=\"canonical\" href=\"https:\/\/www.fuerstenmahl.li\/en\/produkte\/metabolic-veggies-gemuesemischung-mit-astaxanthin-400g\/\" \/>\n<meta property=\"og:locale\" content=\"en_GB\" \/>\n<meta property=\"og:type\" content=\"article\" \/>\n<meta property=\"og:title\" content=\"Futterzusatz | Gem\u00fcse | Antioxidant | Immunsystem | Superfood\" \/>\n<meta property=\"og:description\" content=\"Fein gemahlene Gem\u00fcsemischung mit 3 Superfoods und nat\u00fcrlichen Vitaminen und Antioxidantien. \u2713100% nat\u00fcrlich \u2713antioxidatitv \u2713Nahrungsmittelqualit\u00e4t\" \/>\n<meta property=\"og:url\" content=\"https:\/\/www.fuerstenmahl.li\/en\/produkte\/metabolic-veggies-gemuesemischung-mit-astaxanthin-400g\/\" \/>\n<meta property=\"og:site_name\" content=\"F\u00fcrstenmahl\" \/>\n<meta property=\"article:modified_time\" content=\"2025-06-16T06:09:17+00:00\" \/>\n<meta property=\"og:image\" content=\"https:\/\/www.fuerstenmahl.li\/wp-content\/uploads\/2022\/11\/Metabolic-Veggies_Bild4.jpg\" \/>\n\t<meta property=\"og:image:width\" content=\"1200\" \/>\n\t<meta property=\"og:image:height\" content=\"1200\" \/>\n\t<meta property=\"og:image:type\" content=\"image\/jpeg\" \/>\n<meta name=\"twitter:card\" content=\"summary_large_image\" \/>\n<meta name=\"twitter:label1\" content=\"Estimated reading time\" \/>\n\t<meta name=\"twitter:data1\" content=\"4 minutes\" \/>\n<script type=\"application\/ld+json\" class=\"yoast-schema-graph\">{\"@context\":\"https:\\\/\\\/schema.org\",\"@graph\":[{\"@type\":\"WebPage\",\"@id\":\"https:\\\/\\\/www.fuerstenmahl.li\\\/produkte\\\/metabolic-veggies-gemuesemischung-mit-astaxanthin-400g\",\"url\":\"https:\\\/\\\/www.fuerstenmahl.li\\\/produkte\\\/metabolic-veggies-gemuesemischung-mit-astaxanthin-400g\",\"name\":\"Futterzusatz | Gem\u00fcse | Antioxidant | Immunsystem | Superfood\",\"isPartOf\":{\"@id\":\"https:\\\/\\\/www.fuerstenmahl.li\\\/#website\"},\"primaryImageOfPage\":{\"@id\":\"https:\\\/\\\/www.fuerstenmahl.li\\\/produkte\\\/metabolic-veggies-gemuesemischung-mit-astaxanthin-400g#primaryimage\"},\"image\":{\"@id\":\"https:\\\/\\\/www.fuerstenmahl.li\\\/produkte\\\/metabolic-veggies-gemuesemischung-mit-astaxanthin-400g#primaryimage\"},\"thumbnailUrl\":\"https:\\\/\\\/www.fuerstenmahl.li\\\/wp-content\\\/uploads\\\/2022\\\/11\\\/Metabolic-Veggies_Bild4.jpg\",\"datePublished\":\"2022-11-20T12:40:01+00:00\",\"dateModified\":\"2025-06-16T06:09:17+00:00\",\"description\":\"Fein gemahlene Gem\u00fcsemischung mit 3 Superfoods und nat\u00fcrlichen Vitaminen und Antioxidantien. \u2713100% nat\u00fcrlich \u2713antioxidatitv \u2713Nahrungsmittelqualit\u00e4t\",\"breadcrumb\":{\"@id\":\"https:\\\/\\\/www.fuerstenmahl.li\\\/produkte\\\/metabolic-veggies-gemuesemischung-mit-astaxanthin-400g#breadcrumb\"},\"inLanguage\":\"en-GB\",\"potentialAction\":[{\"@type\":\"ReadAction\",\"target\":[\"https:\\\/\\\/www.fuerstenmahl.li\\\/produkte\\\/metabolic-veggies-gemuesemischung-mit-astaxanthin-400g\"]}]},{\"@type\":\"ImageObject\",\"inLanguage\":\"en-GB\",\"@id\":\"https:\\\/\\\/www.fuerstenmahl.li\\\/produkte\\\/metabolic-veggies-gemuesemischung-mit-astaxanthin-400g#primaryimage\",\"url\":\"https:\\\/\\\/www.fuerstenmahl.li\\\/wp-content\\\/uploads\\\/2022\\\/11\\\/Metabolic-Veggies_Bild4.jpg\",\"contentUrl\":\"https:\\\/\\\/www.fuerstenmahl.li\\\/wp-content\\\/uploads\\\/2022\\\/11\\\/Metabolic-Veggies_Bild4.jpg\",\"width\":1200,\"height\":1200},{\"@type\":\"BreadcrumbList\",\"@id\":\"https:\\\/\\\/www.fuerstenmahl.li\\\/produkte\\\/metabolic-veggies-gemuesemischung-mit-astaxanthin-400g#breadcrumb\",\"itemListElement\":[{\"@type\":\"ListItem\",\"position\":1,\"name\":\"F\u00fcrstenmahl\",\"item\":\"https:\\\/\\\/www.fuerstenmahl.li\\\/\"},{\"@type\":\"ListItem\",\"position\":2,\"name\":\"Produkte\",\"item\":\"https:\\\/\\\/www.fuerstenmahl.li\\\/produkte\"},{\"@type\":\"ListItem\",\"position\":3,\"name\":\"Metabolic Veggies\u00ae &#8211; Gem\u00fcsemischung mit AXT 400g\"}]},{\"@type\":\"WebSite\",\"@id\":\"https:\\\/\\\/www.fuerstenmahl.li\\\/#website\",\"url\":\"https:\\\/\\\/www.fuerstenmahl.li\\\/\",\"name\":\"F\u00fcrstenmahl\",\"description\":\"\",\"publisher\":{\"@id\":\"https:\\\/\\\/www.fuerstenmahl.li\\\/#organization\"},\"potentialAction\":[{\"@type\":\"SearchAction\",\"target\":{\"@type\":\"EntryPoint\",\"urlTemplate\":\"https:\\\/\\\/www.fuerstenmahl.li\\\/?s={search_term_string}\"},\"query-input\":{\"@type\":\"PropertyValueSpecification\",\"valueRequired\":true,\"valueName\":\"search_term_string\"}}],\"inLanguage\":\"en-GB\"},{\"@type\":\"Organization\",\"@id\":\"https:\\\/\\\/www.fuerstenmahl.li\\\/#organization\",\"name\":\"F\u00fcrstenmahl Est.\",\"url\":\"https:\\\/\\\/www.fuerstenmahl.li\\\/\",\"logo\":{\"@type\":\"ImageObject\",\"inLanguage\":\"en-GB\",\"@id\":\"https:\\\/\\\/www.fuerstenmahl.li\\\/#\\\/schema\\\/logo\\\/image\\\/\",\"url\":\"https:\\\/\\\/www.fuerstenmahl.li\\\/wp-content\\\/uploads\\\/2020\\\/03\\\/Fuerstenmahl-favicon-1.png\",\"contentUrl\":\"https:\\\/\\\/www.fuerstenmahl.li\\\/wp-content\\\/uploads\\\/2020\\\/03\\\/Fuerstenmahl-favicon-1.png\",\"width\":1024,\"height\":1024,\"caption\":\"F\u00fcrstenmahl Est.\"},\"image\":{\"@id\":\"https:\\\/\\\/www.fuerstenmahl.li\\\/#\\\/schema\\\/logo\\\/image\\\/\"}}]}<\/script>\n<!-- \/ Yoast SEO plugin. -->","yoast_head_json":{"title":"Futterzusatz | Gem\u00fcse | Antioxidant | Immunsystem | Superfood","description":"Fein gemahlene Gem\u00fcsemischung mit 3 Superfoods und nat\u00fcrlichen Vitaminen und Antioxidantien. \u2713100% nat\u00fcrlich \u2713antioxidatitv \u2713Nahrungsmittelqualit\u00e4t","robots":{"index":"index","follow":"follow","max-snippet":"max-snippet:-1","max-image-preview":"max-image-preview:large","max-video-preview":"max-video-preview:-1"},"canonical":"https:\/\/www.fuerstenmahl.li\/en\/produkte\/metabolic-veggies-gemuesemischung-mit-astaxanthin-400g\/","og_locale":"en_GB","og_type":"article","og_title":"Futterzusatz | Gem\u00fcse | Antioxidant | Immunsystem | Superfood","og_description":"Fein gemahlene Gem\u00fcsemischung mit 3 Superfoods und nat\u00fcrlichen Vitaminen und Antioxidantien. \u2713100% nat\u00fcrlich \u2713antioxidatitv \u2713Nahrungsmittelqualit\u00e4t","og_url":"https:\/\/www.fuerstenmahl.li\/en\/produkte\/metabolic-veggies-gemuesemischung-mit-astaxanthin-400g\/","og_site_name":"F\u00fcrstenmahl","article_modified_time":"2025-06-16T06:09:17+00:00","og_image":[{"width":1200,"height":1200,"url":"https:\/\/www.fuerstenmahl.li\/wp-content\/uploads\/2022\/11\/Metabolic-Veggies_Bild4.jpg","type":"image\/jpeg"}],"twitter_card":"summary_large_image","twitter_misc":{"Estimated reading time":"4 minutes"},"schema":{"@context":"https:\/\/schema.org","@graph":[{"@type":"WebPage","@id":"https:\/\/www.fuerstenmahl.li\/produkte\/metabolic-veggies-gemuesemischung-mit-astaxanthin-400g","url":"https:\/\/www.fuerstenmahl.li\/produkte\/metabolic-veggies-gemuesemischung-mit-astaxanthin-400g","name":"Futterzusatz | Gem\u00fcse | Antioxidant | Immunsystem | Superfood","isPartOf":{"@id":"https:\/\/www.fuerstenmahl.li\/#website"},"primaryImageOfPage":{"@id":"https:\/\/www.fuerstenmahl.li\/produkte\/metabolic-veggies-gemuesemischung-mit-astaxanthin-400g#primaryimage"},"image":{"@id":"https:\/\/www.fuerstenmahl.li\/produkte\/metabolic-veggies-gemuesemischung-mit-astaxanthin-400g#primaryimage"},"thumbnailUrl":"https:\/\/www.fuerstenmahl.li\/wp-content\/uploads\/2022\/11\/Metabolic-Veggies_Bild4.jpg","datePublished":"2022-11-20T12:40:01+00:00","dateModified":"2025-06-16T06:09:17+00:00","description":"Fein gemahlene Gem\u00fcsemischung mit 3 Superfoods und nat\u00fcrlichen Vitaminen und Antioxidantien. \u2713100% nat\u00fcrlich \u2713antioxidatitv \u2713Nahrungsmittelqualit\u00e4t","breadcrumb":{"@id":"https:\/\/www.fuerstenmahl.li\/produkte\/metabolic-veggies-gemuesemischung-mit-astaxanthin-400g#breadcrumb"},"inLanguage":"en-GB","potentialAction":[{"@type":"ReadAction","target":["https:\/\/www.fuerstenmahl.li\/produkte\/metabolic-veggies-gemuesemischung-mit-astaxanthin-400g"]}]},{"@type":"ImageObject","inLanguage":"en-GB","@id":"https:\/\/www.fuerstenmahl.li\/produkte\/metabolic-veggies-gemuesemischung-mit-astaxanthin-400g#primaryimage","url":"https:\/\/www.fuerstenmahl.li\/wp-content\/uploads\/2022\/11\/Metabolic-Veggies_Bild4.jpg","contentUrl":"https:\/\/www.fuerstenmahl.li\/wp-content\/uploads\/2022\/11\/Metabolic-Veggies_Bild4.jpg","width":1200,"height":1200},{"@type":"BreadcrumbList","@id":"https:\/\/www.fuerstenmahl.li\/produkte\/metabolic-veggies-gemuesemischung-mit-astaxanthin-400g#breadcrumb","itemListElement":[{"@type":"ListItem","position":1,"name":"F\u00fcrstenmahl","item":"https:\/\/www.fuerstenmahl.li\/"},{"@type":"ListItem","position":2,"name":"Produkte","item":"https:\/\/www.fuerstenmahl.li\/produkte"},{"@type":"ListItem","position":3,"name":"Metabolic Veggies\u00ae &#8211; Gem\u00fcsemischung mit AXT 400g"}]},{"@type":"WebSite","@id":"https:\/\/www.fuerstenmahl.li\/#website","url":"https:\/\/www.fuerstenmahl.li\/","name":"F\u00fcrstenmahl","description":"","publisher":{"@id":"https:\/\/www.fuerstenmahl.li\/#organization"},"potentialAction":[{"@type":"SearchAction","target":{"@type":"EntryPoint","urlTemplate":"https:\/\/www.fuerstenmahl.li\/?s={search_term_string}"},"query-input":{"@type":"PropertyValueSpecification","valueRequired":true,"valueName":"search_term_string"}}],"inLanguage":"en-GB"},{"@type":"Organization","@id":"https:\/\/www.fuerstenmahl.li\/#organization","name":"F\u00fcrstenmahl Est.","url":"https:\/\/www.fuerstenmahl.li\/","logo":{"@type":"ImageObject","inLanguage":"en-GB","@id":"https:\/\/www.fuerstenmahl.li\/#\/schema\/logo\/image\/","url":"https:\/\/www.fuerstenmahl.li\/wp-content\/uploads\/2020\/03\/Fuerstenmahl-favicon-1.png","contentUrl":"https:\/\/www.fuerstenmahl.li\/wp-content\/uploads\/2020\/03\/Fuerstenmahl-favicon-1.png","width":1024,"height":1024,"caption":"F\u00fcrstenmahl Est."},"image":{"@id":"https:\/\/www.fuerstenmahl.li\/#\/schema\/logo\/image\/"}}]}},"_links":{"self":[{"href":"https:\/\/www.fuerstenmahl.li\/en\/wp-json\/wp\/v2\/product\/3125","targetHints":{"allow":["GET"]}}],"collection":[{"href":"https:\/\/www.fuerstenmahl.li\/en\/wp-json\/wp\/v2\/product"}],"about":[{"href":"https:\/\/www.fuerstenmahl.li\/en\/wp-json\/wp\/v2\/types\/product"}],"wp:featuredmedia":[{"embeddable":true,"href":"https:\/\/www.fuerstenmahl.li\/en\/wp-json\/wp\/v2\/media\/3127"}],"wp:attachment":[{"href":"https:\/\/www.fuerstenmahl.li\/en\/wp-json\/wp\/v2\/media?parent=3125"}],"wp:term":[{"taxonomy":"product_brand","embeddable":true,"href":"https:\/\/www.fuerstenmahl.li\/en\/wp-json\/wp\/v2\/product_brand?post=3125"},{"taxonomy":"product_cat","embeddable":true,"href":"https:\/\/www.fuerstenmahl.li\/en\/wp-json\/wp\/v2\/product_cat?post=3125"},{"taxonomy":"product_tag","embeddable":true,"href":"https:\/\/www.fuerstenmahl.li\/en\/wp-json\/wp\/v2\/product_tag?post=3125"}],"curies":[{"name":"wp","href":"https:\/\/api.w.org\/{rel}","templated":true}]}}