{"id":2474,"date":"2021-12-07T20:32:55","date_gmt":"2021-12-07T20:32:55","guid":{"rendered":"https:\/\/www.fuerstenmahl.li\/?post_type=product&#038;p=2474"},"modified":"2024-11-25T13:00:30","modified_gmt":"2024-11-25T13:00:30","slug":"hunderasse-dna-test","status":"publish","type":"product","link":"https:\/\/www.fuerstenmahl.li\/en\/produkte\/hunderasse-dna-test","title":{"rendered":"Hunderasse DNA Test"},"content":{"rendered":"<p>Sie haben einen Mischling und m\u00f6chten ein f\u00fcr alle Mal Klarheit dar\u00fcber, von welchen Rassen Ihr Liebling abstammt? Alles, was Sie wissen m\u00fcssen, verraten uns die Gene Ihres Hundes. In unserem renommierten und akkreditierten Veterin\u00e4rlabor in wird die DNA Ihres Tieres bis ins Kleinste untersucht und aus \u00fcber <strong>360 verschiedenen Hunderassen<\/strong> seine Vorfahren <strong>prozentual genau<\/strong> bestimmt. Die Ergebnisse erhalten Sie in Form eines <strong>PDF Portfolios<\/strong>. Darin enthalten sind das Zertifikat, der Analysebericht sowie diverse detaillierte Informationen zu den enthaltenen Rassen. <strong>Neu<\/strong> erhalten Sie zur Rassenbestimmung einen <strong>MDR-1 Check<\/strong> geschenkt! Dieser testet das Vorhandensein eines Gendefekts, welcher mit einer \u00dcberempfindlichkeit gegen\u00fcber Arzneimitteln verbunden ist. Mit unserem DNA Test-Set halten Sie die Basis f\u00fcr eine artgerechte F\u00fcrsorge in Ihrer Hand. Dank kostbarer Informationen \u00fcber die Besonderheiten und Risiken der enthaltenen Rassen, kann die F\u00fcrsorge spezifisch und bestm\u00f6glich auf die Bed\u00fcrfnisse Ihres Hundes angepasst werden.<\/p>\n<p>Die Rassenliste f\u00fcr alle 363 getesteten Rassen finden Sie <a href=\"https:\/\/www.fuerstenmahl.li\/wp-content\/uploads\/2020\/03\/Rassenliste-1.pdf\">hier<\/a>.<\/p>\n<h3>Ablauf<\/h3>\n<p>Sie erhalten ein attraktiv verpacktes Test-Kit per Post. Entnehmen Sie Ihrem Hund einen einfachen Backenabstrich (Zellprobe), aktivieren Sie die Probe online und retournieren Sie diese\u00a0direkt an unser Partnerlabor in \u00d6sterreich zur sofortigen Analyse. Nach ca. <strong>4-5 Wochen<\/strong> erhalten Sie ein vollumf\u00e4ngliches Portfolio mit den Ergebnissen per E-Mail. Sie erhalten eine genaue Anleitung f\u00fcr alle Schritte &#8211; von der DNA Entnahme bis hin zum Versand!<\/p>","protected":false},"excerpt":{"rendered":"<ul>\n<li>f\u00fcr die artgerechte F\u00fcrsorge<\/li>\n<li>von akkreditiertem DNA Labor<\/li>\n<li>mit Abstammungsurkunde<\/li>\n<\/ul>","protected":false},"featured_media":579,"template":"","meta":[],"product_brand":[],"product_cat":[43,79,78],"product_tag":[],"class_list":{"0":"post-2474","1":"product","2":"type-product","3":"status-publish","4":"has-post-thumbnail","6":"product_cat-dna-tests","7":"product_cat-produkte","8":"product_cat-rassebestimmung","9":"sales-flash-overlay","10":"woocommerce-text-align-left","11":"woocommerce-image-align-left","12":"do-quantity-buttons","14":"first","15":"instock","16":"taxable","17":"shipping-taxable","18":"purchasable","19":"product-type-variable","20":"has-default-attributes"},"yoast_head":"<!-- This site is optimized with the Yoast SEO plugin v27.4 - https:\/\/yoast.com\/product\/yoast-seo-wordpress\/ -->\n<title>Rassenbestimmung f\u00fcr Hunde | DNA Test | Akkreditiertes Labor<\/title>\n<meta name=\"description\" content=\"Die Basis f\u00fcr eine artgerechten F\u00fcrsorge! Welche Rasse steckt in Ihrem Mischling? \u2713von anerkanntem DNA-Labor \u2713Datenbank mit \u00fcber 360 Rassen\" \/>\n<meta name=\"robots\" content=\"index, follow, max-snippet:-1, max-image-preview:large, max-video-preview:-1\" \/>\n<link rel=\"canonical\" href=\"https:\/\/www.fuerstenmahl.li\/en\/produkte\/hunderasse-dna-test\/\" \/>\n<meta property=\"og:locale\" content=\"en_GB\" \/>\n<meta property=\"og:type\" content=\"article\" \/>\n<meta property=\"og:title\" content=\"Rassenbestimmung f\u00fcr Hunde | DNA Test | Akkreditiertes Labor\" \/>\n<meta property=\"og:description\" content=\"Die Basis f\u00fcr eine artgerechten F\u00fcrsorge! Welche Rasse steckt in Ihrem Mischling? \u2713von anerkanntem DNA-Labor \u2713Datenbank mit \u00fcber 360 Rassen\" \/>\n<meta property=\"og:url\" content=\"https:\/\/www.fuerstenmahl.li\/en\/produkte\/hunderasse-dna-test\/\" \/>\n<meta property=\"og:site_name\" content=\"F\u00fcrstenmahl\" \/>\n<meta property=\"article:modified_time\" content=\"2024-11-25T13:00:30+00:00\" \/>\n<meta property=\"og:image\" content=\"https:\/\/www.fuerstenmahl.li\/wp-content\/uploads\/2020\/03\/fuerstenmahl-produkt-rassebestimmung@2x.jpg\" \/>\n\t<meta property=\"og:image:width\" content=\"1200\" \/>\n\t<meta property=\"og:image:height\" content=\"1199\" \/>\n\t<meta property=\"og:image:type\" content=\"image\/jpeg\" \/>\n<meta name=\"twitter:card\" content=\"summary_large_image\" \/>\n<meta name=\"twitter:label1\" content=\"Estimated reading time\" \/>\n\t<meta name=\"twitter:data1\" content=\"2 minutes\" \/>\n<script type=\"application\/ld+json\" class=\"yoast-schema-graph\">{\"@context\":\"https:\\\/\\\/schema.org\",\"@graph\":[{\"@type\":\"WebPage\",\"@id\":\"https:\\\/\\\/www.fuerstenmahl.li\\\/produkte\\\/hunderasse-dna-test\",\"url\":\"https:\\\/\\\/www.fuerstenmahl.li\\\/produkte\\\/hunderasse-dna-test\",\"name\":\"Rassenbestimmung f\u00fcr Hunde | DNA Test | Akkreditiertes Labor\",\"isPartOf\":{\"@id\":\"https:\\\/\\\/www.fuerstenmahl.li\\\/#website\"},\"primaryImageOfPage\":{\"@id\":\"https:\\\/\\\/www.fuerstenmahl.li\\\/produkte\\\/hunderasse-dna-test#primaryimage\"},\"image\":{\"@id\":\"https:\\\/\\\/www.fuerstenmahl.li\\\/produkte\\\/hunderasse-dna-test#primaryimage\"},\"thumbnailUrl\":\"https:\\\/\\\/www.fuerstenmahl.li\\\/wp-content\\\/uploads\\\/2020\\\/03\\\/fuerstenmahl-produkt-rassebestimmung@2x.jpg\",\"datePublished\":\"2021-12-07T20:32:55+00:00\",\"dateModified\":\"2024-11-25T13:00:30+00:00\",\"description\":\"Die Basis f\u00fcr eine artgerechten F\u00fcrsorge! Welche Rasse steckt in Ihrem Mischling? \u2713von anerkanntem DNA-Labor \u2713Datenbank mit \u00fcber 360 Rassen\",\"breadcrumb\":{\"@id\":\"https:\\\/\\\/www.fuerstenmahl.li\\\/produkte\\\/hunderasse-dna-test#breadcrumb\"},\"inLanguage\":\"en-GB\",\"potentialAction\":[{\"@type\":\"ReadAction\",\"target\":[\"https:\\\/\\\/www.fuerstenmahl.li\\\/produkte\\\/hunderasse-dna-test\"]}]},{\"@type\":\"ImageObject\",\"inLanguage\":\"en-GB\",\"@id\":\"https:\\\/\\\/www.fuerstenmahl.li\\\/produkte\\\/hunderasse-dna-test#primaryimage\",\"url\":\"https:\\\/\\\/www.fuerstenmahl.li\\\/wp-content\\\/uploads\\\/2020\\\/03\\\/fuerstenmahl-produkt-rassebestimmung@2x.jpg\",\"contentUrl\":\"https:\\\/\\\/www.fuerstenmahl.li\\\/wp-content\\\/uploads\\\/2020\\\/03\\\/fuerstenmahl-produkt-rassebestimmung@2x.jpg\",\"width\":1200,\"height\":1199,\"caption\":\"Rassenbestimmung f\u00fcr Hunde\"},{\"@type\":\"BreadcrumbList\",\"@id\":\"https:\\\/\\\/www.fuerstenmahl.li\\\/produkte\\\/hunderasse-dna-test#breadcrumb\",\"itemListElement\":[{\"@type\":\"ListItem\",\"position\":1,\"name\":\"F\u00fcrstenmahl\",\"item\":\"https:\\\/\\\/www.fuerstenmahl.li\\\/\"},{\"@type\":\"ListItem\",\"position\":2,\"name\":\"Produkte\",\"item\":\"https:\\\/\\\/www.fuerstenmahl.li\\\/produkte\"},{\"@type\":\"ListItem\",\"position\":3,\"name\":\"Hunderasse DNA Test\"}]},{\"@type\":\"WebSite\",\"@id\":\"https:\\\/\\\/www.fuerstenmahl.li\\\/#website\",\"url\":\"https:\\\/\\\/www.fuerstenmahl.li\\\/\",\"name\":\"F\u00fcrstenmahl\",\"description\":\"\",\"publisher\":{\"@id\":\"https:\\\/\\\/www.fuerstenmahl.li\\\/#organization\"},\"potentialAction\":[{\"@type\":\"SearchAction\",\"target\":{\"@type\":\"EntryPoint\",\"urlTemplate\":\"https:\\\/\\\/www.fuerstenmahl.li\\\/?s={search_term_string}\"},\"query-input\":{\"@type\":\"PropertyValueSpecification\",\"valueRequired\":true,\"valueName\":\"search_term_string\"}}],\"inLanguage\":\"en-GB\"},{\"@type\":\"Organization\",\"@id\":\"https:\\\/\\\/www.fuerstenmahl.li\\\/#organization\",\"name\":\"F\u00fcrstenmahl Est.\",\"url\":\"https:\\\/\\\/www.fuerstenmahl.li\\\/\",\"logo\":{\"@type\":\"ImageObject\",\"inLanguage\":\"en-GB\",\"@id\":\"https:\\\/\\\/www.fuerstenmahl.li\\\/#\\\/schema\\\/logo\\\/image\\\/\",\"url\":\"https:\\\/\\\/www.fuerstenmahl.li\\\/wp-content\\\/uploads\\\/2020\\\/03\\\/Fuerstenmahl-favicon-1.png\",\"contentUrl\":\"https:\\\/\\\/www.fuerstenmahl.li\\\/wp-content\\\/uploads\\\/2020\\\/03\\\/Fuerstenmahl-favicon-1.png\",\"width\":1024,\"height\":1024,\"caption\":\"F\u00fcrstenmahl Est.\"},\"image\":{\"@id\":\"https:\\\/\\\/www.fuerstenmahl.li\\\/#\\\/schema\\\/logo\\\/image\\\/\"}}]}<\/script>\n<!-- \/ Yoast SEO plugin. -->","yoast_head_json":{"title":"Rassenbestimmung f\u00fcr Hunde | DNA Test | Akkreditiertes Labor","description":"Die Basis f\u00fcr eine artgerechten F\u00fcrsorge! Welche Rasse steckt in Ihrem Mischling? \u2713von anerkanntem DNA-Labor \u2713Datenbank mit \u00fcber 360 Rassen","robots":{"index":"index","follow":"follow","max-snippet":"max-snippet:-1","max-image-preview":"max-image-preview:large","max-video-preview":"max-video-preview:-1"},"canonical":"https:\/\/www.fuerstenmahl.li\/en\/produkte\/hunderasse-dna-test\/","og_locale":"en_GB","og_type":"article","og_title":"Rassenbestimmung f\u00fcr Hunde | DNA Test | Akkreditiertes Labor","og_description":"Die Basis f\u00fcr eine artgerechten F\u00fcrsorge! Welche Rasse steckt in Ihrem Mischling? \u2713von anerkanntem DNA-Labor \u2713Datenbank mit \u00fcber 360 Rassen","og_url":"https:\/\/www.fuerstenmahl.li\/en\/produkte\/hunderasse-dna-test\/","og_site_name":"F\u00fcrstenmahl","article_modified_time":"2024-11-25T13:00:30+00:00","og_image":[{"width":1200,"height":1199,"url":"https:\/\/www.fuerstenmahl.li\/wp-content\/uploads\/2020\/03\/fuerstenmahl-produkt-rassebestimmung@2x.jpg","type":"image\/jpeg"}],"twitter_card":"summary_large_image","twitter_misc":{"Estimated reading time":"2 minutes"},"schema":{"@context":"https:\/\/schema.org","@graph":[{"@type":"WebPage","@id":"https:\/\/www.fuerstenmahl.li\/produkte\/hunderasse-dna-test","url":"https:\/\/www.fuerstenmahl.li\/produkte\/hunderasse-dna-test","name":"Rassenbestimmung f\u00fcr Hunde | DNA Test | Akkreditiertes Labor","isPartOf":{"@id":"https:\/\/www.fuerstenmahl.li\/#website"},"primaryImageOfPage":{"@id":"https:\/\/www.fuerstenmahl.li\/produkte\/hunderasse-dna-test#primaryimage"},"image":{"@id":"https:\/\/www.fuerstenmahl.li\/produkte\/hunderasse-dna-test#primaryimage"},"thumbnailUrl":"https:\/\/www.fuerstenmahl.li\/wp-content\/uploads\/2020\/03\/fuerstenmahl-produkt-rassebestimmung@2x.jpg","datePublished":"2021-12-07T20:32:55+00:00","dateModified":"2024-11-25T13:00:30+00:00","description":"Die Basis f\u00fcr eine artgerechten F\u00fcrsorge! Welche Rasse steckt in Ihrem Mischling? \u2713von anerkanntem DNA-Labor \u2713Datenbank mit \u00fcber 360 Rassen","breadcrumb":{"@id":"https:\/\/www.fuerstenmahl.li\/produkte\/hunderasse-dna-test#breadcrumb"},"inLanguage":"en-GB","potentialAction":[{"@type":"ReadAction","target":["https:\/\/www.fuerstenmahl.li\/produkte\/hunderasse-dna-test"]}]},{"@type":"ImageObject","inLanguage":"en-GB","@id":"https:\/\/www.fuerstenmahl.li\/produkte\/hunderasse-dna-test#primaryimage","url":"https:\/\/www.fuerstenmahl.li\/wp-content\/uploads\/2020\/03\/fuerstenmahl-produkt-rassebestimmung@2x.jpg","contentUrl":"https:\/\/www.fuerstenmahl.li\/wp-content\/uploads\/2020\/03\/fuerstenmahl-produkt-rassebestimmung@2x.jpg","width":1200,"height":1199,"caption":"Rassenbestimmung f\u00fcr Hunde"},{"@type":"BreadcrumbList","@id":"https:\/\/www.fuerstenmahl.li\/produkte\/hunderasse-dna-test#breadcrumb","itemListElement":[{"@type":"ListItem","position":1,"name":"F\u00fcrstenmahl","item":"https:\/\/www.fuerstenmahl.li\/"},{"@type":"ListItem","position":2,"name":"Produkte","item":"https:\/\/www.fuerstenmahl.li\/produkte"},{"@type":"ListItem","position":3,"name":"Hunderasse DNA Test"}]},{"@type":"WebSite","@id":"https:\/\/www.fuerstenmahl.li\/#website","url":"https:\/\/www.fuerstenmahl.li\/","name":"F\u00fcrstenmahl","description":"","publisher":{"@id":"https:\/\/www.fuerstenmahl.li\/#organization"},"potentialAction":[{"@type":"SearchAction","target":{"@type":"EntryPoint","urlTemplate":"https:\/\/www.fuerstenmahl.li\/?s={search_term_string}"},"query-input":{"@type":"PropertyValueSpecification","valueRequired":true,"valueName":"search_term_string"}}],"inLanguage":"en-GB"},{"@type":"Organization","@id":"https:\/\/www.fuerstenmahl.li\/#organization","name":"F\u00fcrstenmahl Est.","url":"https:\/\/www.fuerstenmahl.li\/","logo":{"@type":"ImageObject","inLanguage":"en-GB","@id":"https:\/\/www.fuerstenmahl.li\/#\/schema\/logo\/image\/","url":"https:\/\/www.fuerstenmahl.li\/wp-content\/uploads\/2020\/03\/Fuerstenmahl-favicon-1.png","contentUrl":"https:\/\/www.fuerstenmahl.li\/wp-content\/uploads\/2020\/03\/Fuerstenmahl-favicon-1.png","width":1024,"height":1024,"caption":"F\u00fcrstenmahl Est."},"image":{"@id":"https:\/\/www.fuerstenmahl.li\/#\/schema\/logo\/image\/"}}]}},"_links":{"self":[{"href":"https:\/\/www.fuerstenmahl.li\/en\/wp-json\/wp\/v2\/product\/2474","targetHints":{"allow":["GET"]}}],"collection":[{"href":"https:\/\/www.fuerstenmahl.li\/en\/wp-json\/wp\/v2\/product"}],"about":[{"href":"https:\/\/www.fuerstenmahl.li\/en\/wp-json\/wp\/v2\/types\/product"}],"wp:featuredmedia":[{"embeddable":true,"href":"https:\/\/www.fuerstenmahl.li\/en\/wp-json\/wp\/v2\/media\/579"}],"wp:attachment":[{"href":"https:\/\/www.fuerstenmahl.li\/en\/wp-json\/wp\/v2\/media?parent=2474"}],"wp:term":[{"taxonomy":"product_brand","embeddable":true,"href":"https:\/\/www.fuerstenmahl.li\/en\/wp-json\/wp\/v2\/product_brand?post=2474"},{"taxonomy":"product_cat","embeddable":true,"href":"https:\/\/www.fuerstenmahl.li\/en\/wp-json\/wp\/v2\/product_cat?post=2474"},{"taxonomy":"product_tag","embeddable":true,"href":"https:\/\/www.fuerstenmahl.li\/en\/wp-json\/wp\/v2\/product_tag?post=2474"}],"curies":[{"name":"wp","href":"https:\/\/api.w.org\/{rel}","templated":true}]}}