{"id":2284,"date":"2021-10-31T18:08:21","date_gmt":"2021-10-31T18:08:21","guid":{"rendered":"https:\/\/www.fuerstenmahl.li\/?post_type=product&#038;p=2284"},"modified":"2022-04-09T13:08:38","modified_gmt":"2022-04-09T13:08:38","slug":"bio-zecken-oel-15ml","status":"publish","type":"product","link":"https:\/\/www.fuerstenmahl.li\/en\/produkte\/bio-zecken-oel-15ml","title":{"rendered":"Bio Zecken-\u00d6l 15ml"},"content":{"rendered":"<p>Diese ausgekl\u00fcgelte Rezeptur aus dem Hause F\u00fcrstenmahl sch\u00fctzt Ihren Liebling nicht nur vor Parasiten (z.B. diverse Zeckenarten), sondern f\u00f6rdert durch seine entz\u00fcndungshemmenden Eigenschaften den allgemeinen Gesundheitszustands Ihres Lieblings. Die Verbindung von speziell auserlesenen antiparasitischen und antioxidativen \u00d6len und Kr\u00e4utern in genauestens bestimmten Verh\u00e4ltnissen soll die Aufnahme der aktiven pflanzlichen Stoffe in den Organismus f\u00f6rdern und so die Bioverf\u00fcgbarkeit erh\u00f6hen.\u00a0Das Zecken-\u00d6l wirkt ganz ohne chemische Zus\u00e4tze anti-septisch, anti-bakteriell, anti-fungal und anti-parasitisch. Durch seine antioxidativen Eigenschaften kann sich das \u00d6l ebenfalls kr\u00e4ftigend auf das Fell auswirken. F\u00fcr einen umfangreichen Parasitenschutz von innen und aussen empfehlen wir die kombinierte Anwendung mit unserem Zecken-Stopp (Pulver).\u00a0Eigens erforscht und entwickelt. Made in Liechtenstein.<\/p>\n<div class=\"row\"><\/div>\n<p style=\"text-align: left;\"><a href=\"https:\/\/www.fuerstenmahl.li\/wp-content\/uploads\/2020\/03\/Tree.png\"><img loading=\"lazy\" decoding=\"async\" class=\"wp-image-1188 alignleft\" src=\"https:\/\/www.fuerstenmahl.li\/wp-content\/uploads\/2020\/03\/Tree-300x300.png\" alt=\"\" width=\"75\" height=\"75\" srcset=\"https:\/\/www.fuerstenmahl.li\/wp-content\/uploads\/2020\/03\/Tree-300x300.png 300w, https:\/\/www.fuerstenmahl.li\/wp-content\/uploads\/2020\/03\/Tree-1024x1024.png 1024w, https:\/\/www.fuerstenmahl.li\/wp-content\/uploads\/2020\/03\/Tree-150x150.png 150w, https:\/\/www.fuerstenmahl.li\/wp-content\/uploads\/2020\/03\/Tree-768x768.png 768w, https:\/\/www.fuerstenmahl.li\/wp-content\/uploads\/2020\/03\/Tree-1536x1536.png 1536w, https:\/\/www.fuerstenmahl.li\/wp-content\/uploads\/2020\/03\/Tree-2048x2048.png 2048w, https:\/\/www.fuerstenmahl.li\/wp-content\/uploads\/2020\/03\/Tree-600x600.png 600w, https:\/\/www.fuerstenmahl.li\/wp-content\/uploads\/2020\/03\/Tree-100x100.png 100w\" sizes=\"auto, (max-width: 75px) 100vw, 75px\" \/><\/a>Aus nachwachsenden<br \/>\nRohstoffen\u00a0und biologischer<br \/>\nLandwirtschaft<\/p>\n<p><a href=\"https:\/\/www.fuerstenmahl.li\/wp-content\/uploads\/2020\/03\/Medicinal-properties.png\"><img loading=\"lazy\" decoding=\"async\" class=\"wp-image-1184 alignleft\" src=\"https:\/\/www.fuerstenmahl.li\/wp-content\/uploads\/2020\/03\/Medicinal-properties-300x300.png\" alt=\"\" width=\"75\" height=\"75\" srcset=\"https:\/\/www.fuerstenmahl.li\/wp-content\/uploads\/2020\/03\/Medicinal-properties-300x300.png 300w, https:\/\/www.fuerstenmahl.li\/wp-content\/uploads\/2020\/03\/Medicinal-properties-1024x1024.png 1024w, https:\/\/www.fuerstenmahl.li\/wp-content\/uploads\/2020\/03\/Medicinal-properties-150x150.png 150w, https:\/\/www.fuerstenmahl.li\/wp-content\/uploads\/2020\/03\/Medicinal-properties-768x768.png 768w, https:\/\/www.fuerstenmahl.li\/wp-content\/uploads\/2020\/03\/Medicinal-properties-1536x1536.png 1536w, https:\/\/www.fuerstenmahl.li\/wp-content\/uploads\/2020\/03\/Medicinal-properties-2048x2048.png 2048w, https:\/\/www.fuerstenmahl.li\/wp-content\/uploads\/2020\/03\/Medicinal-properties-600x600.png 600w, https:\/\/www.fuerstenmahl.li\/wp-content\/uploads\/2020\/03\/Medicinal-properties-100x100.png 100w\" sizes=\"auto, (max-width: 75px) 100vw, 75px\" \/><\/a>Antiparasitisch<br \/>\nund entz\u00fcndungshemmend.<br \/>\nEinzigartige Formulierung<\/p>\n<p><a href=\"https:\/\/www.fuerstenmahl.li\/wp-content\/uploads\/2020\/03\/Parasites2.png\"><img loading=\"lazy\" decoding=\"async\" class=\"wp-image-1186 alignleft\" src=\"https:\/\/www.fuerstenmahl.li\/wp-content\/uploads\/2020\/03\/Parasites2-300x300.png\" alt=\"\" width=\"75\" height=\"75\" srcset=\"https:\/\/www.fuerstenmahl.li\/wp-content\/uploads\/2020\/03\/Parasites2-300x300.png 300w, https:\/\/www.fuerstenmahl.li\/wp-content\/uploads\/2020\/03\/Parasites2-1024x1024.png 1024w, https:\/\/www.fuerstenmahl.li\/wp-content\/uploads\/2020\/03\/Parasites2-150x150.png 150w, https:\/\/www.fuerstenmahl.li\/wp-content\/uploads\/2020\/03\/Parasites2-768x768.png 768w, https:\/\/www.fuerstenmahl.li\/wp-content\/uploads\/2020\/03\/Parasites2-1536x1536.png 1536w, https:\/\/www.fuerstenmahl.li\/wp-content\/uploads\/2020\/03\/Parasites2-2048x2048.png 2048w, https:\/\/www.fuerstenmahl.li\/wp-content\/uploads\/2020\/03\/Parasites2-600x600.png 600w, https:\/\/www.fuerstenmahl.li\/wp-content\/uploads\/2020\/03\/Parasites2-100x100.png 100w\" sizes=\"auto, (max-width: 75px) 100vw, 75px\" \/><\/a>Langanhaltender Schutz<br \/>\ngegen Zecken, Milben und<br \/>\nFl\u00f6he.<\/p>\n<p><a href=\"https:\/\/www.fuerstenmahl.li\/wp-content\/uploads\/2020\/03\/Sanduhr_2.png\"><img loading=\"lazy\" decoding=\"async\" class=\"wp-image-1187 alignleft\" src=\"https:\/\/www.fuerstenmahl.li\/wp-content\/uploads\/2020\/03\/Sanduhr_2-300x300.png\" alt=\"\" width=\"75\" height=\"75\" srcset=\"https:\/\/www.fuerstenmahl.li\/wp-content\/uploads\/2020\/03\/Sanduhr_2-300x300.png 300w, https:\/\/www.fuerstenmahl.li\/wp-content\/uploads\/2020\/03\/Sanduhr_2-150x150.png 150w, https:\/\/www.fuerstenmahl.li\/wp-content\/uploads\/2020\/03\/Sanduhr_2-768x768.png 768w, https:\/\/www.fuerstenmahl.li\/wp-content\/uploads\/2020\/03\/Sanduhr_2-600x600.png 600w, https:\/\/www.fuerstenmahl.li\/wp-content\/uploads\/2020\/03\/Sanduhr_2-100x100.png 100w, https:\/\/www.fuerstenmahl.li\/wp-content\/uploads\/2020\/03\/Sanduhr_2.png 851w\" sizes=\"auto, (max-width: 75px) 100vw, 75px\" \/><\/a><\/p>\n<p>Extra lange Anwendungsdauer.<br \/>\n1 Tropfflasche reicht f\u00fcr einen mittel-<br \/>\ngrossen Hund 1 Zeckensaison<\/p>\n<p><a href=\"https:\/\/www.fuerstenmahl.li\/wp-content\/uploads\/2020\/03\/Cloud-raining.png\"><img loading=\"lazy\" decoding=\"async\" class=\"wp-image-1182 alignleft\" src=\"https:\/\/www.fuerstenmahl.li\/wp-content\/uploads\/2020\/03\/Cloud-raining-300x300.png\" alt=\"\" width=\"75\" height=\"75\" srcset=\"https:\/\/www.fuerstenmahl.li\/wp-content\/uploads\/2020\/03\/Cloud-raining-300x300.png 300w, https:\/\/www.fuerstenmahl.li\/wp-content\/uploads\/2020\/03\/Cloud-raining-1024x1024.png 1024w, https:\/\/www.fuerstenmahl.li\/wp-content\/uploads\/2020\/03\/Cloud-raining-150x150.png 150w, https:\/\/www.fuerstenmahl.li\/wp-content\/uploads\/2020\/03\/Cloud-raining-768x768.png 768w, https:\/\/www.fuerstenmahl.li\/wp-content\/uploads\/2020\/03\/Cloud-raining-1536x1536.png 1536w, https:\/\/www.fuerstenmahl.li\/wp-content\/uploads\/2020\/03\/Cloud-raining-2048x2048.png 2048w, https:\/\/www.fuerstenmahl.li\/wp-content\/uploads\/2020\/03\/Cloud-raining-600x600.png 600w, https:\/\/www.fuerstenmahl.li\/wp-content\/uploads\/2020\/03\/Cloud-raining-100x100.png 100w\" sizes=\"auto, (max-width: 75px) 100vw, 75px\" \/><\/a><\/p>\n<p>Durch die Aufnahme im<br \/>\nBlutkreislauf anhaltend<br \/>\nwitterungsresistent<\/p>\n<h3><\/h3>\n<h3>Zusammensetzung<\/h3>\n<p>Neem\u00f6l*, Kokosnuss\u00f6l*, Soja\u00f6l*, Sesam\u00f6l*, Schwarzk\u00fcmmel\u00f6l*, Propolis, Lavendel*, Rosmarin*, Alpha-Lipons\u00e4ure<br \/>\n* aus biologischer Landwirtschaft.<\/p>\n<h3>Anwendung<\/h3>\n<p>Massieren Sie das Zecken-\u00d6l gem\u00e4ss folgender Anleitung <span lang=\"DE-CH\">in beide Ohr-Innenseiten (Zapfen) <strong>oder<\/strong> beim Schwanzansatz und beim Nacken Ihres Hundes ein:<\/span><\/p>\n<p>Woche 1&amp;2: je 1 Tropfen t\u00e4glich<br \/>\nWoche 3-: je 1 Tropfen alle 2 Wochen<\/p>\n<h3>Lagerung<\/h3>\n<p>Lagern Sie das Zecken-\u00d6l k\u00fchl und trocken. Sch\u00fctzen Sie es vor direkter Sonneneinstrahlung und hohen Temperaturen.<\/p>","protected":false},"excerpt":{"rendered":"<ul>\n<li>gegen Zecken, Milben und Fl\u00f6he<\/li>\n<li>nat\u00fcrlich &amp; aus biologischem Anbau<\/li>\n<li>langanhaltende Wirkung<\/li>\n<\/ul>","protected":false},"featured_media":2287,"template":"","meta":[],"product_brand":[],"product_cat":[79,76],"product_tag":[],"class_list":{"0":"post-2284","1":"product","2":"type-product","3":"status-publish","4":"has-post-thumbnail","6":"product_cat-produkte","7":"product_cat-zeckenschutz","8":"pa_gewicht-15-ml","9":"sales-flash-overlay","10":"woocommerce-text-align-left","11":"woocommerce-image-align-left","12":"do-quantity-buttons","14":"first","15":"outofstock","16":"taxable","17":"shipping-taxable","18":"purchasable","19":"product-type-variable","20":"has-default-attributes"},"yoast_head":"<!-- This site is optimized with the Yoast SEO plugin v27.4 - https:\/\/yoast.com\/product\/yoast-seo-wordpress\/ -->\n<title>Zeckenschutz f\u00fcr Hunde | BIO \u00d6l | Nat\u00fcrlich | Parasitenschutz<\/title>\n<meta name=\"description\" content=\"Wirkungsvoller Zeckenschutz f\u00fcr Ihren Hund mit unserem hauseigenen Zecken-\u00d6l! \u2713nat\u00fcrlich \u2713anti-parasitisch \u2713entz\u00fcngungshemmend\" \/>\n<meta name=\"robots\" content=\"index, follow, max-snippet:-1, max-image-preview:large, max-video-preview:-1\" \/>\n<link rel=\"canonical\" href=\"https:\/\/www.fuerstenmahl.li\/en\/produkte\/bio-zecken-oel-15ml\/\" \/>\n<meta property=\"og:locale\" content=\"en_GB\" \/>\n<meta property=\"og:type\" content=\"article\" \/>\n<meta property=\"og:title\" content=\"Zeckenschutz f\u00fcr Hunde | BIO \u00d6l | Nat\u00fcrlich | Parasitenschutz\" \/>\n<meta property=\"og:description\" content=\"Wirkungsvoller Zeckenschutz f\u00fcr Ihren Hund mit unserem hauseigenen Zecken-\u00d6l! \u2713nat\u00fcrlich \u2713anti-parasitisch \u2713entz\u00fcngungshemmend\" \/>\n<meta property=\"og:url\" content=\"https:\/\/www.fuerstenmahl.li\/en\/produkte\/bio-zecken-oel-15ml\/\" \/>\n<meta property=\"og:site_name\" content=\"F\u00fcrstenmahl\" \/>\n<meta property=\"article:modified_time\" content=\"2022-04-09T13:08:38+00:00\" \/>\n<meta property=\"og:image\" content=\"https:\/\/www.fuerstenmahl.li\/wp-content\/uploads\/2021\/10\/Web_Dropper.jpg\" \/>\n\t<meta property=\"og:image:width\" content=\"1200\" \/>\n\t<meta property=\"og:image:height\" content=\"1200\" \/>\n\t<meta property=\"og:image:type\" content=\"image\/jpeg\" \/>\n<meta name=\"twitter:card\" content=\"summary_large_image\" \/>\n<meta name=\"twitter:label1\" content=\"Estimated reading time\" \/>\n\t<meta name=\"twitter:data1\" content=\"2 minutes\" \/>\n<script type=\"application\/ld+json\" class=\"yoast-schema-graph\">{\"@context\":\"https:\\\/\\\/schema.org\",\"@graph\":[{\"@type\":\"WebPage\",\"@id\":\"https:\\\/\\\/www.fuerstenmahl.li\\\/produkte\\\/bio-zecken-oel-15ml\",\"url\":\"https:\\\/\\\/www.fuerstenmahl.li\\\/produkte\\\/bio-zecken-oel-15ml\",\"name\":\"Zeckenschutz f\u00fcr Hunde | BIO \u00d6l | Nat\u00fcrlich | Parasitenschutz\",\"isPartOf\":{\"@id\":\"https:\\\/\\\/www.fuerstenmahl.li\\\/#website\"},\"primaryImageOfPage\":{\"@id\":\"https:\\\/\\\/www.fuerstenmahl.li\\\/produkte\\\/bio-zecken-oel-15ml#primaryimage\"},\"image\":{\"@id\":\"https:\\\/\\\/www.fuerstenmahl.li\\\/produkte\\\/bio-zecken-oel-15ml#primaryimage\"},\"thumbnailUrl\":\"https:\\\/\\\/www.fuerstenmahl.li\\\/wp-content\\\/uploads\\\/2021\\\/10\\\/Web_Dropper.jpg\",\"datePublished\":\"2021-10-31T18:08:21+00:00\",\"dateModified\":\"2022-04-09T13:08:38+00:00\",\"description\":\"Wirkungsvoller Zeckenschutz f\u00fcr Ihren Hund mit unserem hauseigenen Zecken-\u00d6l! \u2713nat\u00fcrlich \u2713anti-parasitisch \u2713entz\u00fcngungshemmend\",\"breadcrumb\":{\"@id\":\"https:\\\/\\\/www.fuerstenmahl.li\\\/produkte\\\/bio-zecken-oel-15ml#breadcrumb\"},\"inLanguage\":\"en-GB\",\"potentialAction\":[{\"@type\":\"ReadAction\",\"target\":[\"https:\\\/\\\/www.fuerstenmahl.li\\\/produkte\\\/bio-zecken-oel-15ml\"]}]},{\"@type\":\"ImageObject\",\"inLanguage\":\"en-GB\",\"@id\":\"https:\\\/\\\/www.fuerstenmahl.li\\\/produkte\\\/bio-zecken-oel-15ml#primaryimage\",\"url\":\"https:\\\/\\\/www.fuerstenmahl.li\\\/wp-content\\\/uploads\\\/2021\\\/10\\\/Web_Dropper.jpg\",\"contentUrl\":\"https:\\\/\\\/www.fuerstenmahl.li\\\/wp-content\\\/uploads\\\/2021\\\/10\\\/Web_Dropper.jpg\",\"width\":1200,\"height\":1200},{\"@type\":\"BreadcrumbList\",\"@id\":\"https:\\\/\\\/www.fuerstenmahl.li\\\/produkte\\\/bio-zecken-oel-15ml#breadcrumb\",\"itemListElement\":[{\"@type\":\"ListItem\",\"position\":1,\"name\":\"F\u00fcrstenmahl\",\"item\":\"https:\\\/\\\/www.fuerstenmahl.li\\\/\"},{\"@type\":\"ListItem\",\"position\":2,\"name\":\"Produkte\",\"item\":\"https:\\\/\\\/www.fuerstenmahl.li\\\/produkte\"},{\"@type\":\"ListItem\",\"position\":3,\"name\":\"Bio Zecken-\u00d6l 15ml\"}]},{\"@type\":\"WebSite\",\"@id\":\"https:\\\/\\\/www.fuerstenmahl.li\\\/#website\",\"url\":\"https:\\\/\\\/www.fuerstenmahl.li\\\/\",\"name\":\"F\u00fcrstenmahl\",\"description\":\"\",\"publisher\":{\"@id\":\"https:\\\/\\\/www.fuerstenmahl.li\\\/#organization\"},\"potentialAction\":[{\"@type\":\"SearchAction\",\"target\":{\"@type\":\"EntryPoint\",\"urlTemplate\":\"https:\\\/\\\/www.fuerstenmahl.li\\\/?s={search_term_string}\"},\"query-input\":{\"@type\":\"PropertyValueSpecification\",\"valueRequired\":true,\"valueName\":\"search_term_string\"}}],\"inLanguage\":\"en-GB\"},{\"@type\":\"Organization\",\"@id\":\"https:\\\/\\\/www.fuerstenmahl.li\\\/#organization\",\"name\":\"F\u00fcrstenmahl Est.\",\"url\":\"https:\\\/\\\/www.fuerstenmahl.li\\\/\",\"logo\":{\"@type\":\"ImageObject\",\"inLanguage\":\"en-GB\",\"@id\":\"https:\\\/\\\/www.fuerstenmahl.li\\\/#\\\/schema\\\/logo\\\/image\\\/\",\"url\":\"https:\\\/\\\/www.fuerstenmahl.li\\\/wp-content\\\/uploads\\\/2020\\\/03\\\/Fuerstenmahl-favicon-1.png\",\"contentUrl\":\"https:\\\/\\\/www.fuerstenmahl.li\\\/wp-content\\\/uploads\\\/2020\\\/03\\\/Fuerstenmahl-favicon-1.png\",\"width\":1024,\"height\":1024,\"caption\":\"F\u00fcrstenmahl Est.\"},\"image\":{\"@id\":\"https:\\\/\\\/www.fuerstenmahl.li\\\/#\\\/schema\\\/logo\\\/image\\\/\"}}]}<\/script>\n<!-- \/ Yoast SEO plugin. -->","yoast_head_json":{"title":"Zeckenschutz f\u00fcr Hunde | BIO \u00d6l | Nat\u00fcrlich | Parasitenschutz","description":"Wirkungsvoller Zeckenschutz f\u00fcr Ihren Hund mit unserem hauseigenen Zecken-\u00d6l! \u2713nat\u00fcrlich \u2713anti-parasitisch \u2713entz\u00fcngungshemmend","robots":{"index":"index","follow":"follow","max-snippet":"max-snippet:-1","max-image-preview":"max-image-preview:large","max-video-preview":"max-video-preview:-1"},"canonical":"https:\/\/www.fuerstenmahl.li\/en\/produkte\/bio-zecken-oel-15ml\/","og_locale":"en_GB","og_type":"article","og_title":"Zeckenschutz f\u00fcr Hunde | BIO \u00d6l | Nat\u00fcrlich | Parasitenschutz","og_description":"Wirkungsvoller Zeckenschutz f\u00fcr Ihren Hund mit unserem hauseigenen Zecken-\u00d6l! \u2713nat\u00fcrlich \u2713anti-parasitisch \u2713entz\u00fcngungshemmend","og_url":"https:\/\/www.fuerstenmahl.li\/en\/produkte\/bio-zecken-oel-15ml\/","og_site_name":"F\u00fcrstenmahl","article_modified_time":"2022-04-09T13:08:38+00:00","og_image":[{"width":1200,"height":1200,"url":"https:\/\/www.fuerstenmahl.li\/wp-content\/uploads\/2021\/10\/Web_Dropper.jpg","type":"image\/jpeg"}],"twitter_card":"summary_large_image","twitter_misc":{"Estimated reading time":"2 minutes"},"schema":{"@context":"https:\/\/schema.org","@graph":[{"@type":"WebPage","@id":"https:\/\/www.fuerstenmahl.li\/produkte\/bio-zecken-oel-15ml","url":"https:\/\/www.fuerstenmahl.li\/produkte\/bio-zecken-oel-15ml","name":"Zeckenschutz f\u00fcr Hunde | BIO \u00d6l | Nat\u00fcrlich | Parasitenschutz","isPartOf":{"@id":"https:\/\/www.fuerstenmahl.li\/#website"},"primaryImageOfPage":{"@id":"https:\/\/www.fuerstenmahl.li\/produkte\/bio-zecken-oel-15ml#primaryimage"},"image":{"@id":"https:\/\/www.fuerstenmahl.li\/produkte\/bio-zecken-oel-15ml#primaryimage"},"thumbnailUrl":"https:\/\/www.fuerstenmahl.li\/wp-content\/uploads\/2021\/10\/Web_Dropper.jpg","datePublished":"2021-10-31T18:08:21+00:00","dateModified":"2022-04-09T13:08:38+00:00","description":"Wirkungsvoller Zeckenschutz f\u00fcr Ihren Hund mit unserem hauseigenen Zecken-\u00d6l! \u2713nat\u00fcrlich \u2713anti-parasitisch \u2713entz\u00fcngungshemmend","breadcrumb":{"@id":"https:\/\/www.fuerstenmahl.li\/produkte\/bio-zecken-oel-15ml#breadcrumb"},"inLanguage":"en-GB","potentialAction":[{"@type":"ReadAction","target":["https:\/\/www.fuerstenmahl.li\/produkte\/bio-zecken-oel-15ml"]}]},{"@type":"ImageObject","inLanguage":"en-GB","@id":"https:\/\/www.fuerstenmahl.li\/produkte\/bio-zecken-oel-15ml#primaryimage","url":"https:\/\/www.fuerstenmahl.li\/wp-content\/uploads\/2021\/10\/Web_Dropper.jpg","contentUrl":"https:\/\/www.fuerstenmahl.li\/wp-content\/uploads\/2021\/10\/Web_Dropper.jpg","width":1200,"height":1200},{"@type":"BreadcrumbList","@id":"https:\/\/www.fuerstenmahl.li\/produkte\/bio-zecken-oel-15ml#breadcrumb","itemListElement":[{"@type":"ListItem","position":1,"name":"F\u00fcrstenmahl","item":"https:\/\/www.fuerstenmahl.li\/"},{"@type":"ListItem","position":2,"name":"Produkte","item":"https:\/\/www.fuerstenmahl.li\/produkte"},{"@type":"ListItem","position":3,"name":"Bio Zecken-\u00d6l 15ml"}]},{"@type":"WebSite","@id":"https:\/\/www.fuerstenmahl.li\/#website","url":"https:\/\/www.fuerstenmahl.li\/","name":"F\u00fcrstenmahl","description":"","publisher":{"@id":"https:\/\/www.fuerstenmahl.li\/#organization"},"potentialAction":[{"@type":"SearchAction","target":{"@type":"EntryPoint","urlTemplate":"https:\/\/www.fuerstenmahl.li\/?s={search_term_string}"},"query-input":{"@type":"PropertyValueSpecification","valueRequired":true,"valueName":"search_term_string"}}],"inLanguage":"en-GB"},{"@type":"Organization","@id":"https:\/\/www.fuerstenmahl.li\/#organization","name":"F\u00fcrstenmahl Est.","url":"https:\/\/www.fuerstenmahl.li\/","logo":{"@type":"ImageObject","inLanguage":"en-GB","@id":"https:\/\/www.fuerstenmahl.li\/#\/schema\/logo\/image\/","url":"https:\/\/www.fuerstenmahl.li\/wp-content\/uploads\/2020\/03\/Fuerstenmahl-favicon-1.png","contentUrl":"https:\/\/www.fuerstenmahl.li\/wp-content\/uploads\/2020\/03\/Fuerstenmahl-favicon-1.png","width":1024,"height":1024,"caption":"F\u00fcrstenmahl Est."},"image":{"@id":"https:\/\/www.fuerstenmahl.li\/#\/schema\/logo\/image\/"}}]}},"_links":{"self":[{"href":"https:\/\/www.fuerstenmahl.li\/en\/wp-json\/wp\/v2\/product\/2284","targetHints":{"allow":["GET"]}}],"collection":[{"href":"https:\/\/www.fuerstenmahl.li\/en\/wp-json\/wp\/v2\/product"}],"about":[{"href":"https:\/\/www.fuerstenmahl.li\/en\/wp-json\/wp\/v2\/types\/product"}],"wp:featuredmedia":[{"embeddable":true,"href":"https:\/\/www.fuerstenmahl.li\/en\/wp-json\/wp\/v2\/media\/2287"}],"wp:attachment":[{"href":"https:\/\/www.fuerstenmahl.li\/en\/wp-json\/wp\/v2\/media?parent=2284"}],"wp:term":[{"taxonomy":"product_brand","embeddable":true,"href":"https:\/\/www.fuerstenmahl.li\/en\/wp-json\/wp\/v2\/product_brand?post=2284"},{"taxonomy":"product_cat","embeddable":true,"href":"https:\/\/www.fuerstenmahl.li\/en\/wp-json\/wp\/v2\/product_cat?post=2284"},{"taxonomy":"product_tag","embeddable":true,"href":"https:\/\/www.fuerstenmahl.li\/en\/wp-json\/wp\/v2\/product_tag?post=2284"}],"curies":[{"name":"wp","href":"https:\/\/api.w.org\/{rel}","templated":true}]}}