{"id":1958,"date":"2021-07-23T08:02:16","date_gmt":"2021-07-23T08:02:16","guid":{"rendered":"https:\/\/www.fuerstenmahl.li\/?post_type=product&#038;p=1958"},"modified":"2022-03-23T16:59:29","modified_gmt":"2022-03-23T16:59:29","slug":"probiagut-natuerliches-probiotikum-100ml","status":"publish","type":"product","link":"https:\/\/www.fuerstenmahl.li\/en\/produkte\/probiagut-natuerliches-probiotikum-100ml","title":{"rendered":"ProbiaGut\u00ae &#8211; Nat\u00fcrliches Probiotikum 100ml"},"content":{"rendered":"<p>Unterst\u00fctzen Sie die Gesundheit Ihres Tieres mit unserem selbst entwickelten und hergestellten Probiotika. Unseres Wissens, ist dies das <strong>weltweit erste nat\u00fcrliche Probiotika<\/strong> f\u00fcr Tiere! Hergestellt aus sorgf\u00e4ltig auserlesenen und frischem Bio Ziegenmilch von Schweizer Alpenziegen aus bester, individuell kontrollierter, Haltung. Durch ein speziell entwickeltes und kontrolliertes Fermentationsverfahren wird das Wachstum einer Vielzahl unterschiedlicher kolonienbildender Bakterienkulturen gef\u00f6rdert.<\/p>\n<p>Eine gesunde Darmflora ist der Grundstein eines funktionierenden Organismus und kann dessen Gesundheit auf viele Wege regulieren und manipulieren. Ein solcher Weg ist \u00fcber das Immunsystem, welches \u00fcber diverse Verbindungen direkten Einfluss auf die Physis sowie die Psyche von Mensch und Tier nimmt. Anders als in vielen Breitband-Probiotikas, spiegeln sich unsere Kulturen in einem gesunden, nat\u00fcrlichen Verh\u00e4ltnis und einer enormen Vielfalt wieder.<\/p>\n<p>Das Product wurde labortechnisch in der Schweiz analysiert und auf Pathogene getestet.<\/p>\n<h3>Zusammensetzung<\/h3>\n<p>Nat\u00fcrliches und unbehandeltes Ziegenmilch-Ferment*.<br \/>\n* aus biologischer Landwirtschaft.<\/p>\n<h3>Verwendung<\/h3>\n<p>Dosierung: 1-2\/3-6 ml pro 10kg K\u00f6rpergewicht\u00a0\/ Tag (Dosierspritze im Lieferumfang enthalten)<\/p>\n<p>Beginnen Sie mit einer kleinen Menge und erh\u00f6hen Sie auf die empfohlene Dosierung von ca. 2&#215;3 ml pro 10kg K\u00f6rpergewicht pro Tag. Die Einnahme kann t\u00e4glich erfolgen. Die k\u00f6rnige Fl\u00fcssigkeit kann entweder \u00fcber das Futter gegeben werden oder direkt in den Mund. Hunde lieben f\u00fcr gew\u00f6hnlich den Geschmack.<\/p>\n<h3>Lagerung<\/h3>\n<p>Das ProbiaGut kommt in gefrorenem oder gek\u00fchltem Zustand. <strong>Im K\u00fchlschrank auftauen und lagern<\/strong>. Bei einer Temperatur von 5C ist das Produkt ca. 20 Tage haltbar.<\/p>","protected":false},"excerpt":{"rendered":"<ul>\n<li>f\u00fcr eine gesunde Darmflora<\/li>\n<li>nat\u00fcrliches Probiotika f\u00fcr Tiere<\/li>\n<li>100 % Natur made in Liechtenstein<\/li>\n<\/ul>","protected":false},"featured_media":1960,"template":"","meta":[],"product_brand":[],"product_cat":[116,79,42],"product_tag":[],"class_list":{"0":"post-1958","1":"product","2":"type-product","3":"status-publish","4":"has-post-thumbnail","6":"product_cat-prae-und-probiotika","7":"product_cat-produkte","8":"product_cat-zeckenschutzundvitalitaet","9":"sales-flash-overlay","10":"woocommerce-text-align-left","11":"woocommerce-image-align-left","12":"do-quantity-buttons","14":"first","15":"outofstock","16":"taxable","17":"shipping-taxable","18":"purchasable","19":"product-type-variable","20":"has-default-attributes"},"yoast_head":"<!-- This site is optimized with the Yoast SEO plugin v27.4 - https:\/\/yoast.com\/product\/yoast-seo-wordpress\/ -->\n<title>ProbiaGut | Pr\u00e4biotika | Probiotika | Nat\u00fcrlich | Einzigartig<\/title>\n<meta name=\"description\" content=\"ProbiaGut, das nat\u00fcrliche Probiotika f\u00fcr Hunde. Unterst\u00fctzt den Magendarmtrakt &amp; f\u00f6rdert die Verdauung. \u2713100% bio \u2713Tierwohl \u2713getestet\" \/>\n<meta name=\"robots\" content=\"index, follow, max-snippet:-1, max-image-preview:large, max-video-preview:-1\" \/>\n<link rel=\"canonical\" href=\"https:\/\/www.fuerstenmahl.li\/en\/produkte\/probiagut-natuerliches-probiotikum-100ml\/\" \/>\n<meta property=\"og:locale\" content=\"en_GB\" \/>\n<meta property=\"og:type\" content=\"article\" \/>\n<meta property=\"og:title\" content=\"ProbiaGut | Pr\u00e4biotika | Probiotika | Nat\u00fcrlich | Einzigartig\" \/>\n<meta property=\"og:description\" content=\"ProbiaGut, das nat\u00fcrliche Probiotika f\u00fcr Hunde. Unterst\u00fctzt den Magendarmtrakt &amp; f\u00f6rdert die Verdauung. \u2713100% bio \u2713Tierwohl \u2713getestet\" \/>\n<meta property=\"og:url\" content=\"https:\/\/www.fuerstenmahl.li\/en\/produkte\/probiagut-natuerliches-probiotikum-100ml\/\" \/>\n<meta property=\"og:site_name\" content=\"F\u00fcrstenmahl\" \/>\n<meta property=\"article:modified_time\" content=\"2022-03-23T16:59:29+00:00\" \/>\n<meta property=\"og:image\" content=\"https:\/\/www.fuerstenmahl.li\/wp-content\/uploads\/2021\/07\/ProbiaGut.jpg\" \/>\n\t<meta property=\"og:image:width\" content=\"600\" \/>\n\t<meta property=\"og:image:height\" content=\"604\" \/>\n\t<meta property=\"og:image:type\" content=\"image\/jpeg\" \/>\n<meta name=\"twitter:card\" content=\"summary_large_image\" \/>\n<meta name=\"twitter:label1\" content=\"Estimated reading time\" \/>\n\t<meta name=\"twitter:data1\" content=\"1 minute\" \/>\n<script type=\"application\/ld+json\" class=\"yoast-schema-graph\">{\"@context\":\"https:\\\/\\\/schema.org\",\"@graph\":[{\"@type\":\"WebPage\",\"@id\":\"https:\\\/\\\/www.fuerstenmahl.li\\\/produkte\\\/probiagut-natuerliches-probiotikum-100ml\",\"url\":\"https:\\\/\\\/www.fuerstenmahl.li\\\/produkte\\\/probiagut-natuerliches-probiotikum-100ml\",\"name\":\"ProbiaGut | Pr\u00e4biotika | Probiotika | Nat\u00fcrlich | Einzigartig\",\"isPartOf\":{\"@id\":\"https:\\\/\\\/www.fuerstenmahl.li\\\/#website\"},\"primaryImageOfPage\":{\"@id\":\"https:\\\/\\\/www.fuerstenmahl.li\\\/produkte\\\/probiagut-natuerliches-probiotikum-100ml#primaryimage\"},\"image\":{\"@id\":\"https:\\\/\\\/www.fuerstenmahl.li\\\/produkte\\\/probiagut-natuerliches-probiotikum-100ml#primaryimage\"},\"thumbnailUrl\":\"https:\\\/\\\/www.fuerstenmahl.li\\\/wp-content\\\/uploads\\\/2021\\\/07\\\/ProbiaGut.jpg\",\"datePublished\":\"2021-07-23T08:02:16+00:00\",\"dateModified\":\"2022-03-23T16:59:29+00:00\",\"description\":\"ProbiaGut, das nat\u00fcrliche Probiotika f\u00fcr Hunde. Unterst\u00fctzt den Magendarmtrakt & f\u00f6rdert die Verdauung. \u2713100% bio \u2713Tierwohl \u2713getestet\",\"breadcrumb\":{\"@id\":\"https:\\\/\\\/www.fuerstenmahl.li\\\/produkte\\\/probiagut-natuerliches-probiotikum-100ml#breadcrumb\"},\"inLanguage\":\"en-GB\",\"potentialAction\":[{\"@type\":\"ReadAction\",\"target\":[\"https:\\\/\\\/www.fuerstenmahl.li\\\/produkte\\\/probiagut-natuerliches-probiotikum-100ml\"]}]},{\"@type\":\"ImageObject\",\"inLanguage\":\"en-GB\",\"@id\":\"https:\\\/\\\/www.fuerstenmahl.li\\\/produkte\\\/probiagut-natuerliches-probiotikum-100ml#primaryimage\",\"url\":\"https:\\\/\\\/www.fuerstenmahl.li\\\/wp-content\\\/uploads\\\/2021\\\/07\\\/ProbiaGut.jpg\",\"contentUrl\":\"https:\\\/\\\/www.fuerstenmahl.li\\\/wp-content\\\/uploads\\\/2021\\\/07\\\/ProbiaGut.jpg\",\"width\":600,\"height\":604},{\"@type\":\"BreadcrumbList\",\"@id\":\"https:\\\/\\\/www.fuerstenmahl.li\\\/produkte\\\/probiagut-natuerliches-probiotikum-100ml#breadcrumb\",\"itemListElement\":[{\"@type\":\"ListItem\",\"position\":1,\"name\":\"F\u00fcrstenmahl\",\"item\":\"https:\\\/\\\/www.fuerstenmahl.li\\\/\"},{\"@type\":\"ListItem\",\"position\":2,\"name\":\"Produkte\",\"item\":\"https:\\\/\\\/www.fuerstenmahl.li\\\/produkte\"},{\"@type\":\"ListItem\",\"position\":3,\"name\":\"ProbiaGut\u00ae &#8211; Nat\u00fcrliches Probiotikum 100ml\"}]},{\"@type\":\"WebSite\",\"@id\":\"https:\\\/\\\/www.fuerstenmahl.li\\\/#website\",\"url\":\"https:\\\/\\\/www.fuerstenmahl.li\\\/\",\"name\":\"F\u00fcrstenmahl\",\"description\":\"\",\"publisher\":{\"@id\":\"https:\\\/\\\/www.fuerstenmahl.li\\\/#organization\"},\"potentialAction\":[{\"@type\":\"SearchAction\",\"target\":{\"@type\":\"EntryPoint\",\"urlTemplate\":\"https:\\\/\\\/www.fuerstenmahl.li\\\/?s={search_term_string}\"},\"query-input\":{\"@type\":\"PropertyValueSpecification\",\"valueRequired\":true,\"valueName\":\"search_term_string\"}}],\"inLanguage\":\"en-GB\"},{\"@type\":\"Organization\",\"@id\":\"https:\\\/\\\/www.fuerstenmahl.li\\\/#organization\",\"name\":\"F\u00fcrstenmahl Est.\",\"url\":\"https:\\\/\\\/www.fuerstenmahl.li\\\/\",\"logo\":{\"@type\":\"ImageObject\",\"inLanguage\":\"en-GB\",\"@id\":\"https:\\\/\\\/www.fuerstenmahl.li\\\/#\\\/schema\\\/logo\\\/image\\\/\",\"url\":\"https:\\\/\\\/www.fuerstenmahl.li\\\/wp-content\\\/uploads\\\/2020\\\/03\\\/Fuerstenmahl-favicon-1.png\",\"contentUrl\":\"https:\\\/\\\/www.fuerstenmahl.li\\\/wp-content\\\/uploads\\\/2020\\\/03\\\/Fuerstenmahl-favicon-1.png\",\"width\":1024,\"height\":1024,\"caption\":\"F\u00fcrstenmahl Est.\"},\"image\":{\"@id\":\"https:\\\/\\\/www.fuerstenmahl.li\\\/#\\\/schema\\\/logo\\\/image\\\/\"}}]}<\/script>\n<!-- \/ Yoast SEO plugin. -->","yoast_head_json":{"title":"ProbiaGut | Pr\u00e4biotika | Probiotika | Nat\u00fcrlich | Einzigartig","description":"ProbiaGut, das nat\u00fcrliche Probiotika f\u00fcr Hunde. Unterst\u00fctzt den Magendarmtrakt & f\u00f6rdert die Verdauung. \u2713100% bio \u2713Tierwohl \u2713getestet","robots":{"index":"index","follow":"follow","max-snippet":"max-snippet:-1","max-image-preview":"max-image-preview:large","max-video-preview":"max-video-preview:-1"},"canonical":"https:\/\/www.fuerstenmahl.li\/en\/produkte\/probiagut-natuerliches-probiotikum-100ml\/","og_locale":"en_GB","og_type":"article","og_title":"ProbiaGut | Pr\u00e4biotika | Probiotika | Nat\u00fcrlich | Einzigartig","og_description":"ProbiaGut, das nat\u00fcrliche Probiotika f\u00fcr Hunde. Unterst\u00fctzt den Magendarmtrakt & f\u00f6rdert die Verdauung. \u2713100% bio \u2713Tierwohl \u2713getestet","og_url":"https:\/\/www.fuerstenmahl.li\/en\/produkte\/probiagut-natuerliches-probiotikum-100ml\/","og_site_name":"F\u00fcrstenmahl","article_modified_time":"2022-03-23T16:59:29+00:00","og_image":[{"width":600,"height":604,"url":"https:\/\/www.fuerstenmahl.li\/wp-content\/uploads\/2021\/07\/ProbiaGut.jpg","type":"image\/jpeg"}],"twitter_card":"summary_large_image","twitter_misc":{"Estimated reading time":"1 minute"},"schema":{"@context":"https:\/\/schema.org","@graph":[{"@type":"WebPage","@id":"https:\/\/www.fuerstenmahl.li\/produkte\/probiagut-natuerliches-probiotikum-100ml","url":"https:\/\/www.fuerstenmahl.li\/produkte\/probiagut-natuerliches-probiotikum-100ml","name":"ProbiaGut | Pr\u00e4biotika | Probiotika | Nat\u00fcrlich | Einzigartig","isPartOf":{"@id":"https:\/\/www.fuerstenmahl.li\/#website"},"primaryImageOfPage":{"@id":"https:\/\/www.fuerstenmahl.li\/produkte\/probiagut-natuerliches-probiotikum-100ml#primaryimage"},"image":{"@id":"https:\/\/www.fuerstenmahl.li\/produkte\/probiagut-natuerliches-probiotikum-100ml#primaryimage"},"thumbnailUrl":"https:\/\/www.fuerstenmahl.li\/wp-content\/uploads\/2021\/07\/ProbiaGut.jpg","datePublished":"2021-07-23T08:02:16+00:00","dateModified":"2022-03-23T16:59:29+00:00","description":"ProbiaGut, das nat\u00fcrliche Probiotika f\u00fcr Hunde. Unterst\u00fctzt den Magendarmtrakt & f\u00f6rdert die Verdauung. \u2713100% bio \u2713Tierwohl \u2713getestet","breadcrumb":{"@id":"https:\/\/www.fuerstenmahl.li\/produkte\/probiagut-natuerliches-probiotikum-100ml#breadcrumb"},"inLanguage":"en-GB","potentialAction":[{"@type":"ReadAction","target":["https:\/\/www.fuerstenmahl.li\/produkte\/probiagut-natuerliches-probiotikum-100ml"]}]},{"@type":"ImageObject","inLanguage":"en-GB","@id":"https:\/\/www.fuerstenmahl.li\/produkte\/probiagut-natuerliches-probiotikum-100ml#primaryimage","url":"https:\/\/www.fuerstenmahl.li\/wp-content\/uploads\/2021\/07\/ProbiaGut.jpg","contentUrl":"https:\/\/www.fuerstenmahl.li\/wp-content\/uploads\/2021\/07\/ProbiaGut.jpg","width":600,"height":604},{"@type":"BreadcrumbList","@id":"https:\/\/www.fuerstenmahl.li\/produkte\/probiagut-natuerliches-probiotikum-100ml#breadcrumb","itemListElement":[{"@type":"ListItem","position":1,"name":"F\u00fcrstenmahl","item":"https:\/\/www.fuerstenmahl.li\/"},{"@type":"ListItem","position":2,"name":"Produkte","item":"https:\/\/www.fuerstenmahl.li\/produkte"},{"@type":"ListItem","position":3,"name":"ProbiaGut\u00ae &#8211; Nat\u00fcrliches Probiotikum 100ml"}]},{"@type":"WebSite","@id":"https:\/\/www.fuerstenmahl.li\/#website","url":"https:\/\/www.fuerstenmahl.li\/","name":"F\u00fcrstenmahl","description":"","publisher":{"@id":"https:\/\/www.fuerstenmahl.li\/#organization"},"potentialAction":[{"@type":"SearchAction","target":{"@type":"EntryPoint","urlTemplate":"https:\/\/www.fuerstenmahl.li\/?s={search_term_string}"},"query-input":{"@type":"PropertyValueSpecification","valueRequired":true,"valueName":"search_term_string"}}],"inLanguage":"en-GB"},{"@type":"Organization","@id":"https:\/\/www.fuerstenmahl.li\/#organization","name":"F\u00fcrstenmahl Est.","url":"https:\/\/www.fuerstenmahl.li\/","logo":{"@type":"ImageObject","inLanguage":"en-GB","@id":"https:\/\/www.fuerstenmahl.li\/#\/schema\/logo\/image\/","url":"https:\/\/www.fuerstenmahl.li\/wp-content\/uploads\/2020\/03\/Fuerstenmahl-favicon-1.png","contentUrl":"https:\/\/www.fuerstenmahl.li\/wp-content\/uploads\/2020\/03\/Fuerstenmahl-favicon-1.png","width":1024,"height":1024,"caption":"F\u00fcrstenmahl Est."},"image":{"@id":"https:\/\/www.fuerstenmahl.li\/#\/schema\/logo\/image\/"}}]}},"_links":{"self":[{"href":"https:\/\/www.fuerstenmahl.li\/en\/wp-json\/wp\/v2\/product\/1958","targetHints":{"allow":["GET"]}}],"collection":[{"href":"https:\/\/www.fuerstenmahl.li\/en\/wp-json\/wp\/v2\/product"}],"about":[{"href":"https:\/\/www.fuerstenmahl.li\/en\/wp-json\/wp\/v2\/types\/product"}],"wp:featuredmedia":[{"embeddable":true,"href":"https:\/\/www.fuerstenmahl.li\/en\/wp-json\/wp\/v2\/media\/1960"}],"wp:attachment":[{"href":"https:\/\/www.fuerstenmahl.li\/en\/wp-json\/wp\/v2\/media?parent=1958"}],"wp:term":[{"taxonomy":"product_brand","embeddable":true,"href":"https:\/\/www.fuerstenmahl.li\/en\/wp-json\/wp\/v2\/product_brand?post=1958"},{"taxonomy":"product_cat","embeddable":true,"href":"https:\/\/www.fuerstenmahl.li\/en\/wp-json\/wp\/v2\/product_cat?post=1958"},{"taxonomy":"product_tag","embeddable":true,"href":"https:\/\/www.fuerstenmahl.li\/en\/wp-json\/wp\/v2\/product_tag?post=1958"}],"curies":[{"name":"wp","href":"https:\/\/api.w.org\/{rel}","templated":true}]}}