{"id":1475,"date":"2020-12-26T13:24:26","date_gmt":"2020-12-26T13:24:26","guid":{"rendered":"https:\/\/www.fuerstenmahl.li\/?post_type=product&#038;p=1475"},"modified":"2022-09-30T15:38:41","modified_gmt":"2022-09-30T15:38:41","slug":"immuna-gut","status":"publish","type":"product","link":"https:\/\/www.fuerstenmahl.li\/en\/produkte\/immuna-gut","title":{"rendered":"ImmunaGut\u00ae &#8211; Pr\u00e4biotischer Immunoregulator 45g"},"content":{"rendered":"<p>Unterst\u00fctzen Sie die Gesundheit Ihres Tieres mit unserem selbst entwickelten und hergestellten Pr\u00e4biotika. Die genauestens bestimmten Inhaltsstoffe (BIO), liefern nicht nur wichtige N\u00e4hrstoffe zur Erhaltung und Vermehrung guter Bakterienkulturen im Magendarmtrakt (Probiotika), sondern aktivieren und erhalten auf verschiedene Wege das Immunsystem. Gem\u00e4ss diverser wissenschaftlicher Studien, werden den Inhaltsstoffen zudem antioxidative (entgiftende), antiparasitische (entwurmende) und antivirale (sch\u00fctzende) Wirkungsmechanismen nachgesagt. Eine gesunde Darmflora ist der Grundstein eines funktionierenden Immunsystems und nimmt direkten Einfluss auf die Physis sowie die Psyche von Mensch und Tier.<\/p>\n<h3>Zusammensetzung<\/h3>\n<p>Ulmenrinde*, Inulin (aus Agave)*, Diatomeenerde*, Neemblatt*.<br \/>\n* aus biologischer Landwirtschaft.<\/p>\n<h3>Verwendung<\/h3>\n<p>Dosierung: 1 TL pro 10kg K\u00f6rpergewicht\u00a0\/ Tag<\/p>\n<p>Beginnen Sie mit einer kleinen Menge und erh\u00f6hen Sie die Dosierung auf ca. 1 \u00a0Teel\u00f6ffel pro 10kg K\u00f6rpergewicht pro Tag. Die Einnahme erfolgt als eine 10-14 Tages Kur, wobei Ihr Hund t\u00e4glich morgens das <strong>Pulver<\/strong> in das Essen (<strong>eingeweicht<\/strong>) gemischt bekommt. Nach jeder Kur kann eine 2-4 w\u00f6chige Pause eingelegt werden.<\/p>\n<h3>Lagerung<\/h3>\n<p>Lagern Sie ImmunaGut trocken. Sch\u00fctzen Sie es vor direkter Sonneneinstrahlung und hohen Temperaturen.<\/p>","protected":false},"excerpt":{"rendered":"<ul>\n<li>f\u00fcr ein starkes Immunsystem!<\/li>\n<li>Pr\u00e4biotika &amp; Immunregulator f\u00fcr Tiere<\/li>\n<li>100 % BIO made in Liechtenstein<\/li>\n<\/ul>","protected":false},"featured_media":1484,"template":"","meta":[],"product_brand":[],"product_cat":[116,79,42],"product_tag":[],"class_list":{"0":"post-1475","1":"product","2":"type-product","3":"status-publish","4":"has-post-thumbnail","6":"product_cat-prae-und-probiotika","7":"product_cat-produkte","8":"product_cat-zeckenschutzundvitalitaet","9":"sales-flash-overlay","10":"woocommerce-text-align-left","11":"woocommerce-image-align-left","12":"do-quantity-buttons","14":"first","15":"outofstock","16":"taxable","17":"shipping-taxable","18":"purchasable","19":"product-type-variable","20":"has-default-attributes"},"yoast_head":"<!-- This site is optimized with the Yoast SEO plugin v27.4 - https:\/\/yoast.com\/product\/yoast-seo-wordpress\/ -->\n<title>ImmunaGut | Pr\u00e4biotika | Antioxidant | Immunsystem Support<\/title>\n<meta name=\"description\" content=\"ImmunaGut aktiviert das Immunsystem, unterst\u00fctzt den Magendarmtrakt und entgiftet den K\u00f6rper. \u2713100% BIO \u2713antioxidativ \u2713antiparasitisch\" \/>\n<meta name=\"robots\" content=\"index, follow, max-snippet:-1, max-image-preview:large, max-video-preview:-1\" \/>\n<link rel=\"canonical\" href=\"https:\/\/www.fuerstenmahl.li\/en\/produkte\/immuna-gut\/\" \/>\n<meta property=\"og:locale\" content=\"en_GB\" \/>\n<meta property=\"og:type\" content=\"article\" \/>\n<meta property=\"og:title\" content=\"ImmunaGut | Pr\u00e4biotika | Antioxidant | Immunsystem Support\" \/>\n<meta property=\"og:description\" content=\"ImmunaGut aktiviert das Immunsystem, unterst\u00fctzt den Magendarmtrakt und entgiftet den K\u00f6rper. \u2713100% BIO \u2713antioxidativ \u2713antiparasitisch\" \/>\n<meta property=\"og:url\" content=\"https:\/\/www.fuerstenmahl.li\/en\/produkte\/immuna-gut\/\" \/>\n<meta property=\"og:site_name\" content=\"F\u00fcrstenmahl\" \/>\n<meta property=\"article:modified_time\" content=\"2022-09-30T15:38:41+00:00\" \/>\n<meta property=\"og:image\" content=\"https:\/\/www.fuerstenmahl.li\/wp-content\/uploads\/2020\/12\/ImmunaGut-1.jpg\" \/>\n\t<meta property=\"og:image:width\" content=\"1500\" \/>\n\t<meta property=\"og:image:height\" content=\"1509\" \/>\n\t<meta property=\"og:image:type\" content=\"image\/jpeg\" \/>\n<meta name=\"twitter:card\" content=\"summary_large_image\" \/>\n<meta name=\"twitter:label1\" content=\"Estimated reading time\" \/>\n\t<meta name=\"twitter:data1\" content=\"1 minute\" \/>\n<script type=\"application\/ld+json\" class=\"yoast-schema-graph\">{\"@context\":\"https:\\\/\\\/schema.org\",\"@graph\":[{\"@type\":\"WebPage\",\"@id\":\"https:\\\/\\\/www.fuerstenmahl.li\\\/produkte\\\/immuna-gut\",\"url\":\"https:\\\/\\\/www.fuerstenmahl.li\\\/produkte\\\/immuna-gut\",\"name\":\"ImmunaGut | Pr\u00e4biotika | Antioxidant | Immunsystem Support\",\"isPartOf\":{\"@id\":\"https:\\\/\\\/www.fuerstenmahl.li\\\/#website\"},\"primaryImageOfPage\":{\"@id\":\"https:\\\/\\\/www.fuerstenmahl.li\\\/produkte\\\/immuna-gut#primaryimage\"},\"image\":{\"@id\":\"https:\\\/\\\/www.fuerstenmahl.li\\\/produkte\\\/immuna-gut#primaryimage\"},\"thumbnailUrl\":\"https:\\\/\\\/www.fuerstenmahl.li\\\/wp-content\\\/uploads\\\/2020\\\/12\\\/ImmunaGut-1.jpg\",\"datePublished\":\"2020-12-26T13:24:26+00:00\",\"dateModified\":\"2022-09-30T15:38:41+00:00\",\"description\":\"ImmunaGut aktiviert das Immunsystem, unterst\u00fctzt den Magendarmtrakt und entgiftet den K\u00f6rper. \u2713100% BIO \u2713antioxidativ \u2713antiparasitisch\",\"breadcrumb\":{\"@id\":\"https:\\\/\\\/www.fuerstenmahl.li\\\/produkte\\\/immuna-gut#breadcrumb\"},\"inLanguage\":\"en-GB\",\"potentialAction\":[{\"@type\":\"ReadAction\",\"target\":[\"https:\\\/\\\/www.fuerstenmahl.li\\\/produkte\\\/immuna-gut\"]}]},{\"@type\":\"ImageObject\",\"inLanguage\":\"en-GB\",\"@id\":\"https:\\\/\\\/www.fuerstenmahl.li\\\/produkte\\\/immuna-gut#primaryimage\",\"url\":\"https:\\\/\\\/www.fuerstenmahl.li\\\/wp-content\\\/uploads\\\/2020\\\/12\\\/ImmunaGut-1.jpg\",\"contentUrl\":\"https:\\\/\\\/www.fuerstenmahl.li\\\/wp-content\\\/uploads\\\/2020\\\/12\\\/ImmunaGut-1.jpg\",\"width\":1500,\"height\":1509},{\"@type\":\"BreadcrumbList\",\"@id\":\"https:\\\/\\\/www.fuerstenmahl.li\\\/produkte\\\/immuna-gut#breadcrumb\",\"itemListElement\":[{\"@type\":\"ListItem\",\"position\":1,\"name\":\"F\u00fcrstenmahl\",\"item\":\"https:\\\/\\\/www.fuerstenmahl.li\\\/\"},{\"@type\":\"ListItem\",\"position\":2,\"name\":\"Produkte\",\"item\":\"https:\\\/\\\/www.fuerstenmahl.li\\\/produkte\"},{\"@type\":\"ListItem\",\"position\":3,\"name\":\"ImmunaGut\u00ae &#8211; Pr\u00e4biotischer Immunoregulator 45g\"}]},{\"@type\":\"WebSite\",\"@id\":\"https:\\\/\\\/www.fuerstenmahl.li\\\/#website\",\"url\":\"https:\\\/\\\/www.fuerstenmahl.li\\\/\",\"name\":\"F\u00fcrstenmahl\",\"description\":\"\",\"publisher\":{\"@id\":\"https:\\\/\\\/www.fuerstenmahl.li\\\/#organization\"},\"potentialAction\":[{\"@type\":\"SearchAction\",\"target\":{\"@type\":\"EntryPoint\",\"urlTemplate\":\"https:\\\/\\\/www.fuerstenmahl.li\\\/?s={search_term_string}\"},\"query-input\":{\"@type\":\"PropertyValueSpecification\",\"valueRequired\":true,\"valueName\":\"search_term_string\"}}],\"inLanguage\":\"en-GB\"},{\"@type\":\"Organization\",\"@id\":\"https:\\\/\\\/www.fuerstenmahl.li\\\/#organization\",\"name\":\"F\u00fcrstenmahl Est.\",\"url\":\"https:\\\/\\\/www.fuerstenmahl.li\\\/\",\"logo\":{\"@type\":\"ImageObject\",\"inLanguage\":\"en-GB\",\"@id\":\"https:\\\/\\\/www.fuerstenmahl.li\\\/#\\\/schema\\\/logo\\\/image\\\/\",\"url\":\"https:\\\/\\\/www.fuerstenmahl.li\\\/wp-content\\\/uploads\\\/2020\\\/03\\\/Fuerstenmahl-favicon-1.png\",\"contentUrl\":\"https:\\\/\\\/www.fuerstenmahl.li\\\/wp-content\\\/uploads\\\/2020\\\/03\\\/Fuerstenmahl-favicon-1.png\",\"width\":1024,\"height\":1024,\"caption\":\"F\u00fcrstenmahl Est.\"},\"image\":{\"@id\":\"https:\\\/\\\/www.fuerstenmahl.li\\\/#\\\/schema\\\/logo\\\/image\\\/\"}}]}<\/script>\n<!-- \/ Yoast SEO plugin. -->","yoast_head_json":{"title":"ImmunaGut | Pr\u00e4biotika | Antioxidant | Immunsystem Support","description":"ImmunaGut aktiviert das Immunsystem, unterst\u00fctzt den Magendarmtrakt und entgiftet den K\u00f6rper. \u2713100% BIO \u2713antioxidativ \u2713antiparasitisch","robots":{"index":"index","follow":"follow","max-snippet":"max-snippet:-1","max-image-preview":"max-image-preview:large","max-video-preview":"max-video-preview:-1"},"canonical":"https:\/\/www.fuerstenmahl.li\/en\/produkte\/immuna-gut\/","og_locale":"en_GB","og_type":"article","og_title":"ImmunaGut | Pr\u00e4biotika | Antioxidant | Immunsystem Support","og_description":"ImmunaGut aktiviert das Immunsystem, unterst\u00fctzt den Magendarmtrakt und entgiftet den K\u00f6rper. \u2713100% BIO \u2713antioxidativ \u2713antiparasitisch","og_url":"https:\/\/www.fuerstenmahl.li\/en\/produkte\/immuna-gut\/","og_site_name":"F\u00fcrstenmahl","article_modified_time":"2022-09-30T15:38:41+00:00","og_image":[{"width":1500,"height":1509,"url":"https:\/\/www.fuerstenmahl.li\/wp-content\/uploads\/2020\/12\/ImmunaGut-1.jpg","type":"image\/jpeg"}],"twitter_card":"summary_large_image","twitter_misc":{"Estimated reading time":"1 minute"},"schema":{"@context":"https:\/\/schema.org","@graph":[{"@type":"WebPage","@id":"https:\/\/www.fuerstenmahl.li\/produkte\/immuna-gut","url":"https:\/\/www.fuerstenmahl.li\/produkte\/immuna-gut","name":"ImmunaGut | Pr\u00e4biotika | Antioxidant | Immunsystem Support","isPartOf":{"@id":"https:\/\/www.fuerstenmahl.li\/#website"},"primaryImageOfPage":{"@id":"https:\/\/www.fuerstenmahl.li\/produkte\/immuna-gut#primaryimage"},"image":{"@id":"https:\/\/www.fuerstenmahl.li\/produkte\/immuna-gut#primaryimage"},"thumbnailUrl":"https:\/\/www.fuerstenmahl.li\/wp-content\/uploads\/2020\/12\/ImmunaGut-1.jpg","datePublished":"2020-12-26T13:24:26+00:00","dateModified":"2022-09-30T15:38:41+00:00","description":"ImmunaGut aktiviert das Immunsystem, unterst\u00fctzt den Magendarmtrakt und entgiftet den K\u00f6rper. \u2713100% BIO \u2713antioxidativ \u2713antiparasitisch","breadcrumb":{"@id":"https:\/\/www.fuerstenmahl.li\/produkte\/immuna-gut#breadcrumb"},"inLanguage":"en-GB","potentialAction":[{"@type":"ReadAction","target":["https:\/\/www.fuerstenmahl.li\/produkte\/immuna-gut"]}]},{"@type":"ImageObject","inLanguage":"en-GB","@id":"https:\/\/www.fuerstenmahl.li\/produkte\/immuna-gut#primaryimage","url":"https:\/\/www.fuerstenmahl.li\/wp-content\/uploads\/2020\/12\/ImmunaGut-1.jpg","contentUrl":"https:\/\/www.fuerstenmahl.li\/wp-content\/uploads\/2020\/12\/ImmunaGut-1.jpg","width":1500,"height":1509},{"@type":"BreadcrumbList","@id":"https:\/\/www.fuerstenmahl.li\/produkte\/immuna-gut#breadcrumb","itemListElement":[{"@type":"ListItem","position":1,"name":"F\u00fcrstenmahl","item":"https:\/\/www.fuerstenmahl.li\/"},{"@type":"ListItem","position":2,"name":"Produkte","item":"https:\/\/www.fuerstenmahl.li\/produkte"},{"@type":"ListItem","position":3,"name":"ImmunaGut\u00ae &#8211; Pr\u00e4biotischer Immunoregulator 45g"}]},{"@type":"WebSite","@id":"https:\/\/www.fuerstenmahl.li\/#website","url":"https:\/\/www.fuerstenmahl.li\/","name":"F\u00fcrstenmahl","description":"","publisher":{"@id":"https:\/\/www.fuerstenmahl.li\/#organization"},"potentialAction":[{"@type":"SearchAction","target":{"@type":"EntryPoint","urlTemplate":"https:\/\/www.fuerstenmahl.li\/?s={search_term_string}"},"query-input":{"@type":"PropertyValueSpecification","valueRequired":true,"valueName":"search_term_string"}}],"inLanguage":"en-GB"},{"@type":"Organization","@id":"https:\/\/www.fuerstenmahl.li\/#organization","name":"F\u00fcrstenmahl Est.","url":"https:\/\/www.fuerstenmahl.li\/","logo":{"@type":"ImageObject","inLanguage":"en-GB","@id":"https:\/\/www.fuerstenmahl.li\/#\/schema\/logo\/image\/","url":"https:\/\/www.fuerstenmahl.li\/wp-content\/uploads\/2020\/03\/Fuerstenmahl-favicon-1.png","contentUrl":"https:\/\/www.fuerstenmahl.li\/wp-content\/uploads\/2020\/03\/Fuerstenmahl-favicon-1.png","width":1024,"height":1024,"caption":"F\u00fcrstenmahl Est."},"image":{"@id":"https:\/\/www.fuerstenmahl.li\/#\/schema\/logo\/image\/"}}]}},"_links":{"self":[{"href":"https:\/\/www.fuerstenmahl.li\/en\/wp-json\/wp\/v2\/product\/1475","targetHints":{"allow":["GET"]}}],"collection":[{"href":"https:\/\/www.fuerstenmahl.li\/en\/wp-json\/wp\/v2\/product"}],"about":[{"href":"https:\/\/www.fuerstenmahl.li\/en\/wp-json\/wp\/v2\/types\/product"}],"wp:featuredmedia":[{"embeddable":true,"href":"https:\/\/www.fuerstenmahl.li\/en\/wp-json\/wp\/v2\/media\/1484"}],"wp:attachment":[{"href":"https:\/\/www.fuerstenmahl.li\/en\/wp-json\/wp\/v2\/media?parent=1475"}],"wp:term":[{"taxonomy":"product_brand","embeddable":true,"href":"https:\/\/www.fuerstenmahl.li\/en\/wp-json\/wp\/v2\/product_brand?post=1475"},{"taxonomy":"product_cat","embeddable":true,"href":"https:\/\/www.fuerstenmahl.li\/en\/wp-json\/wp\/v2\/product_cat?post=1475"},{"taxonomy":"product_tag","embeddable":true,"href":"https:\/\/www.fuerstenmahl.li\/en\/wp-json\/wp\/v2\/product_tag?post=1475"}],"curies":[{"name":"wp","href":"https:\/\/api.w.org\/{rel}","templated":true}]}}