{"id":1301,"date":"2020-09-07T11:30:33","date_gmt":"2020-09-07T11:30:33","guid":{"rendered":"https:\/\/www.fuerstenmahl.li\/?post_type=product&#038;p=1301"},"modified":"2025-02-11T13:13:05","modified_gmt":"2025-02-11T13:13:05","slug":"menue-ziege-hypoallergen","status":"publish","type":"product","link":"https:\/\/www.fuerstenmahl.li\/en\/produkte\/menue-ziege-hypoallergen","title":{"rendered":"BARF Men\u00fc Ziege (hypoallergen) 500g"},"content":{"rendered":"<p><span style=\"color: #7d9a3d;\"><strong>Jetzt Neu: Frost-Versand!<\/strong><\/span><\/p>\n<p>Nur das Beste f\u00fcr unsere Tiere! Dies ist das Motto von Dinner for Wau. Das Frost-BARF Men\u00fc Ziege ist nicht nur besonders geeignet f\u00fcr sensible oder allergische Hunde, sondern eine besonders N\u00e4hrstoffreiche Alternative f\u00fcr jeden Feinschmecker. Besondere Zutaten wie die S\u00fc\u00dfkartoffel und das Mariendistel\u00f6l machen dieses Men\u00fc zu einem sehr gesunden Alleinfuttermittel f\u00fcr Hunde aller Rassen und Gr\u00f6\u00dfen. Das Fleisch besteht aus 100% Tierwohlqualit\u00e4t aus streng kontrollierten regionalen Tierwohl-Betrieben in \u00d6sterreich. Die Voraussetzung: eine stressfreie und artgerechte Haltung eines jeden Tiers von der Aufzucht bis nach der Schlachtung. Erh\u00e4ltlich in 1kg-Packungen mit einfach dosierbaren 100 g Patties oder als 500g Stangen.\u00a0100% frisch, vakuumverpackt und tiefgefroren.<\/p>\n<p><a href=\"https:\/\/www.fuerstenmahl.li\/wp-content\/uploads\/2020\/08\/Icons_DinnerforWau_Produkte-1.jpg\"><img loading=\"lazy\" decoding=\"async\" class=\"wp-image-1203 alignleft\" src=\"https:\/\/www.fuerstenmahl.li\/wp-content\/uploads\/2020\/08\/Icons_DinnerforWau_Produkte-1-300x60.jpg\" alt=\"\" width=\"600\" height=\"120\" srcset=\"https:\/\/www.fuerstenmahl.li\/wp-content\/uploads\/2020\/08\/Icons_DinnerforWau_Produkte-1-300x60.jpg 300w, https:\/\/www.fuerstenmahl.li\/wp-content\/uploads\/2020\/08\/Icons_DinnerforWau_Produkte-1-1024x205.jpg 1024w, https:\/\/www.fuerstenmahl.li\/wp-content\/uploads\/2020\/08\/Icons_DinnerforWau_Produkte-1-768x154.jpg 768w, https:\/\/www.fuerstenmahl.li\/wp-content\/uploads\/2020\/08\/Icons_DinnerforWau_Produkte-1-1536x307.jpg 1536w, https:\/\/www.fuerstenmahl.li\/wp-content\/uploads\/2020\/08\/Icons_DinnerforWau_Produkte-1-600x120.jpg 600w, https:\/\/www.fuerstenmahl.li\/wp-content\/uploads\/2020\/08\/Icons_DinnerforWau_Produkte-1.jpg 2000w\" sizes=\"auto, (max-width: 600px) 100vw, 600px\" \/><\/a><\/p>\n<p><a href=\"https:\/\/www.fuerstenmahl.li\/wp-content\/uploads\/2020\/08\/Dinner-for-Wau_Icons-hand-care_verantwortung-180x180-1.png\"><img loading=\"lazy\" decoding=\"async\" class=\"wp-image-1220 alignright\" src=\"https:\/\/www.fuerstenmahl.li\/wp-content\/uploads\/2020\/08\/Dinner-for-Wau_Icons-hand-care_verantwortung-180x180-1.png\" alt=\"\" width=\"85\" height=\"85\" srcset=\"https:\/\/www.fuerstenmahl.li\/wp-content\/uploads\/2020\/08\/Dinner-for-Wau_Icons-hand-care_verantwortung-180x180-1.png 180w, https:\/\/www.fuerstenmahl.li\/wp-content\/uploads\/2020\/08\/Dinner-for-Wau_Icons-hand-care_verantwortung-180x180-1-150x150.png 150w, https:\/\/www.fuerstenmahl.li\/wp-content\/uploads\/2020\/08\/Dinner-for-Wau_Icons-hand-care_verantwortung-180x180-1-100x100.png 100w\" sizes=\"auto, (max-width: 85px) 100vw, 85px\" \/><\/a><\/p>\n<p><a href=\"https:\/\/www.fuerstenmahl.li\/wp-content\/uploads\/2020\/08\/Dinner-for-Wau_Icons-hand-care_tierwohl-180x180-1.png\"><img loading=\"lazy\" decoding=\"async\" class=\"wp-image-1221 alignright\" src=\"https:\/\/www.fuerstenmahl.li\/wp-content\/uploads\/2020\/08\/Dinner-for-Wau_Icons-hand-care_tierwohl-180x180-1.png\" alt=\"\" width=\"85\" height=\"85\" srcset=\"https:\/\/www.fuerstenmahl.li\/wp-content\/uploads\/2020\/08\/Dinner-for-Wau_Icons-hand-care_tierwohl-180x180-1.png 180w, https:\/\/www.fuerstenmahl.li\/wp-content\/uploads\/2020\/08\/Dinner-for-Wau_Icons-hand-care_tierwohl-180x180-1-150x150.png 150w, https:\/\/www.fuerstenmahl.li\/wp-content\/uploads\/2020\/08\/Dinner-for-Wau_Icons-hand-care_tierwohl-180x180-1-100x100.png 100w\" sizes=\"auto, (max-width: 85px) 100vw, 85px\" \/><\/a><\/p>\n<p><a href=\"https:\/\/www.fuerstenmahl.li\/wp-content\/uploads\/2020\/08\/HUE_care-austria-180x180-1.png\"><img loading=\"lazy\" decoding=\"async\" class=\"wp-image-1219 alignright\" src=\"https:\/\/www.fuerstenmahl.li\/wp-content\/uploads\/2020\/08\/HUE_care-austria-180x180-1.png\" alt=\"\" width=\"85\" height=\"85\" srcset=\"https:\/\/www.fuerstenmahl.li\/wp-content\/uploads\/2020\/08\/HUE_care-austria-180x180-1.png 180w, https:\/\/www.fuerstenmahl.li\/wp-content\/uploads\/2020\/08\/HUE_care-austria-180x180-1-150x150.png 150w, https:\/\/www.fuerstenmahl.li\/wp-content\/uploads\/2020\/08\/HUE_care-austria-180x180-1-100x100.png 100w\" sizes=\"auto, (max-width: 85px) 100vw, 85px\" \/><\/a><\/p>\n<p>&nbsp;<\/p>\n<p>&nbsp;<\/p>\n<p>&nbsp;<\/p>\n<p>Die <strong>Garantie<\/strong>: Nachhaltig, stressfrei und artgerecht! Ein liebevoller Umgang mit der Ziege und ein h\u00f6chstwertiges Fleisch f\u00fcr Ihren Hund. Mehr Informationen zum Tierwohlkonzept finden Sie <strong><a href=\"https:\/\/www.dinnerforwau.pet\/warum-tierwohl\/\">Hier<\/a><\/strong>.<\/p>\n<h3>Versand<\/h3>\n<p>Erhalten Sie das Futter am n\u00e4chsten Tag! Versand in nachhaltigen (altpapiertauglichen oder kompostierbaren) Isolationsboxen.<br \/>\n<strong>Empfehlung f\u00fcr Frost-Versand: Min. 10 W\u00fcrste (Sorten nach Wahl)<\/strong><\/p>\n<p><iframe loading=\"lazy\" src=\"https:\/\/www.youtube.com\/embed\/buLIRU6R7Gk\" width=\"560\" height=\"315\" frameborder=\"0\" allowfullscreen=\"allowfullscreen\"><\/iframe><\/p>\n<h3>Zusammensetzung<\/h3>\n<p>68% Muskelfleisch von der Ziege, 13.3% Karotten blanchiert, 10.6% S\u00fc\u00dfkartoffel gegart, 3.5% Ziegenlunge, 1.6% Lein\u00f6l, 1.3% Ziegenherzen, Mineralstoffe, Ziegenleber, Mariendistel\u00f6l<\/p>\n<div class=\"wp-block-group alignfull has-background\" style=\"background-color: #f5f5f5;\">\n<div class=\"wp-block-group__inner-container nw-block-inner-container\">\n<h3 class=\"has-text-align-center\">N\u00e4hrwerte\u00a0(67% Feuchtigkeit)<\/h3>\n<div class=\"wp-block-columns nw-block-clumns\" style=\"margin-left: auto; margin-right: auto; padding-top: 16px;\">\n<div class=\"wp-block-column\">\n<div class=\"wp-block-image\">\n<div class=\"nw-container\">\n<p><img decoding=\"async\" class=\"nw-image\" src=\"\/wp-content\/uploads\/2020\/03\/Protein@2x.png\" alt=\"Rohprotein\" \/><\/p>\n<div class=\"nw-overlay\">\n<div class=\"nw-text\">15 %<\/div>\n<\/div>\n<\/div>\n<\/div>\n<p class=\"has-text-align-center\">Rohprotein<\/p>\n<\/div>\n<div class=\"wp-block-column\">\n<div class=\"wp-block-image\">\n<div class=\"nw-container\">\n<p><img decoding=\"async\" class=\"nw-image\" src=\"\/wp-content\/uploads\/2020\/03\/Fett@2x.png\" alt=\"Rohett\" \/><\/p>\n<div class=\"nw-overlay\">\n<div class=\"nw-text\">15 %<\/div>\n<\/div>\n<\/div>\n<\/div>\n<p class=\"has-text-align-center\">Rohfett<\/p>\n<\/div>\n<div class=\"wp-block-column\">\n<div class=\"wp-block-image\">\n<div class=\"nw-container\">\n<p><img decoding=\"async\" class=\"nw-image\" src=\"\/wp-content\/uploads\/2020\/04\/rohasche@2x.png\" alt=\"Rohasche\" \/><\/p>\n<div class=\"nw-overlay\">\n<div class=\"nw-text\">1.2 %<\/div>\n<\/div>\n<\/div>\n<\/div>\n<p class=\"has-text-align-center\">Rohasche<\/p>\n<\/div>\n<div class=\"wp-block-column\">\n<div class=\"wp-block-image\">\n<div class=\"nw-container\">\n<p><img decoding=\"async\" class=\"nw-image\" src=\"\/wp-content\/uploads\/2020\/03\/Kohlenhydrat@2x.png\" alt=\"Rohfaser\" \/><\/p>\n<div class=\"nw-overlay\">\n<div class=\"nw-text\">0.1 %<\/div>\n<\/div>\n<\/div>\n<\/div>\n<p class=\"has-text-align-center\">Rohfaser<\/p>\n<\/div>\n<\/div>\n<\/div>\n<\/div>\n<h3>F\u00fctterungsempfehlung<\/h3>\n<p>Tier\u00e4rzlich <strong>empfohlene Futtermenge<\/strong> pro Tag (abh\u00e4ngig von Rasse, Alter &amp; Aktivit\u00e4t):<\/p>\n<table style=\"height: 301px;\" width=\"765\">\n<tbody>\n<tr>\n<td width=\"113\"><strong>Gewicht<\/strong><\/td>\n<td width=\"155\"><strong>Futtermenge<\/strong><\/td>\n<\/tr>\n<tr>\n<td width=\"113\">5 kg<\/td>\n<td width=\"155\">200 \u2013 400 g<\/td>\n<\/tr>\n<tr>\n<td width=\"113\">10 kg<\/td>\n<td width=\"155\">400 \u2013 600 g<\/td>\n<\/tr>\n<tr>\n<td width=\"113\">20 kg<\/td>\n<td width=\"155\">500 \u2013 950 g<\/td>\n<\/tr>\n<tr>\n<td width=\"113\">30 kg<\/td>\n<td width=\"155\">850 \u2013 1150 g<\/td>\n<\/tr>\n<tr>\n<td width=\"113\">40 kg<\/td>\n<td width=\"155\">1100 \u2013 1400 g<\/td>\n<\/tr>\n<tr>\n<td width=\"113\">50+kg<\/td>\n<td width=\"155\">1300 \u2013 1700+ g<\/td>\n<\/tr>\n<\/tbody>\n<\/table>\n<p>Junghunde: ca. 4-8% vom K\u00f6rpergewicht; Erwachsene Hunde ca. 2.5-4% vom K\u00f6rpergewicht<\/p>\n<h3>Zubereitung<\/h3>\n<p>Futter im K\u00fchlschrank (oder unter laufendem kalten Wasser) auftauen lassen und in den Futternapf geben. Futter kann 24h im K\u00fchlschrank gelagert werden. Tipps zur Zubereitung finden Sie\u00a0<strong><a href=\"https:\/\/www.dinnerforwau.pet\/faq\/\">Hier<\/a><\/strong>.<\/p>\n<h3>Lagerung<\/h3>\n<p>Tiefgek\u00fchlt bei\u00a0-18 \u00b0C<\/p>","protected":false},"excerpt":{"rendered":"<ul>\n<li>100% Tierwohlqualit\u00e4t<\/li>\n<li>exzellente Verdaulichkeit<\/li>\n<li>tier\u00e4rztlich entwickelt<\/li>\n<\/ul>","protected":false},"featured_media":1206,"template":"","meta":[],"product_brand":[],"product_cat":[72,66,79,108],"product_tag":[97],"class_list":{"0":"post-1301","1":"product","2":"type-product","3":"status-publish","4":"has-post-thumbnail","6":"product_cat-frost-barf","7":"product_cat-hundefutter","8":"product_cat-produkte","9":"product_cat-tierwohl","10":"product_tag-ziege","11":"product_shipping_class-kuehlversand","12":"pa_art-des-futters-stange","13":"pa_art-des-futters-wurst","14":"pa_gewicht-500-g-stange","15":"sales-flash-overlay","16":"woocommerce-text-align-left","17":"woocommerce-image-align-left","18":"do-quantity-buttons","20":"first","21":"instock","22":"taxable","23":"shipping-taxable","24":"purchasable","25":"product-type-variable","26":"has-default-attributes"},"yoast_head":"<!-- This site is optimized with the Yoast SEO plugin v27.4 - https:\/\/yoast.com\/product\/yoast-seo-wordpress\/ -->\n<title>BARF Men\u00fc Ziege | Hypoallergen | Dinner for Wau | Tierwohl Hundefutter<\/title>\n<meta name=\"description\" content=\"Das Frost-BARF von Dinner for Wau aus 100% Tierwohlfleisch! Das nachhaltige Futter f\u00fcr gesunde Hunde. \u2713Ziege \u2713Hyoallergen \u2713tier\u00e4rztlich\" \/>\n<meta name=\"robots\" content=\"index, follow, max-snippet:-1, max-image-preview:large, max-video-preview:-1\" \/>\n<link rel=\"canonical\" href=\"https:\/\/www.fuerstenmahl.li\/en\/produkte\/menue-ziege-hypoallergen\/\" \/>\n<meta property=\"og:locale\" content=\"en_GB\" \/>\n<meta property=\"og:type\" content=\"article\" \/>\n<meta property=\"og:title\" content=\"BARF Men\u00fc Ziege | Hypoallergen | Dinner for Wau | Tierwohl Hundefutter\" \/>\n<meta property=\"og:description\" content=\"Das Frost-BARF von Dinner for Wau aus 100% Tierwohlfleisch! Das nachhaltige Futter f\u00fcr gesunde Hunde. \u2713Ziege \u2713Hyoallergen \u2713tier\u00e4rztlich\" \/>\n<meta property=\"og:url\" content=\"https:\/\/www.fuerstenmahl.li\/en\/produkte\/menue-ziege-hypoallergen\/\" \/>\n<meta property=\"og:site_name\" content=\"F\u00fcrstenmahl\" \/>\n<meta property=\"article:modified_time\" content=\"2025-02-11T13:13:05+00:00\" \/>\n<meta property=\"og:image\" content=\"https:\/\/www.fuerstenmahl.li\/wp-content\/uploads\/2020\/08\/Dinnerforwau_Ziege_500gStange.jpg\" \/>\n\t<meta property=\"og:image:width\" content=\"600\" \/>\n\t<meta property=\"og:image:height\" content=\"600\" \/>\n\t<meta property=\"og:image:type\" content=\"image\/jpeg\" \/>\n<meta name=\"twitter:card\" content=\"summary_large_image\" \/>\n<meta name=\"twitter:label1\" content=\"Estimated reading time\" \/>\n\t<meta name=\"twitter:data1\" content=\"4 minutes\" \/>\n<script type=\"application\/ld+json\" class=\"yoast-schema-graph\">{\"@context\":\"https:\\\/\\\/schema.org\",\"@graph\":[{\"@type\":\"WebPage\",\"@id\":\"https:\\\/\\\/www.fuerstenmahl.li\\\/produkte\\\/menue-ziege-hypoallergen\",\"url\":\"https:\\\/\\\/www.fuerstenmahl.li\\\/produkte\\\/menue-ziege-hypoallergen\",\"name\":\"BARF Men\u00fc Ziege | Hypoallergen | Dinner for Wau | Tierwohl Hundefutter\",\"isPartOf\":{\"@id\":\"https:\\\/\\\/www.fuerstenmahl.li\\\/#website\"},\"primaryImageOfPage\":{\"@id\":\"https:\\\/\\\/www.fuerstenmahl.li\\\/produkte\\\/menue-ziege-hypoallergen#primaryimage\"},\"image\":{\"@id\":\"https:\\\/\\\/www.fuerstenmahl.li\\\/produkte\\\/menue-ziege-hypoallergen#primaryimage\"},\"thumbnailUrl\":\"https:\\\/\\\/www.fuerstenmahl.li\\\/wp-content\\\/uploads\\\/2020\\\/08\\\/Dinnerforwau_Ziege_500gStange.jpg\",\"datePublished\":\"2020-09-07T11:30:33+00:00\",\"dateModified\":\"2025-02-11T13:13:05+00:00\",\"description\":\"Das Frost-BARF von Dinner for Wau aus 100% Tierwohlfleisch! Das nachhaltige Futter f\u00fcr gesunde Hunde. \u2713Ziege \u2713Hyoallergen \u2713tier\u00e4rztlich\",\"breadcrumb\":{\"@id\":\"https:\\\/\\\/www.fuerstenmahl.li\\\/produkte\\\/menue-ziege-hypoallergen#breadcrumb\"},\"inLanguage\":\"en-GB\",\"potentialAction\":[{\"@type\":\"ReadAction\",\"target\":[\"https:\\\/\\\/www.fuerstenmahl.li\\\/produkte\\\/menue-ziege-hypoallergen\"]}]},{\"@type\":\"ImageObject\",\"inLanguage\":\"en-GB\",\"@id\":\"https:\\\/\\\/www.fuerstenmahl.li\\\/produkte\\\/menue-ziege-hypoallergen#primaryimage\",\"url\":\"https:\\\/\\\/www.fuerstenmahl.li\\\/wp-content\\\/uploads\\\/2020\\\/08\\\/Dinnerforwau_Ziege_500gStange.jpg\",\"contentUrl\":\"https:\\\/\\\/www.fuerstenmahl.li\\\/wp-content\\\/uploads\\\/2020\\\/08\\\/Dinnerforwau_Ziege_500gStange.jpg\",\"width\":600,\"height\":600},{\"@type\":\"BreadcrumbList\",\"@id\":\"https:\\\/\\\/www.fuerstenmahl.li\\\/produkte\\\/menue-ziege-hypoallergen#breadcrumb\",\"itemListElement\":[{\"@type\":\"ListItem\",\"position\":1,\"name\":\"F\u00fcrstenmahl\",\"item\":\"https:\\\/\\\/www.fuerstenmahl.li\\\/\"},{\"@type\":\"ListItem\",\"position\":2,\"name\":\"Produkte\",\"item\":\"https:\\\/\\\/www.fuerstenmahl.li\\\/produkte\"},{\"@type\":\"ListItem\",\"position\":3,\"name\":\"BARF Men\u00fc Ziege (hypoallergen) 500g\"}]},{\"@type\":\"WebSite\",\"@id\":\"https:\\\/\\\/www.fuerstenmahl.li\\\/#website\",\"url\":\"https:\\\/\\\/www.fuerstenmahl.li\\\/\",\"name\":\"F\u00fcrstenmahl\",\"description\":\"\",\"publisher\":{\"@id\":\"https:\\\/\\\/www.fuerstenmahl.li\\\/#organization\"},\"potentialAction\":[{\"@type\":\"SearchAction\",\"target\":{\"@type\":\"EntryPoint\",\"urlTemplate\":\"https:\\\/\\\/www.fuerstenmahl.li\\\/?s={search_term_string}\"},\"query-input\":{\"@type\":\"PropertyValueSpecification\",\"valueRequired\":true,\"valueName\":\"search_term_string\"}}],\"inLanguage\":\"en-GB\"},{\"@type\":\"Organization\",\"@id\":\"https:\\\/\\\/www.fuerstenmahl.li\\\/#organization\",\"name\":\"F\u00fcrstenmahl Est.\",\"url\":\"https:\\\/\\\/www.fuerstenmahl.li\\\/\",\"logo\":{\"@type\":\"ImageObject\",\"inLanguage\":\"en-GB\",\"@id\":\"https:\\\/\\\/www.fuerstenmahl.li\\\/#\\\/schema\\\/logo\\\/image\\\/\",\"url\":\"https:\\\/\\\/www.fuerstenmahl.li\\\/wp-content\\\/uploads\\\/2020\\\/03\\\/Fuerstenmahl-favicon-1.png\",\"contentUrl\":\"https:\\\/\\\/www.fuerstenmahl.li\\\/wp-content\\\/uploads\\\/2020\\\/03\\\/Fuerstenmahl-favicon-1.png\",\"width\":1024,\"height\":1024,\"caption\":\"F\u00fcrstenmahl Est.\"},\"image\":{\"@id\":\"https:\\\/\\\/www.fuerstenmahl.li\\\/#\\\/schema\\\/logo\\\/image\\\/\"}}]}<\/script>\n<!-- \/ Yoast SEO plugin. -->","yoast_head_json":{"title":"BARF Men\u00fc Ziege | Hypoallergen | Dinner for Wau | Tierwohl Hundefutter","description":"Das Frost-BARF von Dinner for Wau aus 100% Tierwohlfleisch! Das nachhaltige Futter f\u00fcr gesunde Hunde. \u2713Ziege \u2713Hyoallergen \u2713tier\u00e4rztlich","robots":{"index":"index","follow":"follow","max-snippet":"max-snippet:-1","max-image-preview":"max-image-preview:large","max-video-preview":"max-video-preview:-1"},"canonical":"https:\/\/www.fuerstenmahl.li\/en\/produkte\/menue-ziege-hypoallergen\/","og_locale":"en_GB","og_type":"article","og_title":"BARF Men\u00fc Ziege | Hypoallergen | Dinner for Wau | Tierwohl Hundefutter","og_description":"Das Frost-BARF von Dinner for Wau aus 100% Tierwohlfleisch! Das nachhaltige Futter f\u00fcr gesunde Hunde. \u2713Ziege \u2713Hyoallergen \u2713tier\u00e4rztlich","og_url":"https:\/\/www.fuerstenmahl.li\/en\/produkte\/menue-ziege-hypoallergen\/","og_site_name":"F\u00fcrstenmahl","article_modified_time":"2025-02-11T13:13:05+00:00","og_image":[{"width":600,"height":600,"url":"https:\/\/www.fuerstenmahl.li\/wp-content\/uploads\/2020\/08\/Dinnerforwau_Ziege_500gStange.jpg","type":"image\/jpeg"}],"twitter_card":"summary_large_image","twitter_misc":{"Estimated reading time":"4 minutes"},"schema":{"@context":"https:\/\/schema.org","@graph":[{"@type":"WebPage","@id":"https:\/\/www.fuerstenmahl.li\/produkte\/menue-ziege-hypoallergen","url":"https:\/\/www.fuerstenmahl.li\/produkte\/menue-ziege-hypoallergen","name":"BARF Men\u00fc Ziege | Hypoallergen | Dinner for Wau | Tierwohl Hundefutter","isPartOf":{"@id":"https:\/\/www.fuerstenmahl.li\/#website"},"primaryImageOfPage":{"@id":"https:\/\/www.fuerstenmahl.li\/produkte\/menue-ziege-hypoallergen#primaryimage"},"image":{"@id":"https:\/\/www.fuerstenmahl.li\/produkte\/menue-ziege-hypoallergen#primaryimage"},"thumbnailUrl":"https:\/\/www.fuerstenmahl.li\/wp-content\/uploads\/2020\/08\/Dinnerforwau_Ziege_500gStange.jpg","datePublished":"2020-09-07T11:30:33+00:00","dateModified":"2025-02-11T13:13:05+00:00","description":"Das Frost-BARF von Dinner for Wau aus 100% Tierwohlfleisch! Das nachhaltige Futter f\u00fcr gesunde Hunde. \u2713Ziege \u2713Hyoallergen \u2713tier\u00e4rztlich","breadcrumb":{"@id":"https:\/\/www.fuerstenmahl.li\/produkte\/menue-ziege-hypoallergen#breadcrumb"},"inLanguage":"en-GB","potentialAction":[{"@type":"ReadAction","target":["https:\/\/www.fuerstenmahl.li\/produkte\/menue-ziege-hypoallergen"]}]},{"@type":"ImageObject","inLanguage":"en-GB","@id":"https:\/\/www.fuerstenmahl.li\/produkte\/menue-ziege-hypoallergen#primaryimage","url":"https:\/\/www.fuerstenmahl.li\/wp-content\/uploads\/2020\/08\/Dinnerforwau_Ziege_500gStange.jpg","contentUrl":"https:\/\/www.fuerstenmahl.li\/wp-content\/uploads\/2020\/08\/Dinnerforwau_Ziege_500gStange.jpg","width":600,"height":600},{"@type":"BreadcrumbList","@id":"https:\/\/www.fuerstenmahl.li\/produkte\/menue-ziege-hypoallergen#breadcrumb","itemListElement":[{"@type":"ListItem","position":1,"name":"F\u00fcrstenmahl","item":"https:\/\/www.fuerstenmahl.li\/"},{"@type":"ListItem","position":2,"name":"Produkte","item":"https:\/\/www.fuerstenmahl.li\/produkte"},{"@type":"ListItem","position":3,"name":"BARF Men\u00fc Ziege (hypoallergen) 500g"}]},{"@type":"WebSite","@id":"https:\/\/www.fuerstenmahl.li\/#website","url":"https:\/\/www.fuerstenmahl.li\/","name":"F\u00fcrstenmahl","description":"","publisher":{"@id":"https:\/\/www.fuerstenmahl.li\/#organization"},"potentialAction":[{"@type":"SearchAction","target":{"@type":"EntryPoint","urlTemplate":"https:\/\/www.fuerstenmahl.li\/?s={search_term_string}"},"query-input":{"@type":"PropertyValueSpecification","valueRequired":true,"valueName":"search_term_string"}}],"inLanguage":"en-GB"},{"@type":"Organization","@id":"https:\/\/www.fuerstenmahl.li\/#organization","name":"F\u00fcrstenmahl Est.","url":"https:\/\/www.fuerstenmahl.li\/","logo":{"@type":"ImageObject","inLanguage":"en-GB","@id":"https:\/\/www.fuerstenmahl.li\/#\/schema\/logo\/image\/","url":"https:\/\/www.fuerstenmahl.li\/wp-content\/uploads\/2020\/03\/Fuerstenmahl-favicon-1.png","contentUrl":"https:\/\/www.fuerstenmahl.li\/wp-content\/uploads\/2020\/03\/Fuerstenmahl-favicon-1.png","width":1024,"height":1024,"caption":"F\u00fcrstenmahl Est."},"image":{"@id":"https:\/\/www.fuerstenmahl.li\/#\/schema\/logo\/image\/"}}]}},"_links":{"self":[{"href":"https:\/\/www.fuerstenmahl.li\/en\/wp-json\/wp\/v2\/product\/1301","targetHints":{"allow":["GET"]}}],"collection":[{"href":"https:\/\/www.fuerstenmahl.li\/en\/wp-json\/wp\/v2\/product"}],"about":[{"href":"https:\/\/www.fuerstenmahl.li\/en\/wp-json\/wp\/v2\/types\/product"}],"wp:featuredmedia":[{"embeddable":true,"href":"https:\/\/www.fuerstenmahl.li\/en\/wp-json\/wp\/v2\/media\/1206"}],"wp:attachment":[{"href":"https:\/\/www.fuerstenmahl.li\/en\/wp-json\/wp\/v2\/media?parent=1301"}],"wp:term":[{"taxonomy":"product_brand","embeddable":true,"href":"https:\/\/www.fuerstenmahl.li\/en\/wp-json\/wp\/v2\/product_brand?post=1301"},{"taxonomy":"product_cat","embeddable":true,"href":"https:\/\/www.fuerstenmahl.li\/en\/wp-json\/wp\/v2\/product_cat?post=1301"},{"taxonomy":"product_tag","embeddable":true,"href":"https:\/\/www.fuerstenmahl.li\/en\/wp-json\/wp\/v2\/product_tag?post=1301"}],"curies":[{"name":"wp","href":"https:\/\/api.w.org\/{rel}","templated":true}]}}