{"id":317,"date":"2020-03-09T16:50:56","date_gmt":"2020-03-09T16:50:56","guid":{"rendered":"https:\/\/wp.fuerstenmahl.li\/?page_id=317"},"modified":"2022-04-08T11:09:26","modified_gmt":"2022-04-08T11:09:26","slug":"geschichte","status":"publish","type":"page","link":"https:\/\/www.fuerstenmahl.li\/en\/geschichte","title":{"rendered":"Geschichte"},"content":{"rendered":"<div style=\"height:30px\" aria-hidden=\"true\" class=\"wp-block-spacer\"><\/div><h1 class=\"wp-block-heading\">Geschichte<\/h1><div style=\"height:5px\" aria-hidden=\"true\" class=\"wp-block-spacer\"><\/div><p class=\"interview-subh\">Ein Hund, der nicht frisst, und eigene Erfahrungen mit Allergien motivierten Karin Elsensohn und Pascal B\u00fcttiker dazu, hochwertiges Tierfutter zu entwickeln und zu vertreiben.<br><br><em>Inverview mit Mathias Morgenthaler<\/em><\/p><div class=\"wp-block-columns is-layout-flex wp-container-core-columns-is-layout-9d6595d7 wp-block-columns-is-layout-flex\"><div class=\"wp-block-column margin-top-0 column-interview is-layout-flow wp-block-column-is-layout-flow\" style=\"flex-basis:33.33%\"><h3 class=\"margin-top-0 interview-dekoh wp-block-heading\">Herr B\u00fcttiker, Sie haben in einem Treuhandb\u00fcro die Lehre gemacht und sp\u00e4ter Psychologie studiert. Wie wurden Sie zum Hundefutter-Unternehmer?<\/h3><\/div>\n\n<div class=\"wp-block-column column-interview is-layout-flow wp-block-column-is-layout-flow\" style=\"flex-basis:66.66%\"><p><strong>PASCAL B\u00dcTTIKER:<\/strong> Als ich in Prag Psychologie studierte, entschlossen sich meine damalige Freundin und ich, einen Hund zu \u00fcbernehmen, der sonst im Tierheim gelandet w\u00e4re. Unser Leben wurde dadurch komplizierter, als wir erwartet hatten. Rasco, unser Mischling unbekannter Herkunft, war ein zittriges Wesen, das einfach nicht fressen wollte. Wir probierten alles aus, aber er liess das Futter meistens stehen. Nach zwei Jahren war er stark abgemagert. Weil ich mein Studium in Edinburgh fortsetzen wollte, kam der Hund zu meiner Mutter nach Vaduz. <\/p>\n\n<p><strong>KARIN ELSENSOHN:<\/strong> Ich mochte Rasco sofort, aber er war ein typischer Studentenhund mit vielen Flausen und ich wusste, wie viel Arbeit da auf mich zukommen w\u00fcrde. Was das Futter betraf, war er extrem w\u00e4hlerisch. Ich recherchierte im Internet und entschied mich bald f\u00fcr biologisches, artgerechtes, rohes Futter, kurz BARF. Dabei wird dem Hund viel rohes Fleisch vorgesetzt in Kombination mit Obst und Gem\u00fcse. <\/p><\/div><\/div><div class=\"wp-block-columns is-layout-flex wp-container-core-columns-is-layout-9d6595d7 wp-block-columns-is-layout-flex\"><div class=\"wp-block-column margin-top-0 column-interview is-layout-flow wp-block-column-is-layout-flow\" style=\"flex-basis:33.33%\"><h3 class=\"margin-top-0 interview-dekoh wp-block-heading\">Damit kam der Appetit?<\/h3><\/div>\n\n<div class=\"wp-block-column column-interview is-layout-flow wp-block-column-is-layout-flow\" style=\"flex-basis:66.66%\"><p><strong>PASCAL B\u00dcTTIKER:<\/strong> Ja, das Barf-Futter frass Rasco mit Freude. Und mehr noch: Er wurde ausgeglichener, tigerte nicht mehr so nerv\u00f6s herum. Und seine allergischen Ausschl\u00e4ge verschwanden, was vorher auch mit hypoallergenem Hundefutter nicht gelungen war. Pl\u00f6tzlich erhielten wir viele Komplimente f\u00fcr unseren Hund. M\u00fchsam war nur, dass wir immer nach \u00d6sterreich fahren mussten, um das rohe Futter zu besorgen.<\/p><\/div><\/div><div class=\"wp-block-columns is-layout-flex wp-container-core-columns-is-layout-9d6595d7 wp-block-columns-is-layout-flex\"><div class=\"wp-block-column margin-top-0 column-interview is-layout-flow wp-block-column-is-layout-flow\" style=\"flex-basis:33.33%\"><h3 class=\"margin-top-0 interview-dekoh wp-block-heading\">Und da dachten Sie: Warum produzieren wir das Futter nicht gleich selber?<\/h3><\/div>\n\n<div class=\"wp-block-column column-interview is-layout-flow wp-block-column-is-layout-flow\" style=\"flex-basis:66.66%\"><p><strong>KARIN ELSENSOHN:<\/strong> Genau. Ich war ja schon mit eigener Praxis selbstst\u00e4ndig als Hom\u00f6opathin, Pilates-Trainerin und Masseurin und war da entsprechend furchtlos. Ich wusste, wie befriedigend es ist, bei Null anzufangen, etwas Eigenes aufzubauen. Also sagte ich zu meinem Sohn: \u00abSteig doch mit mir in dieses Gesch\u00e4ft ein!\u00bb<\/p>\n\n<p><strong>PASCAL B\u00dcTTIKER:<\/strong> F\u00fcr mich war das Timing ideal. Ich hatte meinen Master in der Tasche. Die Bewerbungsverfahren, die ich auf der Suche nach einem Job als Psychologe durchlief, machten wenig Lust auf eine Anstellung. Ich wollte mich nicht in ein enges Jobprofil einpassen. Gleichzeitig interessierte mich das Thema Ern\u00e4hrung seit Jahren. Ich litt selber unter Lebensmittelallergien und hatte im Rahmen meiner Masterarbeit untersucht, wie diese die Wahrnehmung und die Lebensqualit\u00e4t pr\u00e4gen. <\/p><\/div><\/div><div class=\"wp-block-columns is-layout-flex wp-container-core-columns-is-layout-9d6595d7 wp-block-columns-is-layout-flex\"><div class=\"wp-block-column margin-top-0 column-interview is-layout-flow wp-block-column-is-layout-flow\" style=\"flex-basis:33.33%\"><h3 class=\"margin-top-0 interview-dekoh wp-block-heading\">Hatten Sie keinen Respekt davor, mit der eigenen Mutter eine Firma zu gr\u00fcnden?<\/h3><\/div>\n\n<div class=\"wp-block-column column-interview is-layout-flow wp-block-column-is-layout-flow\" style=\"flex-basis:66.66%\"><p><strong>PASCAL B\u00dcTTIKER:<\/strong> Ich wusste nicht, was Selbstst\u00e4ndigkeit bedeutet, und war entsprechend froh, dass meine Mutter sich da auskannte. Wir haben unterschiedliche Rollen in der Firma und erg\u00e4nzen uns gut. Sie k\u00fcmmerte sich um das Marketing, den Kundenkontakt, den kreativen Bereich. Ich war f\u00fcr die Produkteentwicklung verantwortlich, las Dutzende wissenschaftlicher Papers auf der Suche nach dem perfekten N\u00e4hrstoffmix.<\/p>\n\n<p><strong>KARIN ELSENSOHN:<\/strong> Es war sch\u00f6n zu sehen, wie sehr sich mein Sohn ins Zeug legte, wie sehr es ihn packte. Auf dem Hunde- und Katzenfuttermarkt dominiert das Trockenfutter, das keine probiotischen Bakterien und weniger nat\u00fcrliche N\u00e4hrstoffe enth\u00e4lt und deshalb schlechter aufgenommen werden kann. Die erh\u00e4ltlichen Rohf\u00fctterungsprodukte \u00fcberzeugten uns nicht. Viele riechen extrem schlecht, als seien sie verdorben. So hatten wir eine grosse Motivation, Anfang 2019 mit einem eigenen Angebot zu starten. Unserem Hund zuliebe und allen anderen, die das beste Futter verdienen.<\/p><\/div><\/div><div class=\"wp-block-columns is-layout-flex wp-container-core-columns-is-layout-9d6595d7 wp-block-columns-is-layout-flex\"><div class=\"wp-block-column margin-top-0 column-interview is-layout-flow wp-block-column-is-layout-flow\" style=\"flex-basis:33.33%\"><h3 class=\"margin-top-0 interview-dekoh wp-block-heading\">Wie fanden Sie das geeignete Rohfleisch f\u00fcr das Barf-Futter?<\/h3><\/div>\n\n<div class=\"wp-block-column column-interview is-layout-flow wp-block-column-is-layout-flow\" style=\"flex-basis:66.66%\"><p><strong>PASCAL B\u00dcTTIKER:<\/strong> Wir haben alle Anbieter ausprobiert in Deutschland, \u00d6sterreich und der Schweiz. Rasco ist der heikelste Verkoster, den man sich vorstellen kann. Wenn er etwas nicht mag, nimmt er keinen Bissen und geht r\u00fcckw\u00e4rts wieder vom Futternapf weg. Nur von einer Handvoll Lieferanten hat er alles gegessen. So beziehen wir nun diese beste Qualit\u00e4t aus \u00d6sterreich und der Schweiz.<\/p>\n\n<p><strong>KARIN ELSENSOHN:<\/strong> Wir kaufen Menus ein, die spezifisch nach unser Rezeptvorstellung produziert werden. Es ist wichtig, Mineralstoffe, Vitamine und Fetts\u00e4uren zu erg\u00e4nzen, damit die Ern\u00e4hrung wirklich ausgewogen ist. Ich habe noch eine Ausbildung zur Ern\u00e4hrungsberaterin f\u00fcr Hunde und Katzen in Angriff genommen, um mein Wissen zu vertiefen.<\/p>\n\n<p><strong>PASCAL B\u00dcTTIKER:<\/strong> Mir kommt es auch so vor, als h\u00e4tte ich nochmals ein Studium angeh\u00e4ngt. \u00dcber das biologische Fachwissen hinaus muss man sich auch in all die gesetzlichen Bestimmungen einarbeiten als Lebensmittel-Unternehmer.<\/p><\/div><\/div><div class=\"wp-block-columns is-layout-flex wp-container-core-columns-is-layout-9d6595d7 wp-block-columns-is-layout-flex\"><div class=\"wp-block-column margin-top-0 column-interview is-layout-flow wp-block-column-is-layout-flow\" style=\"flex-basis:33.33%\"><h3 class=\"margin-top-0 interview-dekoh wp-block-heading\">Sie vertreiben das F\u00fcrstenmahl-Tierfutter derzeit in Liechtenstein und in der Schweiz. Reicht das aus, um zwei L\u00f6hne zu bezahlen?<\/h3><\/div>\n\n<div class=\"wp-block-column column-interview is-layout-flow wp-block-column-is-layout-flow\" style=\"flex-basis:66.66%\"><p><strong>KARIN ELSENSOHN:<\/strong> Ich habe grosses Vertrauen in unsere Qualit\u00e4t und unser Gesch\u00e4ftsmodell. Viele Besitzer entscheiden sich heute bewusster, was sie ihrem Vierbeiner vorsetzen; weil sie verstehen, dass es einen direkten Zusammenhang gibt zwischen der Qualit\u00e4t des Futters und der Lebensqualit\u00e4t des Tiers. Zwei volle L\u00f6hne brauchen wir derzeit nicht, ich habe noch meine Praxis und mein Sohn erwirbt in Teilzeit noch den Doktortitel in Prag.<\/p>\n\n<p><strong>PASCAL B\u00dcTTIKER:<\/strong> Es ist klar unser Ziel, mittelfristig davon leben zu k\u00f6nnen. Wir haben einige Ideen, wie wir das Sortiment erweitern k\u00f6nnen. Etwa durch biologische Zeckenmittel in Form von Kr\u00e4uter-Trockenshampoos.<\/p>\n\n<p><strong>KARIN ELSENSOHN:<\/strong> Ein wichtiges Thema sind auch vegane Menus. Viele, die selber auf tierische Produkte verzichten, m\u00f6chten auch ihren Hunden kein rohes Fleisch vorsetzen. Zudem bieten wir DNA Tests zur Allergie- und Rassenbestimmung an. Das ist eine sch\u00f6ne Seite am Unternehmertum: Man arbeitet nie nur nach Businessplan. Eines ergibt das N\u00e4chste, so fallen einem Dinge zu, nach denen man nie gesucht h\u00e4tte.<\/p>\n\n<p><strong>PASCAL B\u00dcTTIKER:<\/strong> Ich f\u00e4nde es spannend, eines Tages nach Tschechien zu expandieren. Prag ist die Hundestadt par excellence. Und f\u00fcr uns w\u00fcrde sich ein Kreis schliessen. In Prag, wo ich den zittrigen Rasco in Empfang genommen habe, hat alles begonnen. <\/p><\/div><\/div>","protected":false},"excerpt":{"rendered":"<p>Geschichte Ein Hund, der nicht frisst, und eigene Erfahrungen mit Allergien motivierten Karin Elsensohn und Pascal B\u00fcttiker dazu, hochwertiges Tierfutter zu entwickeln und zu vertreiben. Inverview mit Mathias Morgenthaler Herr B\u00fcttiker, Sie haben in einem &#8230; <\/p>\n<p class=\"read-more-container\"><a title=\"Geschichte\" class=\"read-more button\" href=\"https:\/\/www.fuerstenmahl.li\/en\/geschichte#more-317\">Weiterlesen<span class=\"screen-reader-text\">Geschichte<\/span><\/a><\/p>","protected":false},"author":1,"featured_media":0,"parent":0,"menu_order":0,"comment_status":"closed","ping_status":"closed","template":"","meta":{"footnotes":""},"class_list":["post-317","page","type-page","status-publish"],"yoast_head":"<!-- This site is optimized with the Yoast SEO plugin v27.4 - https:\/\/yoast.com\/product\/yoast-seo-wordpress\/ -->\n<title>Unsere Geschichte | F\u00fcrstenmahl<\/title>\n<meta name=\"description\" content=\"Alles hat mit unserem Hund angefangen, der einfach nicht fressen wollte. Wie uns das auf einen neuen Weg gef\u00fchrt hat, lesen Sie hier.\" \/>\n<meta name=\"robots\" content=\"index, follow, max-snippet:-1, max-image-preview:large, max-video-preview:-1\" \/>\n<link rel=\"canonical\" href=\"https:\/\/www.fuerstenmahl.li\/en\/geschichte\/\" \/>\n<meta property=\"og:locale\" content=\"en_GB\" \/>\n<meta property=\"og:type\" content=\"article\" \/>\n<meta property=\"og:title\" content=\"Unsere Geschichte | F\u00fcrstenmahl\" \/>\n<meta property=\"og:description\" content=\"Alles hat mit unserem Hund angefangen, der einfach nicht fressen wollte. Wie uns das auf einen neuen Weg gef\u00fchrt hat, lesen Sie hier.\" \/>\n<meta property=\"og:url\" content=\"https:\/\/www.fuerstenmahl.li\/en\/geschichte\/\" \/>\n<meta property=\"og:site_name\" content=\"F\u00fcrstenmahl\" \/>\n<meta property=\"article:modified_time\" content=\"2022-04-08T11:09:26+00:00\" \/>\n<meta name=\"twitter:card\" content=\"summary_large_image\" \/>\n<meta name=\"twitter:label1\" content=\"Estimated reading time\" \/>\n\t<meta name=\"twitter:data1\" content=\"4 minutes\" \/>\n<script type=\"application\/ld+json\" class=\"yoast-schema-graph\">{\"@context\":\"https:\\\/\\\/schema.org\",\"@graph\":[{\"@type\":\"WebPage\",\"@id\":\"https:\\\/\\\/www.fuerstenmahl.li\\\/geschichte\",\"url\":\"https:\\\/\\\/www.fuerstenmahl.li\\\/geschichte\",\"name\":\"Unsere Geschichte | F\u00fcrstenmahl\",\"isPartOf\":{\"@id\":\"https:\\\/\\\/www.fuerstenmahl.li\\\/#website\"},\"datePublished\":\"2020-03-09T16:50:56+00:00\",\"dateModified\":\"2022-04-08T11:09:26+00:00\",\"description\":\"Alles hat mit unserem Hund angefangen, der einfach nicht fressen wollte. Wie uns das auf einen neuen Weg gef\u00fchrt hat, lesen Sie hier.\",\"breadcrumb\":{\"@id\":\"https:\\\/\\\/www.fuerstenmahl.li\\\/geschichte#breadcrumb\"},\"inLanguage\":\"en-GB\",\"potentialAction\":[{\"@type\":\"ReadAction\",\"target\":[\"https:\\\/\\\/www.fuerstenmahl.li\\\/geschichte\"]}]},{\"@type\":\"BreadcrumbList\",\"@id\":\"https:\\\/\\\/www.fuerstenmahl.li\\\/geschichte#breadcrumb\",\"itemListElement\":[{\"@type\":\"ListItem\",\"position\":1,\"name\":\"F\u00fcrstenmahl\",\"item\":\"https:\\\/\\\/www.fuerstenmahl.li\\\/\"},{\"@type\":\"ListItem\",\"position\":2,\"name\":\"Geschichte\"}]},{\"@type\":\"WebSite\",\"@id\":\"https:\\\/\\\/www.fuerstenmahl.li\\\/#website\",\"url\":\"https:\\\/\\\/www.fuerstenmahl.li\\\/\",\"name\":\"F\u00fcrstenmahl\",\"description\":\"\",\"publisher\":{\"@id\":\"https:\\\/\\\/www.fuerstenmahl.li\\\/#organization\"},\"potentialAction\":[{\"@type\":\"SearchAction\",\"target\":{\"@type\":\"EntryPoint\",\"urlTemplate\":\"https:\\\/\\\/www.fuerstenmahl.li\\\/?s={search_term_string}\"},\"query-input\":{\"@type\":\"PropertyValueSpecification\",\"valueRequired\":true,\"valueName\":\"search_term_string\"}}],\"inLanguage\":\"en-GB\"},{\"@type\":\"Organization\",\"@id\":\"https:\\\/\\\/www.fuerstenmahl.li\\\/#organization\",\"name\":\"F\u00fcrstenmahl Est.\",\"url\":\"https:\\\/\\\/www.fuerstenmahl.li\\\/\",\"logo\":{\"@type\":\"ImageObject\",\"inLanguage\":\"en-GB\",\"@id\":\"https:\\\/\\\/www.fuerstenmahl.li\\\/#\\\/schema\\\/logo\\\/image\\\/\",\"url\":\"https:\\\/\\\/www.fuerstenmahl.li\\\/wp-content\\\/uploads\\\/2020\\\/03\\\/Fuerstenmahl-favicon-1.png\",\"contentUrl\":\"https:\\\/\\\/www.fuerstenmahl.li\\\/wp-content\\\/uploads\\\/2020\\\/03\\\/Fuerstenmahl-favicon-1.png\",\"width\":1024,\"height\":1024,\"caption\":\"F\u00fcrstenmahl Est.\"},\"image\":{\"@id\":\"https:\\\/\\\/www.fuerstenmahl.li\\\/#\\\/schema\\\/logo\\\/image\\\/\"}}]}<\/script>\n<!-- \/ Yoast SEO plugin. -->","yoast_head_json":{"title":"Unsere Geschichte | F\u00fcrstenmahl","description":"Alles hat mit unserem Hund angefangen, der einfach nicht fressen wollte. Wie uns das auf einen neuen Weg gef\u00fchrt hat, lesen Sie hier.","robots":{"index":"index","follow":"follow","max-snippet":"max-snippet:-1","max-image-preview":"max-image-preview:large","max-video-preview":"max-video-preview:-1"},"canonical":"https:\/\/www.fuerstenmahl.li\/en\/geschichte\/","og_locale":"en_GB","og_type":"article","og_title":"Unsere Geschichte | F\u00fcrstenmahl","og_description":"Alles hat mit unserem Hund angefangen, der einfach nicht fressen wollte. Wie uns das auf einen neuen Weg gef\u00fchrt hat, lesen Sie hier.","og_url":"https:\/\/www.fuerstenmahl.li\/en\/geschichte\/","og_site_name":"F\u00fcrstenmahl","article_modified_time":"2022-04-08T11:09:26+00:00","twitter_card":"summary_large_image","twitter_misc":{"Estimated reading time":"4 minutes"},"schema":{"@context":"https:\/\/schema.org","@graph":[{"@type":"WebPage","@id":"https:\/\/www.fuerstenmahl.li\/geschichte","url":"https:\/\/www.fuerstenmahl.li\/geschichte","name":"Unsere Geschichte | F\u00fcrstenmahl","isPartOf":{"@id":"https:\/\/www.fuerstenmahl.li\/#website"},"datePublished":"2020-03-09T16:50:56+00:00","dateModified":"2022-04-08T11:09:26+00:00","description":"Alles hat mit unserem Hund angefangen, der einfach nicht fressen wollte. Wie uns das auf einen neuen Weg gef\u00fchrt hat, lesen Sie hier.","breadcrumb":{"@id":"https:\/\/www.fuerstenmahl.li\/geschichte#breadcrumb"},"inLanguage":"en-GB","potentialAction":[{"@type":"ReadAction","target":["https:\/\/www.fuerstenmahl.li\/geschichte"]}]},{"@type":"BreadcrumbList","@id":"https:\/\/www.fuerstenmahl.li\/geschichte#breadcrumb","itemListElement":[{"@type":"ListItem","position":1,"name":"F\u00fcrstenmahl","item":"https:\/\/www.fuerstenmahl.li\/"},{"@type":"ListItem","position":2,"name":"Geschichte"}]},{"@type":"WebSite","@id":"https:\/\/www.fuerstenmahl.li\/#website","url":"https:\/\/www.fuerstenmahl.li\/","name":"F\u00fcrstenmahl","description":"","publisher":{"@id":"https:\/\/www.fuerstenmahl.li\/#organization"},"potentialAction":[{"@type":"SearchAction","target":{"@type":"EntryPoint","urlTemplate":"https:\/\/www.fuerstenmahl.li\/?s={search_term_string}"},"query-input":{"@type":"PropertyValueSpecification","valueRequired":true,"valueName":"search_term_string"}}],"inLanguage":"en-GB"},{"@type":"Organization","@id":"https:\/\/www.fuerstenmahl.li\/#organization","name":"F\u00fcrstenmahl Est.","url":"https:\/\/www.fuerstenmahl.li\/","logo":{"@type":"ImageObject","inLanguage":"en-GB","@id":"https:\/\/www.fuerstenmahl.li\/#\/schema\/logo\/image\/","url":"https:\/\/www.fuerstenmahl.li\/wp-content\/uploads\/2020\/03\/Fuerstenmahl-favicon-1.png","contentUrl":"https:\/\/www.fuerstenmahl.li\/wp-content\/uploads\/2020\/03\/Fuerstenmahl-favicon-1.png","width":1024,"height":1024,"caption":"F\u00fcrstenmahl Est."},"image":{"@id":"https:\/\/www.fuerstenmahl.li\/#\/schema\/logo\/image\/"}}]}},"_links":{"self":[{"href":"https:\/\/www.fuerstenmahl.li\/en\/wp-json\/wp\/v2\/pages\/317","targetHints":{"allow":["GET"]}}],"collection":[{"href":"https:\/\/www.fuerstenmahl.li\/en\/wp-json\/wp\/v2\/pages"}],"about":[{"href":"https:\/\/www.fuerstenmahl.li\/en\/wp-json\/wp\/v2\/types\/page"}],"author":[{"embeddable":true,"href":"https:\/\/www.fuerstenmahl.li\/en\/wp-json\/wp\/v2\/users\/1"}],"replies":[{"embeddable":true,"href":"https:\/\/www.fuerstenmahl.li\/en\/wp-json\/wp\/v2\/comments?post=317"}],"version-history":[{"count":21,"href":"https:\/\/www.fuerstenmahl.li\/en\/wp-json\/wp\/v2\/pages\/317\/revisions"}],"predecessor-version":[{"id":2759,"href":"https:\/\/www.fuerstenmahl.li\/en\/wp-json\/wp\/v2\/pages\/317\/revisions\/2759"}],"wp:attachment":[{"href":"https:\/\/www.fuerstenmahl.li\/en\/wp-json\/wp\/v2\/media?parent=317"}],"curies":[{"name":"wp","href":"https:\/\/api.w.org\/{rel}","templated":true}]}}