{"id":2694,"date":"2022-04-07T16:34:59","date_gmt":"2022-04-07T16:34:59","guid":{"rendered":"https:\/\/www.fuerstenmahl.li\/?page_id=2694"},"modified":"2026-04-14T12:28:42","modified_gmt":"2026-04-14T12:28:42","slug":"unsere-verkaufsstellen","status":"publish","type":"page","link":"https:\/\/www.fuerstenmahl.li\/en\/unsere-verkaufsstellen","title":{"rendered":"Unsere Verkaufsstellen"},"content":{"rendered":"<div style=\"height:30px\" aria-hidden=\"true\" class=\"wp-block-spacer\"><\/div><h1 class=\"wp-block-heading\">Unsere Verkaufsstellen<\/h1><div style=\"visibility:hidden;height:12px;\"> <\/div><div class=\"wp-block-columns is-layout-flex wp-container-core-columns-is-layout-9d6595d7 wp-block-columns-is-layout-flex\"><div class=\"wp-block-column is-layout-flow wp-block-column-is-layout-flow\"><p><strong>Fr\u00e4ssegg\u00e4 f\u00fcr Hund und Katz<\/strong><br>Kusterwiesstrasse 17<br>8865 Bilten<br>Schweiz<\/p>\n\n<p><strong>Fr\u00e4ssegg\u00e4 f\u00fcr Hund und Katz<\/strong><br>Werkstrasse 2<br>8880 Waltenstadt<br>Schweiz<\/p>\n\n<p><\/p><\/div><\/div><p><\/p><h2 class=\"wp-block-heading\"><\/h2><p><\/p>","protected":false},"excerpt":{"rendered":"<p>Unsere Verkaufsstellen Fr\u00e4ssegg\u00e4 f\u00fcr Hund und KatzKusterwiesstrasse 178865 BiltenSchweiz Fr\u00e4ssegg\u00e4 f\u00fcr Hund und KatzWerkstrasse 28880 WaltenstadtSchweiz<\/p>","protected":false},"author":29,"featured_media":0,"parent":0,"menu_order":0,"comment_status":"closed","ping_status":"closed","template":"","meta":{"footnotes":""},"class_list":["post-2694","page","type-page","status-publish"],"yoast_head":"<!-- This site is optimized with the Yoast SEO plugin v27.4 - https:\/\/yoast.com\/product\/yoast-seo-wordpress\/ -->\n<title>Das Team hinter dem Onlineshop | F\u00fcrstenmahl<\/title>\n<meta name=\"description\" content=\"F\u00fcrstenmahl ist das Familienunternehmen von Pascal B\u00fcttiker, Karin Elsensohn nat\u00fcrlich ihren Vierbeinern, die sie inspirieren und motivieren.\" \/>\n<meta name=\"robots\" content=\"index, follow, max-snippet:-1, max-image-preview:large, max-video-preview:-1\" \/>\n<link rel=\"canonical\" href=\"https:\/\/www.fuerstenmahl.li\/en\/unsere-verkaufsstellen\/\" \/>\n<meta property=\"og:locale\" content=\"en_GB\" \/>\n<meta property=\"og:type\" content=\"article\" \/>\n<meta property=\"og:title\" content=\"Das Team hinter dem Onlineshop | F\u00fcrstenmahl\" \/>\n<meta property=\"og:description\" content=\"F\u00fcrstenmahl ist das Familienunternehmen von Pascal B\u00fcttiker, Karin Elsensohn nat\u00fcrlich ihren Vierbeinern, die sie inspirieren und motivieren.\" \/>\n<meta property=\"og:url\" content=\"https:\/\/www.fuerstenmahl.li\/en\/unsere-verkaufsstellen\/\" \/>\n<meta property=\"og:site_name\" content=\"F\u00fcrstenmahl\" \/>\n<meta property=\"article:modified_time\" content=\"2026-04-14T12:28:42+00:00\" \/>\n<meta name=\"twitter:card\" content=\"summary_large_image\" \/>\n<meta name=\"twitter:label1\" content=\"Estimated reading time\" \/>\n\t<meta name=\"twitter:data1\" content=\"1 minute\" \/>\n<script type=\"application\/ld+json\" class=\"yoast-schema-graph\">{\"@context\":\"https:\\\/\\\/schema.org\",\"@graph\":[{\"@type\":\"WebPage\",\"@id\":\"https:\\\/\\\/www.fuerstenmahl.li\\\/unsere-verkaufsstellen\",\"url\":\"https:\\\/\\\/www.fuerstenmahl.li\\\/unsere-verkaufsstellen\",\"name\":\"Das Team hinter dem Onlineshop | F\u00fcrstenmahl\",\"isPartOf\":{\"@id\":\"https:\\\/\\\/www.fuerstenmahl.li\\\/#website\"},\"datePublished\":\"2022-04-07T16:34:59+00:00\",\"dateModified\":\"2026-04-14T12:28:42+00:00\",\"description\":\"F\u00fcrstenmahl ist das Familienunternehmen von Pascal B\u00fcttiker, Karin Elsensohn nat\u00fcrlich ihren Vierbeinern, die sie inspirieren und motivieren.\",\"breadcrumb\":{\"@id\":\"https:\\\/\\\/www.fuerstenmahl.li\\\/unsere-verkaufsstellen#breadcrumb\"},\"inLanguage\":\"en-GB\",\"potentialAction\":[{\"@type\":\"ReadAction\",\"target\":[\"https:\\\/\\\/www.fuerstenmahl.li\\\/unsere-verkaufsstellen\"]}]},{\"@type\":\"BreadcrumbList\",\"@id\":\"https:\\\/\\\/www.fuerstenmahl.li\\\/unsere-verkaufsstellen#breadcrumb\",\"itemListElement\":[{\"@type\":\"ListItem\",\"position\":1,\"name\":\"F\u00fcrstenmahl\",\"item\":\"https:\\\/\\\/www.fuerstenmahl.li\\\/\"},{\"@type\":\"ListItem\",\"position\":2,\"name\":\"Unsere Verkaufsstellen\"}]},{\"@type\":\"WebSite\",\"@id\":\"https:\\\/\\\/www.fuerstenmahl.li\\\/#website\",\"url\":\"https:\\\/\\\/www.fuerstenmahl.li\\\/\",\"name\":\"F\u00fcrstenmahl\",\"description\":\"\",\"publisher\":{\"@id\":\"https:\\\/\\\/www.fuerstenmahl.li\\\/#organization\"},\"potentialAction\":[{\"@type\":\"SearchAction\",\"target\":{\"@type\":\"EntryPoint\",\"urlTemplate\":\"https:\\\/\\\/www.fuerstenmahl.li\\\/?s={search_term_string}\"},\"query-input\":{\"@type\":\"PropertyValueSpecification\",\"valueRequired\":true,\"valueName\":\"search_term_string\"}}],\"inLanguage\":\"en-GB\"},{\"@type\":\"Organization\",\"@id\":\"https:\\\/\\\/www.fuerstenmahl.li\\\/#organization\",\"name\":\"F\u00fcrstenmahl Est.\",\"url\":\"https:\\\/\\\/www.fuerstenmahl.li\\\/\",\"logo\":{\"@type\":\"ImageObject\",\"inLanguage\":\"en-GB\",\"@id\":\"https:\\\/\\\/www.fuerstenmahl.li\\\/#\\\/schema\\\/logo\\\/image\\\/\",\"url\":\"https:\\\/\\\/www.fuerstenmahl.li\\\/wp-content\\\/uploads\\\/2020\\\/03\\\/Fuerstenmahl-favicon-1.png\",\"contentUrl\":\"https:\\\/\\\/www.fuerstenmahl.li\\\/wp-content\\\/uploads\\\/2020\\\/03\\\/Fuerstenmahl-favicon-1.png\",\"width\":1024,\"height\":1024,\"caption\":\"F\u00fcrstenmahl Est.\"},\"image\":{\"@id\":\"https:\\\/\\\/www.fuerstenmahl.li\\\/#\\\/schema\\\/logo\\\/image\\\/\"}}]}<\/script>\n<!-- \/ Yoast SEO plugin. -->","yoast_head_json":{"title":"Das Team hinter dem Onlineshop | F\u00fcrstenmahl","description":"F\u00fcrstenmahl ist das Familienunternehmen von Pascal B\u00fcttiker, Karin Elsensohn nat\u00fcrlich ihren Vierbeinern, die sie inspirieren und motivieren.","robots":{"index":"index","follow":"follow","max-snippet":"max-snippet:-1","max-image-preview":"max-image-preview:large","max-video-preview":"max-video-preview:-1"},"canonical":"https:\/\/www.fuerstenmahl.li\/en\/unsere-verkaufsstellen\/","og_locale":"en_GB","og_type":"article","og_title":"Das Team hinter dem Onlineshop | F\u00fcrstenmahl","og_description":"F\u00fcrstenmahl ist das Familienunternehmen von Pascal B\u00fcttiker, Karin Elsensohn nat\u00fcrlich ihren Vierbeinern, die sie inspirieren und motivieren.","og_url":"https:\/\/www.fuerstenmahl.li\/en\/unsere-verkaufsstellen\/","og_site_name":"F\u00fcrstenmahl","article_modified_time":"2026-04-14T12:28:42+00:00","twitter_card":"summary_large_image","twitter_misc":{"Estimated reading time":"1 minute"},"schema":{"@context":"https:\/\/schema.org","@graph":[{"@type":"WebPage","@id":"https:\/\/www.fuerstenmahl.li\/unsere-verkaufsstellen","url":"https:\/\/www.fuerstenmahl.li\/unsere-verkaufsstellen","name":"Das Team hinter dem Onlineshop | F\u00fcrstenmahl","isPartOf":{"@id":"https:\/\/www.fuerstenmahl.li\/#website"},"datePublished":"2022-04-07T16:34:59+00:00","dateModified":"2026-04-14T12:28:42+00:00","description":"F\u00fcrstenmahl ist das Familienunternehmen von Pascal B\u00fcttiker, Karin Elsensohn nat\u00fcrlich ihren Vierbeinern, die sie inspirieren und motivieren.","breadcrumb":{"@id":"https:\/\/www.fuerstenmahl.li\/unsere-verkaufsstellen#breadcrumb"},"inLanguage":"en-GB","potentialAction":[{"@type":"ReadAction","target":["https:\/\/www.fuerstenmahl.li\/unsere-verkaufsstellen"]}]},{"@type":"BreadcrumbList","@id":"https:\/\/www.fuerstenmahl.li\/unsere-verkaufsstellen#breadcrumb","itemListElement":[{"@type":"ListItem","position":1,"name":"F\u00fcrstenmahl","item":"https:\/\/www.fuerstenmahl.li\/"},{"@type":"ListItem","position":2,"name":"Unsere Verkaufsstellen"}]},{"@type":"WebSite","@id":"https:\/\/www.fuerstenmahl.li\/#website","url":"https:\/\/www.fuerstenmahl.li\/","name":"F\u00fcrstenmahl","description":"","publisher":{"@id":"https:\/\/www.fuerstenmahl.li\/#organization"},"potentialAction":[{"@type":"SearchAction","target":{"@type":"EntryPoint","urlTemplate":"https:\/\/www.fuerstenmahl.li\/?s={search_term_string}"},"query-input":{"@type":"PropertyValueSpecification","valueRequired":true,"valueName":"search_term_string"}}],"inLanguage":"en-GB"},{"@type":"Organization","@id":"https:\/\/www.fuerstenmahl.li\/#organization","name":"F\u00fcrstenmahl Est.","url":"https:\/\/www.fuerstenmahl.li\/","logo":{"@type":"ImageObject","inLanguage":"en-GB","@id":"https:\/\/www.fuerstenmahl.li\/#\/schema\/logo\/image\/","url":"https:\/\/www.fuerstenmahl.li\/wp-content\/uploads\/2020\/03\/Fuerstenmahl-favicon-1.png","contentUrl":"https:\/\/www.fuerstenmahl.li\/wp-content\/uploads\/2020\/03\/Fuerstenmahl-favicon-1.png","width":1024,"height":1024,"caption":"F\u00fcrstenmahl Est."},"image":{"@id":"https:\/\/www.fuerstenmahl.li\/#\/schema\/logo\/image\/"}}]}},"_links":{"self":[{"href":"https:\/\/www.fuerstenmahl.li\/en\/wp-json\/wp\/v2\/pages\/2694","targetHints":{"allow":["GET"]}}],"collection":[{"href":"https:\/\/www.fuerstenmahl.li\/en\/wp-json\/wp\/v2\/pages"}],"about":[{"href":"https:\/\/www.fuerstenmahl.li\/en\/wp-json\/wp\/v2\/types\/page"}],"author":[{"embeddable":true,"href":"https:\/\/www.fuerstenmahl.li\/en\/wp-json\/wp\/v2\/users\/29"}],"replies":[{"embeddable":true,"href":"https:\/\/www.fuerstenmahl.li\/en\/wp-json\/wp\/v2\/comments?post=2694"}],"version-history":[{"count":20,"href":"https:\/\/www.fuerstenmahl.li\/en\/wp-json\/wp\/v2\/pages\/2694\/revisions"}],"predecessor-version":[{"id":4522,"href":"https:\/\/www.fuerstenmahl.li\/en\/wp-json\/wp\/v2\/pages\/2694\/revisions\/4522"}],"wp:attachment":[{"href":"https:\/\/www.fuerstenmahl.li\/en\/wp-json\/wp\/v2\/media?parent=2694"}],"curies":[{"name":"wp","href":"https:\/\/api.w.org\/{rel}","templated":true}]}}