{"id":2130,"date":"2021-10-28T15:45:59","date_gmt":"2021-10-28T15:45:59","guid":{"rendered":"https:\/\/www.fuerstenmahl.li\/?page_id=2130"},"modified":"2024-07-29T06:31:43","modified_gmt":"2024-07-29T06:31:43","slug":"dna-test-hund","status":"publish","type":"page","link":"https:\/\/www.fuerstenmahl.li\/en\/dna-test-hund","title":{"rendered":"DNA Test"},"content":{"rendered":"<div style=\"height:30px\" aria-hidden=\"true\" class=\"wp-block-spacer\"><\/div><h1 class=\"wp-block-heading\">DNA Test f\u00fcr Hunde<\/h1><div data-block-name=\"woocommerce\/product-category\" data-categories=\"[78]\" data-content-visibility=\"{&quot;title&quot;:true,&quot;price&quot;:true,&quot;rating&quot;:false,&quot;button&quot;:false}\" class=\"wc-block-grid wp-block-product-category wp-block-woocommerce-product-category wc-block-product-category has-3-columns has-multiple-rows\"><ul class=\"wc-block-grid__products\"><li class=\"wc-block-grid__product\"><span class=\"gtm4wp_productdata\" style=\"display:none; visibility:hidden;\" data-gtm4wp_product_data=\"{&quot;internal_id&quot;:2474,&quot;item_id&quot;:2474,&quot;item_name&quot;:&quot;Hunderasse DNA Test&quot;,&quot;sku&quot;:2474,&quot;price&quot;:135,&quot;stocklevel&quot;:null,&quot;stockstatus&quot;:&quot;instock&quot;,&quot;google_business_vertical&quot;:&quot;retail&quot;,&quot;item_category&quot;:&quot;DNA Tests&quot;,&quot;id&quot;:2474,&quot;productlink&quot;:&quot;https:\\\/\\\/www.fuerstenmahl.li\\\/en\\\/produkte\\\/hunderasse-dna-test&quot;,&quot;item_list_name&quot;:&quot;General Product List&quot;,&quot;index&quot;:0,&quot;product_type&quot;:&quot;variable&quot;,&quot;item_brand&quot;:&quot;&quot;}\"><\/span>\n\t\t\t\t<a href=\"https:\/\/www.fuerstenmahl.li\/en\/produkte\/hunderasse-dna-test\" class=\"wc-block-grid__product-link\">\n\t\t\t\t\t\n\t\t\t\t\t<div class=\"wc-block-grid__product-image\"><img loading=\"lazy\" decoding=\"async\" width=\"300\" height=\"300\" src=\"https:\/\/www.fuerstenmahl.li\/wp-content\/uploads\/2020\/03\/fuerstenmahl-produkt-rassebestimmung@2x-300x300.jpg\" class=\"attachment-woocommerce_thumbnail size-woocommerce_thumbnail\" alt=\"Rassenbestimmung f&uuml;r Hunde\" srcset=\"https:\/\/www.fuerstenmahl.li\/wp-content\/uploads\/2020\/03\/fuerstenmahl-produkt-rassebestimmung@2x-300x300.jpg 300w, https:\/\/www.fuerstenmahl.li\/wp-content\/uploads\/2020\/03\/fuerstenmahl-produkt-rassebestimmung@2x-1024x1024.jpg 1024w, https:\/\/www.fuerstenmahl.li\/wp-content\/uploads\/2020\/03\/fuerstenmahl-produkt-rassebestimmung@2x-150x150.jpg 150w, https:\/\/www.fuerstenmahl.li\/wp-content\/uploads\/2020\/03\/fuerstenmahl-produkt-rassebestimmung@2x-768x767.jpg 768w, https:\/\/www.fuerstenmahl.li\/wp-content\/uploads\/2020\/03\/fuerstenmahl-produkt-rassebestimmung@2x-600x600.jpg 600w, https:\/\/www.fuerstenmahl.li\/wp-content\/uploads\/2020\/03\/fuerstenmahl-produkt-rassebestimmung@2x-100x100.jpg 100w, https:\/\/www.fuerstenmahl.li\/wp-content\/uploads\/2020\/03\/fuerstenmahl-produkt-rassebestimmung@2x.jpg 1200w\" sizes=\"auto, (max-width: 300px) 100vw, 300px\"><\/div>\n\t\t\t\t\t<div class=\"wc-block-grid__product-title\">Hunderasse DNA Test<\/div>\n\t\t\t\t<\/a>\n\t\t\t\t<div class=\"wc-block-grid__product-price price\"><span class=\"woocommerce-Price-amount amount\"><span class=\"woocommerce-Price-currencySymbol\">CHF<\/span>&nbsp;135,00<\/span><\/div><p class=\"wc-gzd-additional-info wc-gzd-additional-info-loop tax-info\">incl. VAT<\/p><p class=\"wc-gzd-additional-info delivery-time-info wc-gzd-additional-info-loop\"><span class=\"delivery-time-inner delivery-time-lieferzeit-sofort-lieferbar\"><span class=\"delivery-time-data\">Lieferzeit: sofort lieferbar<\/span><\/span><\/p>\n\t\t\t\t\n\t\t\t\t\n\t\t\t<\/li>\n<\/ul><\/div><h2 class=\"wp-block-heading\">Unsere DNA Tests<\/h2><p>M\u00f6chten Sie endlich wissen, welche Hunderasse in Ihrem Liebling steckt? Woher sein Aussehen, seine Verhaltensweisen und Flausen stammen? Mit unserem <strong>DNA Test<\/strong> finden Sie ganz einfach und zuverl\u00e4ssig heraus, wer die Eltern, Grosseltern und Urgrosseltern Ihres Hundes waren. Dank eines Selbsttest-Kits k\u00f6nnen Sie die Probe zuhause in k\u00fcrzester Zeit und ohne kompliziertes Unterfangen entnehmen. Eingereicht in unserem zertifizierten veterin\u00e4ren Labor, wird die Probe einer <strong>DNA Analyse <\/strong>unterzogen. Nach ca. 4-5 Wochen erhalten Sie die Resultate in Form von Zertifikaten sowie wertvollen Informationen zu den enthaltenen Rassen per Email.<\/p>","protected":false},"excerpt":{"rendered":"<p>DNA Test f\u00fcr Hunde Unsere DNA Tests M\u00f6chten Sie endlich wissen, welche Hunderasse in Ihrem Liebling steckt? Woher sein Aussehen, seine Verhaltensweisen und Flausen stammen? Mit unserem DNA Test finden Sie ganz einfach und zuverl\u00e4ssig &#8230; <\/p>\n<p class=\"read-more-container\"><a title=\"DNA Test\" class=\"read-more button\" href=\"https:\/\/www.fuerstenmahl.li\/en\/dna-test-hund#more-2130\">Weiterlesen<span class=\"screen-reader-text\">DNA Test<\/span><\/a><\/p>","protected":false},"author":245,"featured_media":0,"parent":0,"menu_order":0,"comment_status":"closed","ping_status":"closed","template":"","meta":{"footnotes":""},"class_list":["post-2130","page","type-page","status-publish"],"yoast_head":"<!-- This site is optimized with the Yoast SEO plugin v27.4 - https:\/\/yoast.com\/product\/yoast-seo-wordpress\/ -->\n<title>DNA Test f\u00fcr Hunde | F\u00fcr eine artgerechte F\u00fcrsorge | F\u00fcrstenmahl.li<\/title>\n<meta name=\"description\" content=\"M\u00f6chten Sie endlich wissen, was in Ihrem Liebling steckt? Mit unserem DNA Test f\u00fcr Hunde finden Sie ganz einfach und zuverl\u00e4ssig heraus!\" \/>\n<meta name=\"robots\" content=\"index, follow, max-snippet:-1, max-image-preview:large, max-video-preview:-1\" \/>\n<link rel=\"canonical\" href=\"https:\/\/www.fuerstenmahl.li\/en\/dna-test-hund\/\" \/>\n<meta property=\"og:locale\" content=\"en_GB\" \/>\n<meta property=\"og:type\" content=\"article\" \/>\n<meta property=\"og:title\" content=\"DNA Test f\u00fcr Hunde | F\u00fcr eine artgerechte F\u00fcrsorge | F\u00fcrstenmahl.li\" \/>\n<meta property=\"og:description\" content=\"M\u00f6chten Sie endlich wissen, was in Ihrem Liebling steckt? Mit unserem DNA Test f\u00fcr Hunde finden Sie ganz einfach und zuverl\u00e4ssig heraus!\" \/>\n<meta property=\"og:url\" content=\"https:\/\/www.fuerstenmahl.li\/en\/dna-test-hund\/\" \/>\n<meta property=\"og:site_name\" content=\"F\u00fcrstenmahl\" \/>\n<meta property=\"article:modified_time\" content=\"2024-07-29T06:31:43+00:00\" \/>\n<meta name=\"twitter:card\" content=\"summary_large_image\" \/>\n<meta name=\"twitter:label1\" content=\"Estimated reading time\" \/>\n\t<meta name=\"twitter:data1\" content=\"1 minute\" \/>\n<script type=\"application\/ld+json\" class=\"yoast-schema-graph\">{\"@context\":\"https:\\\/\\\/schema.org\",\"@graph\":[{\"@type\":\"WebPage\",\"@id\":\"https:\\\/\\\/www.fuerstenmahl.li\\\/dna-test-hund\",\"url\":\"https:\\\/\\\/www.fuerstenmahl.li\\\/dna-test-hund\",\"name\":\"DNA Test f\u00fcr Hunde | F\u00fcr eine artgerechte F\u00fcrsorge | F\u00fcrstenmahl.li\",\"isPartOf\":{\"@id\":\"https:\\\/\\\/www.fuerstenmahl.li\\\/#website\"},\"datePublished\":\"2021-10-28T15:45:59+00:00\",\"dateModified\":\"2024-07-29T06:31:43+00:00\",\"description\":\"M\u00f6chten Sie endlich wissen, was in Ihrem Liebling steckt? Mit unserem DNA Test f\u00fcr Hunde finden Sie ganz einfach und zuverl\u00e4ssig heraus!\",\"breadcrumb\":{\"@id\":\"https:\\\/\\\/www.fuerstenmahl.li\\\/dna-test-hund#breadcrumb\"},\"inLanguage\":\"en-GB\",\"potentialAction\":[{\"@type\":\"ReadAction\",\"target\":[\"https:\\\/\\\/www.fuerstenmahl.li\\\/dna-test-hund\"]}]},{\"@type\":\"BreadcrumbList\",\"@id\":\"https:\\\/\\\/www.fuerstenmahl.li\\\/dna-test-hund#breadcrumb\",\"itemListElement\":[{\"@type\":\"ListItem\",\"position\":1,\"name\":\"F\u00fcrstenmahl\",\"item\":\"https:\\\/\\\/www.fuerstenmahl.li\\\/\"},{\"@type\":\"ListItem\",\"position\":2,\"name\":\"DNA Test\"}]},{\"@type\":\"WebSite\",\"@id\":\"https:\\\/\\\/www.fuerstenmahl.li\\\/#website\",\"url\":\"https:\\\/\\\/www.fuerstenmahl.li\\\/\",\"name\":\"F\u00fcrstenmahl\",\"description\":\"\",\"publisher\":{\"@id\":\"https:\\\/\\\/www.fuerstenmahl.li\\\/#organization\"},\"potentialAction\":[{\"@type\":\"SearchAction\",\"target\":{\"@type\":\"EntryPoint\",\"urlTemplate\":\"https:\\\/\\\/www.fuerstenmahl.li\\\/?s={search_term_string}\"},\"query-input\":{\"@type\":\"PropertyValueSpecification\",\"valueRequired\":true,\"valueName\":\"search_term_string\"}}],\"inLanguage\":\"en-GB\"},{\"@type\":\"Organization\",\"@id\":\"https:\\\/\\\/www.fuerstenmahl.li\\\/#organization\",\"name\":\"F\u00fcrstenmahl Est.\",\"url\":\"https:\\\/\\\/www.fuerstenmahl.li\\\/\",\"logo\":{\"@type\":\"ImageObject\",\"inLanguage\":\"en-GB\",\"@id\":\"https:\\\/\\\/www.fuerstenmahl.li\\\/#\\\/schema\\\/logo\\\/image\\\/\",\"url\":\"https:\\\/\\\/www.fuerstenmahl.li\\\/wp-content\\\/uploads\\\/2020\\\/03\\\/Fuerstenmahl-favicon-1.png\",\"contentUrl\":\"https:\\\/\\\/www.fuerstenmahl.li\\\/wp-content\\\/uploads\\\/2020\\\/03\\\/Fuerstenmahl-favicon-1.png\",\"width\":1024,\"height\":1024,\"caption\":\"F\u00fcrstenmahl Est.\"},\"image\":{\"@id\":\"https:\\\/\\\/www.fuerstenmahl.li\\\/#\\\/schema\\\/logo\\\/image\\\/\"}}]}<\/script>\n<!-- \/ Yoast SEO plugin. -->","yoast_head_json":{"title":"DNA Test f\u00fcr Hunde | F\u00fcr eine artgerechte F\u00fcrsorge | F\u00fcrstenmahl.li","description":"M\u00f6chten Sie endlich wissen, was in Ihrem Liebling steckt? Mit unserem DNA Test f\u00fcr Hunde finden Sie ganz einfach und zuverl\u00e4ssig heraus!","robots":{"index":"index","follow":"follow","max-snippet":"max-snippet:-1","max-image-preview":"max-image-preview:large","max-video-preview":"max-video-preview:-1"},"canonical":"https:\/\/www.fuerstenmahl.li\/en\/dna-test-hund\/","og_locale":"en_GB","og_type":"article","og_title":"DNA Test f\u00fcr Hunde | F\u00fcr eine artgerechte F\u00fcrsorge | F\u00fcrstenmahl.li","og_description":"M\u00f6chten Sie endlich wissen, was in Ihrem Liebling steckt? Mit unserem DNA Test f\u00fcr Hunde finden Sie ganz einfach und zuverl\u00e4ssig heraus!","og_url":"https:\/\/www.fuerstenmahl.li\/en\/dna-test-hund\/","og_site_name":"F\u00fcrstenmahl","article_modified_time":"2024-07-29T06:31:43+00:00","twitter_card":"summary_large_image","twitter_misc":{"Estimated reading time":"1 minute"},"schema":{"@context":"https:\/\/schema.org","@graph":[{"@type":"WebPage","@id":"https:\/\/www.fuerstenmahl.li\/dna-test-hund","url":"https:\/\/www.fuerstenmahl.li\/dna-test-hund","name":"DNA Test f\u00fcr Hunde | F\u00fcr eine artgerechte F\u00fcrsorge | F\u00fcrstenmahl.li","isPartOf":{"@id":"https:\/\/www.fuerstenmahl.li\/#website"},"datePublished":"2021-10-28T15:45:59+00:00","dateModified":"2024-07-29T06:31:43+00:00","description":"M\u00f6chten Sie endlich wissen, was in Ihrem Liebling steckt? Mit unserem DNA Test f\u00fcr Hunde finden Sie ganz einfach und zuverl\u00e4ssig heraus!","breadcrumb":{"@id":"https:\/\/www.fuerstenmahl.li\/dna-test-hund#breadcrumb"},"inLanguage":"en-GB","potentialAction":[{"@type":"ReadAction","target":["https:\/\/www.fuerstenmahl.li\/dna-test-hund"]}]},{"@type":"BreadcrumbList","@id":"https:\/\/www.fuerstenmahl.li\/dna-test-hund#breadcrumb","itemListElement":[{"@type":"ListItem","position":1,"name":"F\u00fcrstenmahl","item":"https:\/\/www.fuerstenmahl.li\/"},{"@type":"ListItem","position":2,"name":"DNA Test"}]},{"@type":"WebSite","@id":"https:\/\/www.fuerstenmahl.li\/#website","url":"https:\/\/www.fuerstenmahl.li\/","name":"F\u00fcrstenmahl","description":"","publisher":{"@id":"https:\/\/www.fuerstenmahl.li\/#organization"},"potentialAction":[{"@type":"SearchAction","target":{"@type":"EntryPoint","urlTemplate":"https:\/\/www.fuerstenmahl.li\/?s={search_term_string}"},"query-input":{"@type":"PropertyValueSpecification","valueRequired":true,"valueName":"search_term_string"}}],"inLanguage":"en-GB"},{"@type":"Organization","@id":"https:\/\/www.fuerstenmahl.li\/#organization","name":"F\u00fcrstenmahl Est.","url":"https:\/\/www.fuerstenmahl.li\/","logo":{"@type":"ImageObject","inLanguage":"en-GB","@id":"https:\/\/www.fuerstenmahl.li\/#\/schema\/logo\/image\/","url":"https:\/\/www.fuerstenmahl.li\/wp-content\/uploads\/2020\/03\/Fuerstenmahl-favicon-1.png","contentUrl":"https:\/\/www.fuerstenmahl.li\/wp-content\/uploads\/2020\/03\/Fuerstenmahl-favicon-1.png","width":1024,"height":1024,"caption":"F\u00fcrstenmahl Est."},"image":{"@id":"https:\/\/www.fuerstenmahl.li\/#\/schema\/logo\/image\/"}}]}},"_links":{"self":[{"href":"https:\/\/www.fuerstenmahl.li\/en\/wp-json\/wp\/v2\/pages\/2130","targetHints":{"allow":["GET"]}}],"collection":[{"href":"https:\/\/www.fuerstenmahl.li\/en\/wp-json\/wp\/v2\/pages"}],"about":[{"href":"https:\/\/www.fuerstenmahl.li\/en\/wp-json\/wp\/v2\/types\/page"}],"author":[{"embeddable":true,"href":"https:\/\/www.fuerstenmahl.li\/en\/wp-json\/wp\/v2\/users\/245"}],"replies":[{"embeddable":true,"href":"https:\/\/www.fuerstenmahl.li\/en\/wp-json\/wp\/v2\/comments?post=2130"}],"version-history":[{"count":22,"href":"https:\/\/www.fuerstenmahl.li\/en\/wp-json\/wp\/v2\/pages\/2130\/revisions"}],"predecessor-version":[{"id":3955,"href":"https:\/\/www.fuerstenmahl.li\/en\/wp-json\/wp\/v2\/pages\/2130\/revisions\/3955"}],"wp:attachment":[{"href":"https:\/\/www.fuerstenmahl.li\/en\/wp-json\/wp\/v2\/media?parent=2130"}],"curies":[{"name":"wp","href":"https:\/\/api.w.org\/{rel}","templated":true}]}}