{"id":2128,"date":"2021-10-28T15:45:09","date_gmt":"2021-10-28T15:45:09","guid":{"rendered":"https:\/\/www.fuerstenmahl.li\/?page_id=2128"},"modified":"2022-12-20T14:37:16","modified_gmt":"2022-12-20T14:37:16","slug":"immunsystem-hund","status":"publish","type":"page","link":"https:\/\/www.fuerstenmahl.li\/en\/immunsystem-hund","title":{"rendered":"Long-Life &#038; Vitalit\u00e4t"},"content":{"rendered":"<div style=\"height:30px\" aria-hidden=\"true\" class=\"wp-block-spacer\"><\/div><h1 class=\"wp-block-heading\">Metabolic Foods &#8211; Immunsystem st\u00e4rken f\u00fcr Hunde<\/h1><div data-block-name=\"woocommerce\/product-category\" data-cat-operator=\"all\" data-categories=\"[42]\" data-content-visibility=\"{&quot;title&quot;:true,&quot;price&quot;:true,&quot;rating&quot;:false,&quot;button&quot;:false}\" class=\"wc-block-grid wp-block-product-category wp-block-woocommerce-product-category wc-block-product-category has-3-columns has-multiple-rows\"><ul class=\"wc-block-grid__products\"><li class=\"wc-block-grid__product\"><span class=\"gtm4wp_productdata\" style=\"display:none; visibility:hidden;\" data-gtm4wp_product_data=\"{&quot;internal_id&quot;:3125,&quot;item_id&quot;:3125,&quot;item_name&quot;:&quot;Metabolic Veggies\\u00ae - Gem\\u00fcsemischung mit AXT 400g&quot;,&quot;sku&quot;:3125,&quot;price&quot;:23.5,&quot;stocklevel&quot;:null,&quot;stockstatus&quot;:&quot;outofstock&quot;,&quot;google_business_vertical&quot;:&quot;retail&quot;,&quot;item_category&quot;:&quot;Zeckenschutz &amp; Vitalit\\u00e4t&quot;,&quot;id&quot;:3125,&quot;productlink&quot;:&quot;https:\\\/\\\/www.fuerstenmahl.li\\\/en\\\/produkte\\\/metabolic-veggies-gemuesemischung-mit-astaxanthin-400g&quot;,&quot;item_list_name&quot;:&quot;General Product List&quot;,&quot;index&quot;:0,&quot;product_type&quot;:&quot;variable&quot;,&quot;item_brand&quot;:&quot;&quot;}\"><\/span>\n\t\t\t\t<a href=\"https:\/\/www.fuerstenmahl.li\/en\/produkte\/metabolic-veggies-gemuesemischung-mit-astaxanthin-400g\" class=\"wc-block-grid__product-link\">\n\t\t\t\t\t\n\t\t\t\t\t<div class=\"wc-block-grid__product-image\"><img loading=\"lazy\" decoding=\"async\" width=\"300\" height=\"300\" src=\"https:\/\/www.fuerstenmahl.li\/wp-content\/uploads\/2022\/11\/Metabolic-Veggies_Bild4-300x300.jpg\" class=\"attachment-woocommerce_thumbnail size-woocommerce_thumbnail\" alt=\"Metabolic Veggies&reg; - Gem&uuml;semischung mit AXT 400g\" srcset=\"https:\/\/www.fuerstenmahl.li\/wp-content\/uploads\/2022\/11\/Metabolic-Veggies_Bild4-300x300.jpg 300w, https:\/\/www.fuerstenmahl.li\/wp-content\/uploads\/2022\/11\/Metabolic-Veggies_Bild4-1024x1024.jpg 1024w, https:\/\/www.fuerstenmahl.li\/wp-content\/uploads\/2022\/11\/Metabolic-Veggies_Bild4-150x150.jpg 150w, https:\/\/www.fuerstenmahl.li\/wp-content\/uploads\/2022\/11\/Metabolic-Veggies_Bild4-768x768.jpg 768w, https:\/\/www.fuerstenmahl.li\/wp-content\/uploads\/2022\/11\/Metabolic-Veggies_Bild4-600x600.jpg 600w, https:\/\/www.fuerstenmahl.li\/wp-content\/uploads\/2022\/11\/Metabolic-Veggies_Bild4-100x100.jpg 100w, https:\/\/www.fuerstenmahl.li\/wp-content\/uploads\/2022\/11\/Metabolic-Veggies_Bild4.jpg 1200w\" sizes=\"auto, (max-width: 300px) 100vw, 300px\"><\/div>\n\t\t\t\t\t<div class=\"wc-block-grid__product-title\">Metabolic Veggies&reg; &#8211; Gem&uuml;semischung mit AXT 400g<\/div>\n\t\t\t\t<\/a>\n\t\t\t\t<div class=\"wc-block-grid__product-price price\"><span class=\"woocommerce-Price-amount amount\"><span class=\"woocommerce-Price-currencySymbol\">CHF<\/span>&nbsp;23,50<\/span><\/div><p class=\"wc-gzd-additional-info wc-gzd-additional-info-loop tax-info\">incl. VAT<\/p><p class=\"wc-gzd-additional-info delivery-time-info wc-gzd-additional-info-loop\"><span class=\"delivery-time-inner delivery-time-ausverkauft-bald-wieder-verfgbar\"><span class=\"delivery-time-data\">Ausverkauft! Bald wieder verf&uuml;gbar<\/span><\/span><\/p>\n\t\t\t\t\n\t\t\t\t\n\t\t\t<\/li>\n<li class=\"wc-block-grid__product\"><span class=\"gtm4wp_productdata\" style=\"display:none; visibility:hidden;\" data-gtm4wp_product_data=\"{&quot;internal_id&quot;:1958,&quot;item_id&quot;:1958,&quot;item_name&quot;:&quot;ProbiaGut\\u00ae - Nat\\u00fcrliches Probiotikum 100ml&quot;,&quot;sku&quot;:1958,&quot;price&quot;:23.9,&quot;stocklevel&quot;:null,&quot;stockstatus&quot;:&quot;outofstock&quot;,&quot;google_business_vertical&quot;:&quot;retail&quot;,&quot;item_category&quot;:&quot;Zeckenschutz &amp; Vitalit\\u00e4t&quot;,&quot;id&quot;:1958,&quot;productlink&quot;:&quot;https:\\\/\\\/www.fuerstenmahl.li\\\/en\\\/produkte\\\/probiagut-natuerliches-probiotikum-100ml&quot;,&quot;item_list_name&quot;:&quot;General Product List&quot;,&quot;index&quot;:0,&quot;product_type&quot;:&quot;variable&quot;,&quot;item_brand&quot;:&quot;&quot;}\"><\/span>\n\t\t\t\t<a href=\"https:\/\/www.fuerstenmahl.li\/en\/produkte\/probiagut-natuerliches-probiotikum-100ml\" class=\"wc-block-grid__product-link\">\n\t\t\t\t\t\n\t\t\t\t\t<div class=\"wc-block-grid__product-image\"><img loading=\"lazy\" decoding=\"async\" width=\"300\" height=\"300\" src=\"https:\/\/www.fuerstenmahl.li\/wp-content\/uploads\/2021\/07\/ProbiaGut-300x300.jpg\" class=\"attachment-woocommerce_thumbnail size-woocommerce_thumbnail\" alt=\"ProbiaGut&reg; - Nat&uuml;rliches Probiotikum 100ml\" srcset=\"https:\/\/www.fuerstenmahl.li\/wp-content\/uploads\/2021\/07\/ProbiaGut-300x300.jpg 300w, https:\/\/www.fuerstenmahl.li\/wp-content\/uploads\/2021\/07\/ProbiaGut-150x150.jpg 150w, https:\/\/www.fuerstenmahl.li\/wp-content\/uploads\/2021\/07\/ProbiaGut-100x100.jpg 100w\" sizes=\"auto, (max-width: 300px) 100vw, 300px\"><\/div>\n\t\t\t\t\t<div class=\"wc-block-grid__product-title\">ProbiaGut&reg; &#8211; Nat&uuml;rliches Probiotikum 100ml<\/div>\n\t\t\t\t<\/a>\n\t\t\t\t<div class=\"wc-block-grid__product-price price\"><span class=\"woocommerce-Price-amount amount\"><span class=\"woocommerce-Price-currencySymbol\">CHF<\/span>&nbsp;23,90<\/span><\/div><p class=\"wc-gzd-additional-info wc-gzd-additional-info-loop tax-info\">incl. VAT<\/p><p class=\"wc-gzd-additional-info delivery-time-info wc-gzd-additional-info-loop\"><span class=\"delivery-time-inner delivery-time-ausverkauft-bald-wieder-verfgbar\"><span class=\"delivery-time-data\">Ausverkauft! Bald wieder verf&uuml;gbar<\/span><\/span><\/p>\n\t\t\t\t\n\t\t\t\t\n\t\t\t<\/li>\n<li class=\"wc-block-grid__product\"><span class=\"gtm4wp_productdata\" style=\"display:none; visibility:hidden;\" data-gtm4wp_product_data=\"{&quot;internal_id&quot;:1475,&quot;item_id&quot;:1475,&quot;item_name&quot;:&quot;ImmunaGut\\u00ae - Pr\\u00e4biotischer Immunoregulator 45g&quot;,&quot;sku&quot;:1475,&quot;price&quot;:16.9,&quot;stocklevel&quot;:null,&quot;stockstatus&quot;:&quot;outofstock&quot;,&quot;google_business_vertical&quot;:&quot;retail&quot;,&quot;item_category&quot;:&quot;Zeckenschutz &amp; Vitalit\\u00e4t&quot;,&quot;id&quot;:1475,&quot;productlink&quot;:&quot;https:\\\/\\\/www.fuerstenmahl.li\\\/en\\\/produkte\\\/immuna-gut&quot;,&quot;item_list_name&quot;:&quot;General Product List&quot;,&quot;index&quot;:0,&quot;product_type&quot;:&quot;variable&quot;,&quot;item_brand&quot;:&quot;&quot;}\"><\/span>\n\t\t\t\t<a href=\"https:\/\/www.fuerstenmahl.li\/en\/produkte\/immuna-gut\" class=\"wc-block-grid__product-link\">\n\t\t\t\t\t\n\t\t\t\t\t<div class=\"wc-block-grid__product-image\"><img loading=\"lazy\" decoding=\"async\" width=\"300\" height=\"300\" src=\"https:\/\/www.fuerstenmahl.li\/wp-content\/uploads\/2020\/12\/ImmunaGut-1-300x300.jpg\" class=\"attachment-woocommerce_thumbnail size-woocommerce_thumbnail\" alt=\"ImmunaGut&reg; - Pr&auml;biotischer Immunoregulator 45g\" srcset=\"https:\/\/www.fuerstenmahl.li\/wp-content\/uploads\/2020\/12\/ImmunaGut-1-300x300.jpg 300w, https:\/\/www.fuerstenmahl.li\/wp-content\/uploads\/2020\/12\/ImmunaGut-1-150x150.jpg 150w, https:\/\/www.fuerstenmahl.li\/wp-content\/uploads\/2020\/12\/ImmunaGut-1-450x450.jpg 450w, https:\/\/www.fuerstenmahl.li\/wp-content\/uploads\/2020\/12\/ImmunaGut-1-100x100.jpg 100w\" sizes=\"auto, (max-width: 300px) 100vw, 300px\"><\/div>\n\t\t\t\t\t<div class=\"wc-block-grid__product-title\">ImmunaGut&reg; &#8211; Pr&auml;biotischer Immunoregulator 45g<\/div>\n\t\t\t\t<\/a>\n\t\t\t\t<div class=\"wc-block-grid__product-price price\"><span class=\"woocommerce-Price-amount amount\"><span class=\"woocommerce-Price-currencySymbol\">CHF<\/span>&nbsp;16,90<\/span><\/div><p class=\"wc-gzd-additional-info wc-gzd-additional-info-loop tax-info\">incl. VAT<\/p><p class=\"wc-gzd-additional-info delivery-time-info wc-gzd-additional-info-loop\"><span class=\"delivery-time-inner delivery-time-ausverkauft-bald-wieder-verfgbar\"><span class=\"delivery-time-data\">Ausverkauft! Bald wieder verf&uuml;gbar<\/span><\/span><\/p>\n\t\t\t\t\n\t\t\t\t\n\t\t\t<\/li>\n<\/ul><\/div><h2 class=\"wp-block-heading\">Unsere hauseigenen Long-Life &amp; Vital Produkte<\/h2><p>Speziell seit Corona (COVID-19) entfaltet sich die Forschung regelrecht im immunologischen Bereich. Noch nie hatte das Immunsystem einen solch hohen Stellenwert und noch nie zuvor war uns dessen Vielf\u00e4ltigkeit so bewusst. Ob bei bakteriellen Infektionen, wie Borreliose, oder viralen Infektionen; das Immunsystem entscheidet \u00fcber Infektion und Ausma\u00df der Symptome. Als Wissenschaftler habe ich gelernt, dass das Immunsystem auf einem Gleichgewicht basiert, wessen zellular metabolischen Prozesse an einem Kreislauf von Faktoren h\u00e4ngen. Zum Beispiel sind f\u00fcr eine <strong>gesunde Darmflora<\/strong> und ein <strong>starkes<\/strong> <strong>Immunsystem<\/strong> eine ausgewogene Ern\u00e4hrung mit einem gesunden Fetts\u00e4uren Verh\u00e4ltnis und pr\u00e4biotischen Ballaststoffen entscheidend. Ein wichtiger Faktor f\u00fcr die Aufrechterhaltung einer gesunden Zellfunktion ist die effiziente Beseitigung von molekularen Abf\u00e4llen, wie z.B. oxidativen Stress, welche durch die allt\u00e4glichen Belastungen des Lebens entstehen. Mit unseren Long-Life &amp; Vital Produkten f\u00f6rdern Sie den gesunden Abbau dieser Abfallstoffe und beugen Lifestylekrankheiten, wie Krebs, Arthrose, Allergien, uvm. vor. Mit unserer <strong>Metabolic Veggies<\/strong> <strong>Gem\u00fcsemischung <\/strong>und unseren<strong> nat\u00fcrlichen Probiotika und Pr\u00e4biotika<\/strong> unterst\u00fctzen Sie den gesunden Zellmetabolismus und k\u00f6nnen so das <strong>Immunsystem beim Hund nachhaltig st\u00e4rken<\/strong> und sein generelles Wohlbefinden langanhaltend f\u00f6rdern. <\/p>","protected":false},"excerpt":{"rendered":"<p>Metabolic Foods &#8211; Immunsystem st\u00e4rken f\u00fcr Hunde Unsere hauseigenen Long-Life &amp; Vital Produkte Speziell seit Corona (COVID-19) entfaltet sich die Forschung regelrecht im immunologischen Bereich. Noch nie hatte das Immunsystem einen solch hohen Stellenwert und &#8230; <\/p>\n<p class=\"read-more-container\"><a title=\"Long-Life &#038; Vitalit\u00e4t\" class=\"read-more button\" href=\"https:\/\/www.fuerstenmahl.li\/en\/immunsystem-hund#more-2128\">Weiterlesen<span class=\"screen-reader-text\">Long-Life &#038; Vitalit\u00e4t<\/span><\/a><\/p>","protected":false},"author":245,"featured_media":0,"parent":0,"menu_order":0,"comment_status":"closed","ping_status":"closed","template":"","meta":{"footnotes":""},"class_list":["post-2128","page","type-page","status-publish"],"yoast_head":"<!-- This site is optimized with the Yoast SEO plugin v27.4 - https:\/\/yoast.com\/product\/yoast-seo-wordpress\/ -->\n<title>Immunsystem st\u00e4rken beim Hund | Vital\u00f6le &amp; Probiotikum | F\u00fcrstenmahl.li<\/title>\n<meta name=\"description\" content=\"Mit dem Vital\u00f6l &amp; den nat\u00fcrlichen Probiotika &amp; Pr\u00e4biotika k\u00f6nnen Sie das Immunsystem beim Hund st\u00e4rken und f\u00f6rdern somit sein Wohlbefinden.\" \/>\n<meta name=\"robots\" content=\"index, follow, max-snippet:-1, max-image-preview:large, max-video-preview:-1\" \/>\n<link rel=\"canonical\" href=\"https:\/\/www.fuerstenmahl.li\/en\/immunsystem-hund\/\" \/>\n<meta property=\"og:locale\" content=\"en_GB\" \/>\n<meta property=\"og:type\" content=\"article\" \/>\n<meta property=\"og:title\" content=\"Immunsystem st\u00e4rken beim Hund | Vital\u00f6le &amp; Probiotikum | F\u00fcrstenmahl.li\" \/>\n<meta property=\"og:description\" content=\"Mit dem Vital\u00f6l &amp; den nat\u00fcrlichen Probiotika &amp; Pr\u00e4biotika k\u00f6nnen Sie das Immunsystem beim Hund st\u00e4rken und f\u00f6rdern somit sein Wohlbefinden.\" \/>\n<meta property=\"og:url\" content=\"https:\/\/www.fuerstenmahl.li\/en\/immunsystem-hund\/\" \/>\n<meta property=\"og:site_name\" content=\"F\u00fcrstenmahl\" \/>\n<meta property=\"article:modified_time\" content=\"2022-12-20T14:37:16+00:00\" \/>\n<meta name=\"twitter:card\" content=\"summary_large_image\" \/>\n<meta name=\"twitter:label1\" content=\"Estimated reading time\" \/>\n\t<meta name=\"twitter:data1\" content=\"2 minutes\" \/>\n<script type=\"application\/ld+json\" class=\"yoast-schema-graph\">{\"@context\":\"https:\\\/\\\/schema.org\",\"@graph\":[{\"@type\":\"WebPage\",\"@id\":\"https:\\\/\\\/www.fuerstenmahl.li\\\/immunsystem-hund\",\"url\":\"https:\\\/\\\/www.fuerstenmahl.li\\\/immunsystem-hund\",\"name\":\"Immunsystem st\u00e4rken beim Hund | Vital\u00f6le & Probiotikum | F\u00fcrstenmahl.li\",\"isPartOf\":{\"@id\":\"https:\\\/\\\/www.fuerstenmahl.li\\\/#website\"},\"datePublished\":\"2021-10-28T15:45:09+00:00\",\"dateModified\":\"2022-12-20T14:37:16+00:00\",\"description\":\"Mit dem Vital\u00f6l & den nat\u00fcrlichen Probiotika & Pr\u00e4biotika k\u00f6nnen Sie das Immunsystem beim Hund st\u00e4rken und f\u00f6rdern somit sein Wohlbefinden.\",\"breadcrumb\":{\"@id\":\"https:\\\/\\\/www.fuerstenmahl.li\\\/immunsystem-hund#breadcrumb\"},\"inLanguage\":\"en-GB\",\"potentialAction\":[{\"@type\":\"ReadAction\",\"target\":[\"https:\\\/\\\/www.fuerstenmahl.li\\\/immunsystem-hund\"]}]},{\"@type\":\"BreadcrumbList\",\"@id\":\"https:\\\/\\\/www.fuerstenmahl.li\\\/immunsystem-hund#breadcrumb\",\"itemListElement\":[{\"@type\":\"ListItem\",\"position\":1,\"name\":\"F\u00fcrstenmahl\",\"item\":\"https:\\\/\\\/www.fuerstenmahl.li\\\/\"},{\"@type\":\"ListItem\",\"position\":2,\"name\":\"Long-Life &#038; Vitalit\u00e4t\"}]},{\"@type\":\"WebSite\",\"@id\":\"https:\\\/\\\/www.fuerstenmahl.li\\\/#website\",\"url\":\"https:\\\/\\\/www.fuerstenmahl.li\\\/\",\"name\":\"F\u00fcrstenmahl\",\"description\":\"\",\"publisher\":{\"@id\":\"https:\\\/\\\/www.fuerstenmahl.li\\\/#organization\"},\"potentialAction\":[{\"@type\":\"SearchAction\",\"target\":{\"@type\":\"EntryPoint\",\"urlTemplate\":\"https:\\\/\\\/www.fuerstenmahl.li\\\/?s={search_term_string}\"},\"query-input\":{\"@type\":\"PropertyValueSpecification\",\"valueRequired\":true,\"valueName\":\"search_term_string\"}}],\"inLanguage\":\"en-GB\"},{\"@type\":\"Organization\",\"@id\":\"https:\\\/\\\/www.fuerstenmahl.li\\\/#organization\",\"name\":\"F\u00fcrstenmahl Est.\",\"url\":\"https:\\\/\\\/www.fuerstenmahl.li\\\/\",\"logo\":{\"@type\":\"ImageObject\",\"inLanguage\":\"en-GB\",\"@id\":\"https:\\\/\\\/www.fuerstenmahl.li\\\/#\\\/schema\\\/logo\\\/image\\\/\",\"url\":\"https:\\\/\\\/www.fuerstenmahl.li\\\/wp-content\\\/uploads\\\/2020\\\/03\\\/Fuerstenmahl-favicon-1.png\",\"contentUrl\":\"https:\\\/\\\/www.fuerstenmahl.li\\\/wp-content\\\/uploads\\\/2020\\\/03\\\/Fuerstenmahl-favicon-1.png\",\"width\":1024,\"height\":1024,\"caption\":\"F\u00fcrstenmahl Est.\"},\"image\":{\"@id\":\"https:\\\/\\\/www.fuerstenmahl.li\\\/#\\\/schema\\\/logo\\\/image\\\/\"}}]}<\/script>\n<!-- \/ Yoast SEO plugin. -->","yoast_head_json":{"title":"Immunsystem st\u00e4rken beim Hund | Vital\u00f6le & Probiotikum | F\u00fcrstenmahl.li","description":"Mit dem Vital\u00f6l & den nat\u00fcrlichen Probiotika & Pr\u00e4biotika k\u00f6nnen Sie das Immunsystem beim Hund st\u00e4rken und f\u00f6rdern somit sein Wohlbefinden.","robots":{"index":"index","follow":"follow","max-snippet":"max-snippet:-1","max-image-preview":"max-image-preview:large","max-video-preview":"max-video-preview:-1"},"canonical":"https:\/\/www.fuerstenmahl.li\/en\/immunsystem-hund\/","og_locale":"en_GB","og_type":"article","og_title":"Immunsystem st\u00e4rken beim Hund | Vital\u00f6le & Probiotikum | F\u00fcrstenmahl.li","og_description":"Mit dem Vital\u00f6l & den nat\u00fcrlichen Probiotika & Pr\u00e4biotika k\u00f6nnen Sie das Immunsystem beim Hund st\u00e4rken und f\u00f6rdern somit sein Wohlbefinden.","og_url":"https:\/\/www.fuerstenmahl.li\/en\/immunsystem-hund\/","og_site_name":"F\u00fcrstenmahl","article_modified_time":"2022-12-20T14:37:16+00:00","twitter_card":"summary_large_image","twitter_misc":{"Estimated reading time":"2 minutes"},"schema":{"@context":"https:\/\/schema.org","@graph":[{"@type":"WebPage","@id":"https:\/\/www.fuerstenmahl.li\/immunsystem-hund","url":"https:\/\/www.fuerstenmahl.li\/immunsystem-hund","name":"Immunsystem st\u00e4rken beim Hund | Vital\u00f6le & Probiotikum | F\u00fcrstenmahl.li","isPartOf":{"@id":"https:\/\/www.fuerstenmahl.li\/#website"},"datePublished":"2021-10-28T15:45:09+00:00","dateModified":"2022-12-20T14:37:16+00:00","description":"Mit dem Vital\u00f6l & den nat\u00fcrlichen Probiotika & Pr\u00e4biotika k\u00f6nnen Sie das Immunsystem beim Hund st\u00e4rken und f\u00f6rdern somit sein Wohlbefinden.","breadcrumb":{"@id":"https:\/\/www.fuerstenmahl.li\/immunsystem-hund#breadcrumb"},"inLanguage":"en-GB","potentialAction":[{"@type":"ReadAction","target":["https:\/\/www.fuerstenmahl.li\/immunsystem-hund"]}]},{"@type":"BreadcrumbList","@id":"https:\/\/www.fuerstenmahl.li\/immunsystem-hund#breadcrumb","itemListElement":[{"@type":"ListItem","position":1,"name":"F\u00fcrstenmahl","item":"https:\/\/www.fuerstenmahl.li\/"},{"@type":"ListItem","position":2,"name":"Long-Life &#038; Vitalit\u00e4t"}]},{"@type":"WebSite","@id":"https:\/\/www.fuerstenmahl.li\/#website","url":"https:\/\/www.fuerstenmahl.li\/","name":"F\u00fcrstenmahl","description":"","publisher":{"@id":"https:\/\/www.fuerstenmahl.li\/#organization"},"potentialAction":[{"@type":"SearchAction","target":{"@type":"EntryPoint","urlTemplate":"https:\/\/www.fuerstenmahl.li\/?s={search_term_string}"},"query-input":{"@type":"PropertyValueSpecification","valueRequired":true,"valueName":"search_term_string"}}],"inLanguage":"en-GB"},{"@type":"Organization","@id":"https:\/\/www.fuerstenmahl.li\/#organization","name":"F\u00fcrstenmahl Est.","url":"https:\/\/www.fuerstenmahl.li\/","logo":{"@type":"ImageObject","inLanguage":"en-GB","@id":"https:\/\/www.fuerstenmahl.li\/#\/schema\/logo\/image\/","url":"https:\/\/www.fuerstenmahl.li\/wp-content\/uploads\/2020\/03\/Fuerstenmahl-favicon-1.png","contentUrl":"https:\/\/www.fuerstenmahl.li\/wp-content\/uploads\/2020\/03\/Fuerstenmahl-favicon-1.png","width":1024,"height":1024,"caption":"F\u00fcrstenmahl Est."},"image":{"@id":"https:\/\/www.fuerstenmahl.li\/#\/schema\/logo\/image\/"}}]}},"_links":{"self":[{"href":"https:\/\/www.fuerstenmahl.li\/en\/wp-json\/wp\/v2\/pages\/2128","targetHints":{"allow":["GET"]}}],"collection":[{"href":"https:\/\/www.fuerstenmahl.li\/en\/wp-json\/wp\/v2\/pages"}],"about":[{"href":"https:\/\/www.fuerstenmahl.li\/en\/wp-json\/wp\/v2\/types\/page"}],"author":[{"embeddable":true,"href":"https:\/\/www.fuerstenmahl.li\/en\/wp-json\/wp\/v2\/users\/245"}],"replies":[{"embeddable":true,"href":"https:\/\/www.fuerstenmahl.li\/en\/wp-json\/wp\/v2\/comments?post=2128"}],"version-history":[{"count":18,"href":"https:\/\/www.fuerstenmahl.li\/en\/wp-json\/wp\/v2\/pages\/2128\/revisions"}],"predecessor-version":[{"id":3215,"href":"https:\/\/www.fuerstenmahl.li\/en\/wp-json\/wp\/v2\/pages\/2128\/revisions\/3215"}],"wp:attachment":[{"href":"https:\/\/www.fuerstenmahl.li\/en\/wp-json\/wp\/v2\/media?parent=2128"}],"curies":[{"name":"wp","href":"https:\/\/api.w.org\/{rel}","templated":true}]}}