{"id":2126,"date":"2021-10-28T15:44:56","date_gmt":"2021-10-28T15:44:56","guid":{"rendered":"https:\/\/www.fuerstenmahl.li\/?page_id=2126"},"modified":"2022-12-20T14:37:04","modified_gmt":"2022-12-20T14:37:04","slug":"zeckenmittel-hund","status":"publish","type":"page","link":"https:\/\/www.fuerstenmahl.li\/en\/zeckenmittel-hund","title":{"rendered":"Zeckenmittel"},"content":{"rendered":"<div style=\"height:30px\" aria-hidden=\"true\" class=\"wp-block-spacer\"><\/div><h1 class=\"wp-block-heading\">Zeckenmittel f\u00fcr Hunde von F\u00fcrstenmahl<\/h1><div data-block-name=\"woocommerce\/product-category\" data-categories=\"[76]\" data-content-visibility=\"{&quot;title&quot;:true,&quot;price&quot;:true,&quot;rating&quot;:false,&quot;button&quot;:false}\" class=\"wc-block-grid wp-block-product-category wp-block-woocommerce-product-category wc-block-product-category has-3-columns has-multiple-rows\"><ul class=\"wc-block-grid__products\"><li class=\"wc-block-grid__product\"><span class=\"gtm4wp_productdata\" style=\"display:none; visibility:hidden;\" data-gtm4wp_product_data=\"{&quot;internal_id&quot;:2284,&quot;item_id&quot;:2284,&quot;item_name&quot;:&quot;Bio Zecken-\\u00d6l 15ml&quot;,&quot;sku&quot;:2284,&quot;price&quot;:21,&quot;stocklevel&quot;:null,&quot;stockstatus&quot;:&quot;outofstock&quot;,&quot;google_business_vertical&quot;:&quot;retail&quot;,&quot;item_category&quot;:&quot;Produkte&quot;,&quot;id&quot;:2284,&quot;productlink&quot;:&quot;https:\\\/\\\/www.fuerstenmahl.li\\\/en\\\/produkte\\\/bio-zecken-oel-15ml&quot;,&quot;item_list_name&quot;:&quot;General Product List&quot;,&quot;index&quot;:0,&quot;product_type&quot;:&quot;variable&quot;,&quot;item_brand&quot;:&quot;&quot;}\"><\/span>\n\t\t\t\t<a href=\"https:\/\/www.fuerstenmahl.li\/en\/produkte\/bio-zecken-oel-15ml\" class=\"wc-block-grid__product-link\">\n\t\t\t\t\t\n\t\t\t\t\t<div class=\"wc-block-grid__product-image\"><img loading=\"lazy\" decoding=\"async\" width=\"300\" height=\"300\" src=\"https:\/\/www.fuerstenmahl.li\/wp-content\/uploads\/2021\/10\/Web_Dropper-300x300.jpg\" class=\"attachment-woocommerce_thumbnail size-woocommerce_thumbnail\" alt=\"Bio Zecken-&Ouml;l 15ml\" srcset=\"https:\/\/www.fuerstenmahl.li\/wp-content\/uploads\/2021\/10\/Web_Dropper-300x300.jpg 300w, https:\/\/www.fuerstenmahl.li\/wp-content\/uploads\/2021\/10\/Web_Dropper-1024x1024.jpg 1024w, https:\/\/www.fuerstenmahl.li\/wp-content\/uploads\/2021\/10\/Web_Dropper-150x150.jpg 150w, https:\/\/www.fuerstenmahl.li\/wp-content\/uploads\/2021\/10\/Web_Dropper-768x768.jpg 768w, https:\/\/www.fuerstenmahl.li\/wp-content\/uploads\/2021\/10\/Web_Dropper-600x600.jpg 600w, https:\/\/www.fuerstenmahl.li\/wp-content\/uploads\/2021\/10\/Web_Dropper-100x100.jpg 100w, https:\/\/www.fuerstenmahl.li\/wp-content\/uploads\/2021\/10\/Web_Dropper.jpg 1200w\" sizes=\"auto, (max-width: 300px) 100vw, 300px\"><\/div>\n\t\t\t\t\t<div class=\"wc-block-grid__product-title\">Bio Zecken-&Ouml;l 15ml<\/div>\n\t\t\t\t<\/a>\n\t\t\t\t<div class=\"wc-block-grid__product-price price\"><span class=\"woocommerce-Price-amount amount\"><span class=\"woocommerce-Price-currencySymbol\">CHF<\/span>&nbsp;21,00<\/span><\/div><p class=\"wc-gzd-additional-info wc-gzd-additional-info-loop tax-info\">incl. VAT<\/p><p class=\"wc-gzd-additional-info delivery-time-info wc-gzd-additional-info-loop\"><span class=\"delivery-time-inner delivery-time-ausverkauft-bald-wieder-verfgbar\"><span class=\"delivery-time-data\">Ausverkauft! Bald wieder verf&uuml;gbar<\/span><\/span><\/p>\n\t\t\t\t\n\t\t\t\t\n\t\t\t<\/li>\n<li class=\"wc-block-grid__product\"><span class=\"gtm4wp_productdata\" style=\"display:none; visibility:hidden;\" data-gtm4wp_product_data=\"{&quot;internal_id&quot;:497,&quot;item_id&quot;:497,&quot;item_name&quot;:&quot;Bio Zecken-Stopp 80g&quot;,&quot;sku&quot;:497,&quot;price&quot;:34.7,&quot;stocklevel&quot;:null,&quot;stockstatus&quot;:&quot;outofstock&quot;,&quot;google_business_vertical&quot;:&quot;retail&quot;,&quot;item_category&quot;:&quot;Produkte&quot;,&quot;id&quot;:497,&quot;productlink&quot;:&quot;https:\\\/\\\/www.fuerstenmahl.li\\\/en\\\/produkte\\\/trockenshampoo&quot;,&quot;item_list_name&quot;:&quot;General Product List&quot;,&quot;index&quot;:0,&quot;product_type&quot;:&quot;variable&quot;,&quot;item_brand&quot;:&quot;&quot;}\"><\/span>\n\t\t\t\t<a href=\"https:\/\/www.fuerstenmahl.li\/en\/produkte\/trockenshampoo\" class=\"wc-block-grid__product-link\">\n\t\t\t\t\t\n\t\t\t\t\t<div class=\"wc-block-grid__product-image\"><img loading=\"lazy\" decoding=\"async\" width=\"300\" height=\"300\" src=\"https:\/\/www.fuerstenmahl.li\/wp-content\/uploads\/2020\/07\/Web_Dose-single_Background_2-300x300.jpg\" class=\"attachment-woocommerce_thumbnail size-woocommerce_thumbnail\" alt=\"Zeckenmittel f&uuml;r Hunde - F&uuml;rstenmahl\" srcset=\"https:\/\/www.fuerstenmahl.li\/wp-content\/uploads\/2020\/07\/Web_Dose-single_Background_2-300x300.jpg 300w, https:\/\/www.fuerstenmahl.li\/wp-content\/uploads\/2020\/07\/Web_Dose-single_Background_2-1024x1024.jpg 1024w, https:\/\/www.fuerstenmahl.li\/wp-content\/uploads\/2020\/07\/Web_Dose-single_Background_2-150x150.jpg 150w, https:\/\/www.fuerstenmahl.li\/wp-content\/uploads\/2020\/07\/Web_Dose-single_Background_2-768x768.jpg 768w, https:\/\/www.fuerstenmahl.li\/wp-content\/uploads\/2020\/07\/Web_Dose-single_Background_2-600x600.jpg 600w, https:\/\/www.fuerstenmahl.li\/wp-content\/uploads\/2020\/07\/Web_Dose-single_Background_2-100x100.jpg 100w, https:\/\/www.fuerstenmahl.li\/wp-content\/uploads\/2020\/07\/Web_Dose-single_Background_2.jpg 1200w\" sizes=\"auto, (max-width: 300px) 100vw, 300px\"><\/div>\n\t\t\t\t\t<div class=\"wc-block-grid__product-title\">Bio Zecken-Stopp 80g<\/div>\n\t\t\t\t<\/a>\n\t\t\t\t<div class=\"wc-block-grid__product-price price\"><span class=\"woocommerce-Price-amount amount\"><span class=\"woocommerce-Price-currencySymbol\">CHF<\/span>&nbsp;34,70<\/span><\/div><p class=\"wc-gzd-additional-info wc-gzd-additional-info-loop tax-info\">incl. VAT<\/p><p class=\"wc-gzd-additional-info delivery-time-info wc-gzd-additional-info-loop\"><span class=\"delivery-time-inner delivery-time-ausverkauft-bald-wieder-verfgbar\"><span class=\"delivery-time-data\">Ausverkauft! Bald wieder verf&uuml;gbar<\/span><\/span><\/p>\n\t\t\t\t\n\t\t\t\t\n\t\t\t<\/li>\n<\/ul><\/div><h2 class=\"wp-block-heading\">Unsere hauseigenen Zeckenmittel<\/h2><p>Sobald die Temperaturen steigen und die Gr\u00e4ser spriessen, gehen die blutsaugenden Parasiten in Position. Um Ihren Liebling effektiv vor Zecken und vor allem den stetig steigenden krankheitsbedingten Folgesch\u00e4den zu sch\u00fctzen, empfehlen wir einen vollumf\u00e4nglichen Schutz von innen und au\u00dfen. Unser rein <strong>nat\u00fcrliches &amp; biologisches Mittel gegen Zecken f\u00fcr Hunde<\/strong> sch\u00fctzt langanhaltend vor Zecken, L\u00e4usen und Fl\u00f6hen ganz ohne chemische Zus\u00e4tze. Um auch innerlich vor einer bakteriell-bedingten Borreliose bzw. dessen Ausbruch zu sch\u00fctzen, ist die Aufrechterhaltung eines gesunden Immunsystems unentbehrlich. F\u00fcr die nachhaltige St\u00e4rkung des Immunsystems Ihres Hundes bieten wir nat\u00fcrliche Probiotika, Pr\u00e4biotika und Vital\u00f6le an. <\/p>","protected":false},"excerpt":{"rendered":"<p>Zeckenmittel f\u00fcr Hunde von F\u00fcrstenmahl Unsere hauseigenen Zeckenmittel Sobald die Temperaturen steigen und die Gr\u00e4ser spriessen, gehen die blutsaugenden Parasiten in Position. Um Ihren Liebling effektiv vor Zecken und vor allem den stetig steigenden krankheitsbedingten &#8230; <\/p>\n<p class=\"read-more-container\"><a title=\"Zeckenmittel\" class=\"read-more button\" href=\"https:\/\/www.fuerstenmahl.li\/en\/zeckenmittel-hund#more-2126\">Weiterlesen<span class=\"screen-reader-text\">Zeckenmittel<\/span><\/a><\/p>","protected":false},"author":245,"featured_media":0,"parent":0,"menu_order":0,"comment_status":"closed","ping_status":"closed","template":"","meta":{"footnotes":""},"class_list":["post-2126","page","type-page","status-publish"],"yoast_head":"<!-- This site is optimized with the Yoast SEO plugin v27.4 - https:\/\/yoast.com\/product\/yoast-seo-wordpress\/ -->\n<title>Mittel gegen Zecken beim Hund | 100% nat\u00fcrlich &amp; Bio | F\u00fcrstenmahl.li<\/title>\n<meta name=\"description\" content=\"Unser nat\u00fcrliches &amp; biologisches Mittel gegen Zecken f\u00fcr Hunde sch\u00fctzt langanhaltend vor Zecken und Fl\u00f6hen ganz ohne chemische Zus\u00e4tze.\" \/>\n<meta name=\"robots\" content=\"index, follow, max-snippet:-1, max-image-preview:large, max-video-preview:-1\" \/>\n<link rel=\"canonical\" href=\"https:\/\/www.fuerstenmahl.li\/en\/zeckenmittel-hund\/\" \/>\n<meta property=\"og:locale\" content=\"en_GB\" \/>\n<meta property=\"og:type\" content=\"article\" \/>\n<meta property=\"og:title\" content=\"Mittel gegen Zecken beim Hund | 100% nat\u00fcrlich &amp; Bio | F\u00fcrstenmahl.li\" \/>\n<meta property=\"og:description\" content=\"Unser nat\u00fcrliches &amp; biologisches Mittel gegen Zecken f\u00fcr Hunde sch\u00fctzt langanhaltend vor Zecken und Fl\u00f6hen ganz ohne chemische Zus\u00e4tze.\" \/>\n<meta property=\"og:url\" content=\"https:\/\/www.fuerstenmahl.li\/en\/zeckenmittel-hund\/\" \/>\n<meta property=\"og:site_name\" content=\"F\u00fcrstenmahl\" \/>\n<meta property=\"article:modified_time\" content=\"2022-12-20T14:37:04+00:00\" \/>\n<meta name=\"twitter:card\" content=\"summary_large_image\" \/>\n<meta name=\"twitter:label1\" content=\"Estimated reading time\" \/>\n\t<meta name=\"twitter:data1\" content=\"1 minute\" \/>\n<script type=\"application\/ld+json\" class=\"yoast-schema-graph\">{\"@context\":\"https:\\\/\\\/schema.org\",\"@graph\":[{\"@type\":\"WebPage\",\"@id\":\"https:\\\/\\\/www.fuerstenmahl.li\\\/zeckenmittel-hund\",\"url\":\"https:\\\/\\\/www.fuerstenmahl.li\\\/zeckenmittel-hund\",\"name\":\"Mittel gegen Zecken beim Hund | 100% nat\u00fcrlich & Bio | F\u00fcrstenmahl.li\",\"isPartOf\":{\"@id\":\"https:\\\/\\\/www.fuerstenmahl.li\\\/#website\"},\"datePublished\":\"2021-10-28T15:44:56+00:00\",\"dateModified\":\"2022-12-20T14:37:04+00:00\",\"description\":\"Unser nat\u00fcrliches & biologisches Mittel gegen Zecken f\u00fcr Hunde sch\u00fctzt langanhaltend vor Zecken und Fl\u00f6hen ganz ohne chemische Zus\u00e4tze.\",\"breadcrumb\":{\"@id\":\"https:\\\/\\\/www.fuerstenmahl.li\\\/zeckenmittel-hund#breadcrumb\"},\"inLanguage\":\"en-GB\",\"potentialAction\":[{\"@type\":\"ReadAction\",\"target\":[\"https:\\\/\\\/www.fuerstenmahl.li\\\/zeckenmittel-hund\"]}]},{\"@type\":\"BreadcrumbList\",\"@id\":\"https:\\\/\\\/www.fuerstenmahl.li\\\/zeckenmittel-hund#breadcrumb\",\"itemListElement\":[{\"@type\":\"ListItem\",\"position\":1,\"name\":\"F\u00fcrstenmahl\",\"item\":\"https:\\\/\\\/www.fuerstenmahl.li\\\/\"},{\"@type\":\"ListItem\",\"position\":2,\"name\":\"Zeckenmittel\"}]},{\"@type\":\"WebSite\",\"@id\":\"https:\\\/\\\/www.fuerstenmahl.li\\\/#website\",\"url\":\"https:\\\/\\\/www.fuerstenmahl.li\\\/\",\"name\":\"F\u00fcrstenmahl\",\"description\":\"\",\"publisher\":{\"@id\":\"https:\\\/\\\/www.fuerstenmahl.li\\\/#organization\"},\"potentialAction\":[{\"@type\":\"SearchAction\",\"target\":{\"@type\":\"EntryPoint\",\"urlTemplate\":\"https:\\\/\\\/www.fuerstenmahl.li\\\/?s={search_term_string}\"},\"query-input\":{\"@type\":\"PropertyValueSpecification\",\"valueRequired\":true,\"valueName\":\"search_term_string\"}}],\"inLanguage\":\"en-GB\"},{\"@type\":\"Organization\",\"@id\":\"https:\\\/\\\/www.fuerstenmahl.li\\\/#organization\",\"name\":\"F\u00fcrstenmahl Est.\",\"url\":\"https:\\\/\\\/www.fuerstenmahl.li\\\/\",\"logo\":{\"@type\":\"ImageObject\",\"inLanguage\":\"en-GB\",\"@id\":\"https:\\\/\\\/www.fuerstenmahl.li\\\/#\\\/schema\\\/logo\\\/image\\\/\",\"url\":\"https:\\\/\\\/www.fuerstenmahl.li\\\/wp-content\\\/uploads\\\/2020\\\/03\\\/Fuerstenmahl-favicon-1.png\",\"contentUrl\":\"https:\\\/\\\/www.fuerstenmahl.li\\\/wp-content\\\/uploads\\\/2020\\\/03\\\/Fuerstenmahl-favicon-1.png\",\"width\":1024,\"height\":1024,\"caption\":\"F\u00fcrstenmahl Est.\"},\"image\":{\"@id\":\"https:\\\/\\\/www.fuerstenmahl.li\\\/#\\\/schema\\\/logo\\\/image\\\/\"}}]}<\/script>\n<!-- \/ Yoast SEO plugin. -->","yoast_head_json":{"title":"Mittel gegen Zecken beim Hund | 100% nat\u00fcrlich & Bio | F\u00fcrstenmahl.li","description":"Unser nat\u00fcrliches & biologisches Mittel gegen Zecken f\u00fcr Hunde sch\u00fctzt langanhaltend vor Zecken und Fl\u00f6hen ganz ohne chemische Zus\u00e4tze.","robots":{"index":"index","follow":"follow","max-snippet":"max-snippet:-1","max-image-preview":"max-image-preview:large","max-video-preview":"max-video-preview:-1"},"canonical":"https:\/\/www.fuerstenmahl.li\/en\/zeckenmittel-hund\/","og_locale":"en_GB","og_type":"article","og_title":"Mittel gegen Zecken beim Hund | 100% nat\u00fcrlich & Bio | F\u00fcrstenmahl.li","og_description":"Unser nat\u00fcrliches & biologisches Mittel gegen Zecken f\u00fcr Hunde sch\u00fctzt langanhaltend vor Zecken und Fl\u00f6hen ganz ohne chemische Zus\u00e4tze.","og_url":"https:\/\/www.fuerstenmahl.li\/en\/zeckenmittel-hund\/","og_site_name":"F\u00fcrstenmahl","article_modified_time":"2022-12-20T14:37:04+00:00","twitter_card":"summary_large_image","twitter_misc":{"Estimated reading time":"1 minute"},"schema":{"@context":"https:\/\/schema.org","@graph":[{"@type":"WebPage","@id":"https:\/\/www.fuerstenmahl.li\/zeckenmittel-hund","url":"https:\/\/www.fuerstenmahl.li\/zeckenmittel-hund","name":"Mittel gegen Zecken beim Hund | 100% nat\u00fcrlich & Bio | F\u00fcrstenmahl.li","isPartOf":{"@id":"https:\/\/www.fuerstenmahl.li\/#website"},"datePublished":"2021-10-28T15:44:56+00:00","dateModified":"2022-12-20T14:37:04+00:00","description":"Unser nat\u00fcrliches & biologisches Mittel gegen Zecken f\u00fcr Hunde sch\u00fctzt langanhaltend vor Zecken und Fl\u00f6hen ganz ohne chemische Zus\u00e4tze.","breadcrumb":{"@id":"https:\/\/www.fuerstenmahl.li\/zeckenmittel-hund#breadcrumb"},"inLanguage":"en-GB","potentialAction":[{"@type":"ReadAction","target":["https:\/\/www.fuerstenmahl.li\/zeckenmittel-hund"]}]},{"@type":"BreadcrumbList","@id":"https:\/\/www.fuerstenmahl.li\/zeckenmittel-hund#breadcrumb","itemListElement":[{"@type":"ListItem","position":1,"name":"F\u00fcrstenmahl","item":"https:\/\/www.fuerstenmahl.li\/"},{"@type":"ListItem","position":2,"name":"Zeckenmittel"}]},{"@type":"WebSite","@id":"https:\/\/www.fuerstenmahl.li\/#website","url":"https:\/\/www.fuerstenmahl.li\/","name":"F\u00fcrstenmahl","description":"","publisher":{"@id":"https:\/\/www.fuerstenmahl.li\/#organization"},"potentialAction":[{"@type":"SearchAction","target":{"@type":"EntryPoint","urlTemplate":"https:\/\/www.fuerstenmahl.li\/?s={search_term_string}"},"query-input":{"@type":"PropertyValueSpecification","valueRequired":true,"valueName":"search_term_string"}}],"inLanguage":"en-GB"},{"@type":"Organization","@id":"https:\/\/www.fuerstenmahl.li\/#organization","name":"F\u00fcrstenmahl Est.","url":"https:\/\/www.fuerstenmahl.li\/","logo":{"@type":"ImageObject","inLanguage":"en-GB","@id":"https:\/\/www.fuerstenmahl.li\/#\/schema\/logo\/image\/","url":"https:\/\/www.fuerstenmahl.li\/wp-content\/uploads\/2020\/03\/Fuerstenmahl-favicon-1.png","contentUrl":"https:\/\/www.fuerstenmahl.li\/wp-content\/uploads\/2020\/03\/Fuerstenmahl-favicon-1.png","width":1024,"height":1024,"caption":"F\u00fcrstenmahl Est."},"image":{"@id":"https:\/\/www.fuerstenmahl.li\/#\/schema\/logo\/image\/"}}]}},"_links":{"self":[{"href":"https:\/\/www.fuerstenmahl.li\/en\/wp-json\/wp\/v2\/pages\/2126","targetHints":{"allow":["GET"]}}],"collection":[{"href":"https:\/\/www.fuerstenmahl.li\/en\/wp-json\/wp\/v2\/pages"}],"about":[{"href":"https:\/\/www.fuerstenmahl.li\/en\/wp-json\/wp\/v2\/types\/page"}],"author":[{"embeddable":true,"href":"https:\/\/www.fuerstenmahl.li\/en\/wp-json\/wp\/v2\/users\/245"}],"replies":[{"embeddable":true,"href":"https:\/\/www.fuerstenmahl.li\/en\/wp-json\/wp\/v2\/comments?post=2126"}],"version-history":[{"count":13,"href":"https:\/\/www.fuerstenmahl.li\/en\/wp-json\/wp\/v2\/pages\/2126\/revisions"}],"predecessor-version":[{"id":3214,"href":"https:\/\/www.fuerstenmahl.li\/en\/wp-json\/wp\/v2\/pages\/2126\/revisions\/3214"}],"wp:attachment":[{"href":"https:\/\/www.fuerstenmahl.li\/en\/wp-json\/wp\/v2\/media?parent=2126"}],"curies":[{"name":"wp","href":"https:\/\/api.w.org\/{rel}","templated":true}]}}