{"id":158,"date":"2020-03-03T13:32:25","date_gmt":"2020-03-03T13:32:25","guid":{"rendered":"https:\/\/wp.fuerstenmahl.li\/?page_id=158"},"modified":"2025-12-07T11:00:30","modified_gmt":"2025-12-07T11:00:30","slug":"team","status":"publish","type":"page","link":"https:\/\/www.fuerstenmahl.li\/en\/team","title":{"rendered":"Team"},"content":{"rendered":"<div style=\"visibility:hidden;height:22px;\"> <\/div><div class=\"wp-block-columns is-layout-flex wp-container-core-columns-is-layout-9d6595d7 wp-block-columns-is-layout-flex\"><div class=\"wp-block-column is-layout-flow wp-block-column-is-layout-flow\"><figure class=\"wp-block-image size-large\"><img loading=\"lazy\" decoding=\"async\" width=\"753\" height=\"1024\" src=\"https:\/\/www.fuerstenmahl.li\/wp-content\/uploads\/2020\/04\/fuerstenmahl-team@2x-753x1024.jpg\" alt=\"Das Team hinter F\u00fcrstenmahl\" class=\"wp-image-711\" srcset=\"https:\/\/www.fuerstenmahl.li\/wp-content\/uploads\/2020\/04\/fuerstenmahl-team@2x-753x1024.jpg 753w, https:\/\/www.fuerstenmahl.li\/wp-content\/uploads\/2020\/04\/fuerstenmahl-team@2x-221x300.jpg 221w, https:\/\/www.fuerstenmahl.li\/wp-content\/uploads\/2020\/04\/fuerstenmahl-team@2x-768x1044.jpg 768w, https:\/\/www.fuerstenmahl.li\/wp-content\/uploads\/2020\/04\/fuerstenmahl-team@2x-600x816.jpg 600w, https:\/\/www.fuerstenmahl.li\/wp-content\/uploads\/2020\/04\/fuerstenmahl-team@2x.jpg 1000w\" sizes=\"auto, (max-width: 753px) 100vw, 753px\" \/><\/figure><\/div>\n\n<div class=\"wp-block-column is-layout-flow wp-block-column-is-layout-flow\"><p><strong>Karin Theresia Elsensohn<\/strong><br><em>Gesch\u00e4ftsleitung<\/em><br>Heilpraktikerin<br>Dipl. Hom\u00f6opathin &amp; Logotherapeutin<br>In der Ausbildung zur Hundeern\u00e4hrungsberatung<\/p>\n\n<p><strong>Dr. Pascal B\u00fcttiker<\/strong><br><em>Gesch\u00e4ftsf\u00fchrer<\/em><br>Wissenschaftler<br>PhD in med. Psych.<br>im Bereich der Neurovirologie<\/p>\n\n<p><strong>Rasco<\/strong><br><em>Quality Control<\/em><br>Familienmitglied &amp; Ausl\u00f6ser der Unternehmensgr\u00fcndung<br>Mischlingshund aus Tschechien<br>Lausbub &amp; Allergiker <\/p>\n\n<p><strong>Serge Hungerb\u00fchler<\/strong><br><em>Mitarbeiter \/ Head of Business Administration<\/em><br>Kaufmann<br>Verantwortlich f\u00fcr die Gesch\u00e4ftsadministration<br>inklusive Einkauf, Verkauf &amp; Finanzen<\/p><\/div><\/div><p><\/p><h2 class=\"wp-block-heading\"><\/h2><p><\/p>","protected":false},"excerpt":{"rendered":"<p>Karin Theresia ElsensohnGesch\u00e4ftsleitungHeilpraktikerinDipl. Hom\u00f6opathin &amp; LogotherapeutinIn der Ausbildung zur Hundeern\u00e4hrungsberatung Dr. Pascal B\u00fcttikerGesch\u00e4ftsf\u00fchrerWissenschaftlerPhD in med. Psych.im Bereich der Neurovirologie RascoQuality ControlFamilienmitglied &amp; Ausl\u00f6ser der Unternehmensgr\u00fcndungMischlingshund aus TschechienLausbub &amp; Allergiker Serge Hungerb\u00fchlerMitarbeiter \/ Head of Business &#8230; <\/p>\n<p class=\"read-more-container\"><a title=\"Team\" class=\"read-more button\" href=\"https:\/\/www.fuerstenmahl.li\/en\/team#more-158\">Weiterlesen<span class=\"screen-reader-text\">Team<\/span><\/a><\/p>","protected":false},"author":1,"featured_media":0,"parent":0,"menu_order":0,"comment_status":"closed","ping_status":"closed","template":"","meta":{"footnotes":""},"class_list":["post-158","page","type-page","status-publish"],"yoast_head":"<!-- This site is optimized with the Yoast SEO plugin v27.4 - https:\/\/yoast.com\/product\/yoast-seo-wordpress\/ -->\n<title>Das Team hinter dem Onlineshop | F\u00fcrstenmahl<\/title>\n<meta name=\"description\" content=\"F\u00fcrstenmahl ist das Familienunternehmen von Pascal B\u00fcttiker, Karin Elsensohn nat\u00fcrlich ihren Vierbeinern, die sie inspirieren und motivieren.\" \/>\n<meta name=\"robots\" content=\"index, follow, max-snippet:-1, max-image-preview:large, max-video-preview:-1\" \/>\n<link rel=\"canonical\" href=\"https:\/\/www.fuerstenmahl.li\/en\/team\/\" \/>\n<meta property=\"og:locale\" content=\"en_GB\" \/>\n<meta property=\"og:type\" content=\"article\" \/>\n<meta property=\"og:title\" content=\"Das Team hinter dem Onlineshop | F\u00fcrstenmahl\" \/>\n<meta property=\"og:description\" content=\"F\u00fcrstenmahl ist das Familienunternehmen von Pascal B\u00fcttiker, Karin Elsensohn nat\u00fcrlich ihren Vierbeinern, die sie inspirieren und motivieren.\" \/>\n<meta property=\"og:url\" content=\"https:\/\/www.fuerstenmahl.li\/en\/team\/\" \/>\n<meta property=\"og:site_name\" content=\"F\u00fcrstenmahl\" \/>\n<meta property=\"article:modified_time\" content=\"2025-12-07T11:00:30+00:00\" \/>\n<meta property=\"og:image\" content=\"https:\/\/www.fuerstenmahl.li\/wp-content\/uploads\/2020\/04\/fuerstenmahl-team@2x.jpg\" \/>\n\t<meta property=\"og:image:width\" content=\"1000\" \/>\n\t<meta property=\"og:image:height\" content=\"1360\" \/>\n\t<meta property=\"og:image:type\" content=\"image\/jpeg\" \/>\n<meta name=\"twitter:card\" content=\"summary_large_image\" \/>\n<meta name=\"twitter:label1\" content=\"Estimated reading time\" \/>\n\t<meta name=\"twitter:data1\" content=\"1 minute\" \/>\n<script type=\"application\/ld+json\" class=\"yoast-schema-graph\">{\"@context\":\"https:\\\/\\\/schema.org\",\"@graph\":[{\"@type\":\"WebPage\",\"@id\":\"https:\\\/\\\/www.fuerstenmahl.li\\\/team\",\"url\":\"https:\\\/\\\/www.fuerstenmahl.li\\\/team\",\"name\":\"Das Team hinter dem Onlineshop | F\u00fcrstenmahl\",\"isPartOf\":{\"@id\":\"https:\\\/\\\/www.fuerstenmahl.li\\\/#website\"},\"primaryImageOfPage\":{\"@id\":\"https:\\\/\\\/www.fuerstenmahl.li\\\/team#primaryimage\"},\"image\":{\"@id\":\"https:\\\/\\\/www.fuerstenmahl.li\\\/team#primaryimage\"},\"thumbnailUrl\":\"https:\\\/\\\/www.fuerstenmahl.li\\\/wp-content\\\/uploads\\\/2020\\\/04\\\/fuerstenmahl-team@2x-753x1024.jpg\",\"datePublished\":\"2020-03-03T13:32:25+00:00\",\"dateModified\":\"2025-12-07T11:00:30+00:00\",\"description\":\"F\u00fcrstenmahl ist das Familienunternehmen von Pascal B\u00fcttiker, Karin Elsensohn nat\u00fcrlich ihren Vierbeinern, die sie inspirieren und motivieren.\",\"breadcrumb\":{\"@id\":\"https:\\\/\\\/www.fuerstenmahl.li\\\/team#breadcrumb\"},\"inLanguage\":\"en-GB\",\"potentialAction\":[{\"@type\":\"ReadAction\",\"target\":[\"https:\\\/\\\/www.fuerstenmahl.li\\\/team\"]}]},{\"@type\":\"ImageObject\",\"inLanguage\":\"en-GB\",\"@id\":\"https:\\\/\\\/www.fuerstenmahl.li\\\/team#primaryimage\",\"url\":\"https:\\\/\\\/www.fuerstenmahl.li\\\/wp-content\\\/uploads\\\/2020\\\/04\\\/fuerstenmahl-team@2x-753x1024.jpg\",\"contentUrl\":\"https:\\\/\\\/www.fuerstenmahl.li\\\/wp-content\\\/uploads\\\/2020\\\/04\\\/fuerstenmahl-team@2x-753x1024.jpg\"},{\"@type\":\"BreadcrumbList\",\"@id\":\"https:\\\/\\\/www.fuerstenmahl.li\\\/team#breadcrumb\",\"itemListElement\":[{\"@type\":\"ListItem\",\"position\":1,\"name\":\"F\u00fcrstenmahl\",\"item\":\"https:\\\/\\\/www.fuerstenmahl.li\\\/\"},{\"@type\":\"ListItem\",\"position\":2,\"name\":\"Team\"}]},{\"@type\":\"WebSite\",\"@id\":\"https:\\\/\\\/www.fuerstenmahl.li\\\/#website\",\"url\":\"https:\\\/\\\/www.fuerstenmahl.li\\\/\",\"name\":\"F\u00fcrstenmahl\",\"description\":\"\",\"publisher\":{\"@id\":\"https:\\\/\\\/www.fuerstenmahl.li\\\/#organization\"},\"potentialAction\":[{\"@type\":\"SearchAction\",\"target\":{\"@type\":\"EntryPoint\",\"urlTemplate\":\"https:\\\/\\\/www.fuerstenmahl.li\\\/?s={search_term_string}\"},\"query-input\":{\"@type\":\"PropertyValueSpecification\",\"valueRequired\":true,\"valueName\":\"search_term_string\"}}],\"inLanguage\":\"en-GB\"},{\"@type\":\"Organization\",\"@id\":\"https:\\\/\\\/www.fuerstenmahl.li\\\/#organization\",\"name\":\"F\u00fcrstenmahl Est.\",\"url\":\"https:\\\/\\\/www.fuerstenmahl.li\\\/\",\"logo\":{\"@type\":\"ImageObject\",\"inLanguage\":\"en-GB\",\"@id\":\"https:\\\/\\\/www.fuerstenmahl.li\\\/#\\\/schema\\\/logo\\\/image\\\/\",\"url\":\"https:\\\/\\\/www.fuerstenmahl.li\\\/wp-content\\\/uploads\\\/2020\\\/03\\\/Fuerstenmahl-favicon-1.png\",\"contentUrl\":\"https:\\\/\\\/www.fuerstenmahl.li\\\/wp-content\\\/uploads\\\/2020\\\/03\\\/Fuerstenmahl-favicon-1.png\",\"width\":1024,\"height\":1024,\"caption\":\"F\u00fcrstenmahl Est.\"},\"image\":{\"@id\":\"https:\\\/\\\/www.fuerstenmahl.li\\\/#\\\/schema\\\/logo\\\/image\\\/\"}}]}<\/script>\n<!-- \/ Yoast SEO plugin. -->","yoast_head_json":{"title":"Das Team hinter dem Onlineshop | F\u00fcrstenmahl","description":"F\u00fcrstenmahl ist das Familienunternehmen von Pascal B\u00fcttiker, Karin Elsensohn nat\u00fcrlich ihren Vierbeinern, die sie inspirieren und motivieren.","robots":{"index":"index","follow":"follow","max-snippet":"max-snippet:-1","max-image-preview":"max-image-preview:large","max-video-preview":"max-video-preview:-1"},"canonical":"https:\/\/www.fuerstenmahl.li\/en\/team\/","og_locale":"en_GB","og_type":"article","og_title":"Das Team hinter dem Onlineshop | F\u00fcrstenmahl","og_description":"F\u00fcrstenmahl ist das Familienunternehmen von Pascal B\u00fcttiker, Karin Elsensohn nat\u00fcrlich ihren Vierbeinern, die sie inspirieren und motivieren.","og_url":"https:\/\/www.fuerstenmahl.li\/en\/team\/","og_site_name":"F\u00fcrstenmahl","article_modified_time":"2025-12-07T11:00:30+00:00","og_image":[{"width":1000,"height":1360,"url":"https:\/\/www.fuerstenmahl.li\/wp-content\/uploads\/2020\/04\/fuerstenmahl-team@2x.jpg","type":"image\/jpeg"}],"twitter_card":"summary_large_image","twitter_misc":{"Estimated reading time":"1 minute"},"schema":{"@context":"https:\/\/schema.org","@graph":[{"@type":"WebPage","@id":"https:\/\/www.fuerstenmahl.li\/team","url":"https:\/\/www.fuerstenmahl.li\/team","name":"Das Team hinter dem Onlineshop | F\u00fcrstenmahl","isPartOf":{"@id":"https:\/\/www.fuerstenmahl.li\/#website"},"primaryImageOfPage":{"@id":"https:\/\/www.fuerstenmahl.li\/team#primaryimage"},"image":{"@id":"https:\/\/www.fuerstenmahl.li\/team#primaryimage"},"thumbnailUrl":"https:\/\/www.fuerstenmahl.li\/wp-content\/uploads\/2020\/04\/fuerstenmahl-team@2x-753x1024.jpg","datePublished":"2020-03-03T13:32:25+00:00","dateModified":"2025-12-07T11:00:30+00:00","description":"F\u00fcrstenmahl ist das Familienunternehmen von Pascal B\u00fcttiker, Karin Elsensohn nat\u00fcrlich ihren Vierbeinern, die sie inspirieren und motivieren.","breadcrumb":{"@id":"https:\/\/www.fuerstenmahl.li\/team#breadcrumb"},"inLanguage":"en-GB","potentialAction":[{"@type":"ReadAction","target":["https:\/\/www.fuerstenmahl.li\/team"]}]},{"@type":"ImageObject","inLanguage":"en-GB","@id":"https:\/\/www.fuerstenmahl.li\/team#primaryimage","url":"https:\/\/www.fuerstenmahl.li\/wp-content\/uploads\/2020\/04\/fuerstenmahl-team@2x-753x1024.jpg","contentUrl":"https:\/\/www.fuerstenmahl.li\/wp-content\/uploads\/2020\/04\/fuerstenmahl-team@2x-753x1024.jpg"},{"@type":"BreadcrumbList","@id":"https:\/\/www.fuerstenmahl.li\/team#breadcrumb","itemListElement":[{"@type":"ListItem","position":1,"name":"F\u00fcrstenmahl","item":"https:\/\/www.fuerstenmahl.li\/"},{"@type":"ListItem","position":2,"name":"Team"}]},{"@type":"WebSite","@id":"https:\/\/www.fuerstenmahl.li\/#website","url":"https:\/\/www.fuerstenmahl.li\/","name":"F\u00fcrstenmahl","description":"","publisher":{"@id":"https:\/\/www.fuerstenmahl.li\/#organization"},"potentialAction":[{"@type":"SearchAction","target":{"@type":"EntryPoint","urlTemplate":"https:\/\/www.fuerstenmahl.li\/?s={search_term_string}"},"query-input":{"@type":"PropertyValueSpecification","valueRequired":true,"valueName":"search_term_string"}}],"inLanguage":"en-GB"},{"@type":"Organization","@id":"https:\/\/www.fuerstenmahl.li\/#organization","name":"F\u00fcrstenmahl Est.","url":"https:\/\/www.fuerstenmahl.li\/","logo":{"@type":"ImageObject","inLanguage":"en-GB","@id":"https:\/\/www.fuerstenmahl.li\/#\/schema\/logo\/image\/","url":"https:\/\/www.fuerstenmahl.li\/wp-content\/uploads\/2020\/03\/Fuerstenmahl-favicon-1.png","contentUrl":"https:\/\/www.fuerstenmahl.li\/wp-content\/uploads\/2020\/03\/Fuerstenmahl-favicon-1.png","width":1024,"height":1024,"caption":"F\u00fcrstenmahl Est."},"image":{"@id":"https:\/\/www.fuerstenmahl.li\/#\/schema\/logo\/image\/"}}]}},"_links":{"self":[{"href":"https:\/\/www.fuerstenmahl.li\/en\/wp-json\/wp\/v2\/pages\/158","targetHints":{"allow":["GET"]}}],"collection":[{"href":"https:\/\/www.fuerstenmahl.li\/en\/wp-json\/wp\/v2\/pages"}],"about":[{"href":"https:\/\/www.fuerstenmahl.li\/en\/wp-json\/wp\/v2\/types\/page"}],"author":[{"embeddable":true,"href":"https:\/\/www.fuerstenmahl.li\/en\/wp-json\/wp\/v2\/users\/1"}],"replies":[{"embeddable":true,"href":"https:\/\/www.fuerstenmahl.li\/en\/wp-json\/wp\/v2\/comments?post=158"}],"version-history":[{"count":49,"href":"https:\/\/www.fuerstenmahl.li\/en\/wp-json\/wp\/v2\/pages\/158\/revisions"}],"predecessor-version":[{"id":4414,"href":"https:\/\/www.fuerstenmahl.li\/en\/wp-json\/wp\/v2\/pages\/158\/revisions\/4414"}],"wp:attachment":[{"href":"https:\/\/www.fuerstenmahl.li\/en\/wp-json\/wp\/v2\/media?parent=158"}],"curies":[{"name":"wp","href":"https:\/\/api.w.org\/{rel}","templated":true}]}}