{"id":104,"date":"2020-02-26T13:13:44","date_gmt":"2020-02-26T13:13:44","guid":{"rendered":"https:\/\/wp.fuerstenmahl.li\/agb"},"modified":"2022-07-01T08:31:05","modified_gmt":"2022-07-01T08:31:05","slug":"agb","status":"publish","type":"page","link":"https:\/\/www.fuerstenmahl.li\/en\/agb","title":{"rendered":"AGB"},"content":{"rendered":"<h3 class=\"wp-block-heading\">Allgemeine Gesch\u00e4ftsbedingungen (AGB) von F\u00dcRSTENMAHL AG<\/h3><p><strong>1. Geltungsbereich <br><\/strong>F\u00fcr alle Bestellungen \u00fcber unsere Webseite gelten die nachfolgenden Allgemeinen Gesch\u00e4ftsbedingungen (AGB). Das Angebot auf dieser Webseite richtet sich ausschliesslich an Konsumentinnen und Konsumenten mit Wohnsitz in der Schweiz und Liechtenstein (nachfolgend &#8222;Kunde&#8220;). <br>Als Konsumentin oder Konsument wird eine nat\u00fcrliche Person bezeichnet, welche mit F\u00dcRSTENMAHL gesch\u00e4ftliche Beziehungen pflegt, die weder ihrer gewerblichen noch ihrer selbst\u00e4ndigen beruflichen T\u00e4tigkeit zugeordnet werden kann. Bestellungen in nicht haushalts\u00fcblichen Mengen k\u00f6nnen ohne Begr\u00fcndung abgelehnt werden.<br>F\u00dcRSTENMAHL beh\u00e4lt sich das Recht vor, diese AGB jederzeit zu \u00e4ndern. Massgebend ist jeweils die zum Zeitpunkt der Bestellung geltende Version dieser AGB, welche f\u00fcr diese Bestellung nicht einseitig ge\u00e4ndert werden k\u00f6nnen. Entgegenstehende oder von diesen AGB abweichende Bedingungen der Kundschaft werden nicht anerkannt.<br>Der Betreiber dieses Internetauftritts ist F\u00dcRSTENMAHL.<\/p><p><strong>2. Informationen auf dieser Webseite<br><\/strong>F\u00dcRSTENMAHL beinhaltet Informationen \u00fcber Produkte und Dienstleistungen. Preis- und Sortiments\u00e4nderungen sowie technische \u00c4nderungen bleiben vorbehalten. Alle Angaben auf <a href=\"http:\/\/www.fuerstenmahl.li\/en\/\">www.fuerstenmahl.li<\/a> (Produktbeschreibungen, Abbildungen, Illustrationen, Filme, Masse, Gewichte, technische Spezifikationen, Zubeh\u00f6rbeziehungen und sonstige Angaben) dienen der Illustration und sind als N\u00e4herungswerte zu verstehen und sind unverbindlich. Sie stellen insbesondere keine Zusicherung von Eigenschaften oder Garantien dar, ausser es ist explizit anders vermerkt. F\u00dcRSTENMAHL bem\u00fcht sich, s\u00e4mtliche Angaben und Informationen auf dieser Webseite korrekt, vollst\u00e4ndig, aktuell und \u00fcbersichtlich bereitzustellen, jedoch kann F\u00dcRSTENMAHL weder ausdr\u00fccklich noch stillschweigend daf\u00fcr Gew\u00e4hr leisten.<br>S\u00e4mtliche Angebote auf dieser Webseite gelten als freibleibend und sind nicht als verbindliche Offerte zu verstehen. <br>F\u00dcRSTENMAHL kann keine Garantie abgeben, dass die aufgef\u00fchrten Produkte zum Zeitpunkt der Bestellung verf\u00fcgbar sind. Daher sind alle Angaben zu Verf\u00fcgbarkeit und Lieferzeiten ohne Gew\u00e4hr und k\u00f6nnen sich jederzeit und ohne Ank\u00fcndigung \u00e4ndern. <\/p><p><strong>3. Preise <br><\/strong>Die auf F\u00dcRSTENMAHL angegebenen Verkaufspreise stellen Endpreise dar und beinhalten, wenn nicht anders vermerkt, die gesetzliche Mehrwertsteuer und allf\u00e4llige weitere gesetzliche Abgaben wie vorgezogene Recyclinggeb\u00fchren (VRG) oder Urheberrechtsabgaben bei Elektronikger\u00e4ten. Die Preise verstehen sich rein netto in Schweizer Franken (CHF).<br>Allf\u00e4llige Versandkosten werden, wo nicht anders vorgesehen, zus\u00e4tzlich verrechnet und sind durch den Kunden zu bezahlen. Versandkosten werden im Bestellprozess separat ausgewiesen. <br>Technische \u00c4nderungen, Irrt\u00fcmer und Druckfehler bleiben vorbehalten, insbesondere kann F\u00dcRSTENMAHL Preis\u00e4nderungen jederzeit und ohne Vorank\u00fcndigungen vornehmen. In den Verkaufspreisen sind keine Beratungs- und Supportdienstleistungen inbegriffen.<\/p><p><strong>4. Vertragsabschluss <br><\/strong>Die Produkte und Preise auf dieser Webseite gelten als unverbindliche Angebote. <br>Mit der Bestellung \u00fcber diese Webseite inklusive der Annahme dieser AGB gibt der Kunde ein rechtlich verbindliches Angebot zum Vertragsabschluss ab. F\u00dcRSTENMAHL versendet daraufhin eine automatische Bestelleingangsbest\u00e4tigung per Email, welche best\u00e4tigt, dass das Angebot des Kunden bei F\u00dcRSTENMAHL eingegangen ist. Get\u00e4tigte Bestellungen sind f\u00fcr den Kunden verbindlich. Wo nicht anders vermerkt, gibt es kein R\u00fcckgabe- bzw. R\u00fccktrittsrecht.<br>Der Vertrag kommt zustande, sobald F\u00dcRSTENMAHL eine Annahmeerkl\u00e4rung per Email versendet, worin der Versand der bestellten Produkte oder Dienstleistungen best\u00e4tigt wird. <br>Bestellungen werden erst nach vollst\u00e4ndigem Zahlungseingang (Ausnahme: Lieferung gegen Rechnung) und sofern die Waren verf\u00fcgbar sind, ausgeliefert. Ergibt sich, dass die bestellten Waren nicht oder nicht vollst\u00e4ndig geliefert werden k\u00f6nnen, ist F\u00dcRSTENMAHL berechtigt, die Bestellung nicht oder nur teilweise anzunehmen bzw. auszuf\u00fchren. In einem solchen Fall wird F\u00dcRSTENMAHL den Kunden per Email informieren. Sollte die Zahlung des Kunden bereits bei F\u00dcRSTENMAHL eingegangen sein, wird die Zahlung dem Kunden zur\u00fcckerstattet. Ist noch keine Zahlung erfolgt, wird der Kunde von der Zahlungspflicht befreit. <\/p><p><strong>5. Zahlungsm\u00f6glichkeiten und Eigentumsvorbehalt <br><\/strong>Dem Kunden stehen die im Bestellvorgang angegebenen Zahlungsm\u00f6glichkeiten zur Verf\u00fcgung. <br>F\u00dcRSTENMAHL beh\u00e4lt sich das Recht vor, Kunden ohne Angabe von Gr\u00fcnden von einzelnen Zahlungsm\u00f6glichkeiten auszuschliessen oder auf Vorauskasse zu bestehen. <br>F\u00dcRSTENMAHL kann bei Zahlungsverzug des Kunden Verzugszinsen von 5% pro Jahr sowie eine Mahngeb\u00fchr von maximal CHF 20.- pro Mahnung erheben.<br>Die dem Kunden gelieferten Produkte bleiben bis zur vollst\u00e4ndigen Bezahlung im Eigentum von F\u00dcRSTENMAHL. <\/p><p><strong>6. Lieferung, Pr\u00fcfpflicht, M\u00e4ngelr\u00fcge und R\u00fccksendung<br><\/strong>Die Lieferungen werden per Post oder Kurierdienst an die vom Kunden in der Bestellung angegebene Adresse versandt. <br>F\u00dcRSTENMAHL ist bem\u00fcht m\u00f6glichst kurze Lieferfristen einzuhalten. Allf\u00e4llig in der Bestellbest\u00e4tigung angegebene Lieferfristen sind jedoch unverbindlich. F\u00dcRSTENMAHL ist zu Teillieferungen berechtigt. Die Versandkosten werden in diesem Fall dem Kunden nur einmal berechnet.<br>Der Versand der Rechnung, soweit Lieferung gegen Rechnung angeboten wird, erfolgt nach Wahl von F\u00dcRSTENMAHL per Email oder auf dem Postweg. <br>Ist die Lieferung nicht zustellbar oder verweigert der Kunde die Annahme der Lieferung, kann F\u00dcRSTENMAHL den Vertrag nach einer Mitteilung per Email an den Kunden und unter Einhalten einer angemessenen Nachfrist aufl\u00f6sen sowie die Kosten f\u00fcr die Umtriebe in Rechnung stellen. <br>Der Kunde ist verpflichtet, die gelieferten Waren sofort nach Eingang der Lieferung zu pr\u00fcfen und allf\u00e4llige M\u00e4ngel, f\u00fcr die F\u00dcRSTENMAHL Gew\u00e4hr leistet, unverz\u00fcglich schriftlich per Brief oder Email an die Adresse im <a href=\"\/en\/impressum\/\">Impressum<\/a> Anzeige zu machen. <br>R\u00fccksendungen an F\u00dcRSTENMAHL erfolgen auf Rechnung und Gefahr des Kunden und werden ausschliesslich nach vorangehender Absprache mit F\u00dcRSTENMAHL akzeptiert. Der Kunde hat die Waren originalverpackt, komplett mit allem Zubeh\u00f6r und zusammen mit dem Lieferschein und einer ausf\u00fchrlichen Beschreibung der M\u00e4ngel an die von F\u00dcRSTENMAHL angegebene R\u00fccksendeadresse <a href=\"\/en\/impressum\/\">Impressum<\/a> zu schicken. Aus Konsumentenschutzgr\u00fcnden sind Waren mit einem Mindesthaltbarkeitsdatum oder Verbrauchsdatum in der Regel von diesem R\u00fcckgaberecht ausgeschlossen.<br> Ergibt sich bei der Pr\u00fcfung durch F\u00dcRSTENMAHL dass die Waren keine feststellbaren M\u00e4ngel aufweisen oder diese nicht unter die Garantie des Herstellers fallen, kann F\u00dcRSTENMAHL die Umtriebe, die R\u00fccksendung oder die allf\u00e4llige Entsorgung dem Kunden in Rechnung stellen. <\/p><p id=\"widerruf\"><strong>7. Widerrufsrecht<br><\/strong>Dem Kunden wird w\u00e4hrend 10 Kalendertagen nach Erhalt der Ware ein Widerrufsrecht gew\u00e4hrt. Die Frist gilt als eingehalten, wenn der Kunde den schriftlichen Widerruf per Email oder Brief (Adresse gem\u00e4ss <a href=\"\/en\/impressum\/\">Impressum<\/a>) innerhalb der Frist an F\u00dcRSTENMAHL abschickt. Der Widerruf bedarf einer vorangehenden Absprache und Einigung mit F\u00dcRSTENMAHL sowie eine ausf\u00fchrliche Begr\u00fcndung bzw. Beschreibung der M\u00e4ngel.<br>Die Aus\u00fcbung des Widerrufsrechts f\u00fchrt zu einer R\u00fcckabwicklung des Vertrages. Der Kunde muss die Waren innert 10 Kalendertagen originalverpackt, komplett mit allem Zubeh\u00f6r und zusammen mit dem Lieferschein an die von F\u00dcRSTENMAHL angegebene R\u00fccksendeadresse im <a href=\"\/en\/impressum\/\">Impressum<\/a> zur\u00fccksenden. R\u00fccksendungen an F\u00dcRSTENMAHL erfolgen auf Rechnung und Gefahr des Kunden. Eine allenfalls bereits geleistete Zahlung wird innerhalb von 20 Kalendertagen an den Kunden zur\u00fcckerstattet, sofern F\u00dcRSTENMAHL die Ware bereits zur\u00fcckerhalten hat oder der Kunde einen Versandnachweis erbringen kann.<\/p><p>F\u00dcRSTENMAHL beh\u00e4lt sich vor, f\u00fcr Besch\u00e4digungen, \u00fcberm\u00e4ssige Abnutzung oder Wertverlust aufgrund unsachgem\u00e4ssen Umgangs angemessenen Entsch\u00e4digung zu verlangen und die Wertminderung vom bereits bezahlten Kaufpreis abzuziehen oder dem Kunden in Rechnung zu stellen. <\/p><p>Waren mit einer beschr\u00e4nkten Haltbarkeit (z.B. Mindesthaltbarkeitsdatum oder Verbrauchsdatum) sind in der Regel vom Widerrufsrecht ausgeschlossen.<\/p><p>Zus\u00e4tzlich wird in den folgenden F\u00e4llen kein Widerrufsrecht gew\u00e4hrt:<\/p><ul class=\"wp-block-list\"><li>Wenn der Vertrag ein Zufallselement hat, namentlich weil der Preis Schwankungen unterliegt, auf die der Anbieter keinen Einfluss hat; <\/li><li>Wenn der Vertrag eine bewegliche Sache zum Gegenstand hat, die aufgrund ihrer Beschaffenheit nicht f\u00fcr eine R\u00fccksendung geeignet ist oder verderben kann; <\/li><li>Wenn der Vertrag eine bewegliche Sache zum Gegenstand hat, die nach Vorgaben des Kunden angefertigt wird oder eindeutig auf pers\u00f6nliche Bed\u00fcrfnisse zugeschnitten ist;<\/li><li>Wenn der Vertrag digitale Inhalte zum Gegenstand hat und diese Inhalte nicht auf einem festen Datentr\u00e4ger zur Verf\u00fcgung gestellt werden oder wenn der Vertrag von beiden Vertragsparteien sofort vollst\u00e4ndig zu erf\u00fcllen ist;<\/li><li>Wenn der Vertrag eine Dienstleistung zum Gegenstand hat und der Vertrag vom Anbieter mit der vorg\u00e4ngigen ausdr\u00fccklichen Zustimmung des Kunden vollst\u00e4ndig zu erf\u00fcllen ist, bevor die Widerrufsfrist abgelaufen ist.  <\/li><li>In den Bereichen Unterbringung, Bef\u00f6rderung, Lieferung von Speisen und Getr\u00e4nken sowie Freizeitgestaltung, wenn sich der Anbieter bei Vertragsabschluss verpflichtet, die Dienstleistungen zu einem bestimmten Zeitpunkt oder innerhalb eines genau angegebenen Zeitraums zu erbringen.<\/li><\/ul><p><strong>8. Gew\u00e4hrleistung<br><\/strong>F\u00dcRSTENMAHL bem\u00fcht sich, Waren in einwandfreier Qualit\u00e4t zu liefern. Bei rechtzeitig ger\u00fcgten M\u00e4ngeln \u00fcbernimmt F\u00dcRSTENMAHL w\u00e4hrend der gesetzlichen Gew\u00e4hrleistungsfrist von in der Regel zwei Jahren seit dem Lieferdatum die Gew\u00e4hrleistung f\u00fcr M\u00e4ngelfreiheit und Funktionsf\u00e4higkeit des vom Kunden erworbenen Gegenstandes. Es liegt im Ermessen von F\u00dcRSTENMAHL die Gew\u00e4hrleistung durch kostenlose Reparatur, gleichwertigen Ersatz oder durch R\u00fcckerstattung des Kaufpreises zu erbringen. Weitere Gew\u00e4hrleistungsrechte sind ausgeschlossen. <br>Von der Gew\u00e4hrleistung werden die normale Abn\u00fctzung, das zeitgerechte Verderben verderblicher Ware, die Folgen unsachgem\u00e4sser Behandlung oder Besch\u00e4digung durch den Kunden oder Drittpersonen sowie M\u00e4ngel, die auf \u00e4ussere Umst\u00e4nde zur\u00fcckzuf\u00fchren sind, nicht erfasst. Ebenso wird die Gew\u00e4hrleistung f\u00fcr Verbrauchs-, und Verschleissgegenst\u00e4nde wegbedungen.<br>F\u00dcRSTENMAHL ist es nicht m\u00f6glich, Zusicherungen oder Garantien f\u00fcr die Aktualit\u00e4t, Vollst\u00e4ndigkeit und Korrektheit der Daten sowie f\u00fcr die st\u00e4ndige oder ungest\u00f6rte Verf\u00fcgbarkeit der Webseite, deren Funktionalit\u00e4ten, integrierten Hyperlinks und weiteren Inhalten abzugeben. Insbesondere wird weder zugesichert, noch garantiert, dass durch die Nutzung der Webseite keine Rechte von Dritten verletzt werden, die nicht im Besitz von F\u00dcRSTENMAHL sind. <\/p><p><strong>9. Haftung<br><\/strong>F\u00dcRSTENMAHL schliesst jede Haftung, unabh\u00e4ngig von ihrem Rechtsgrund, sowie Schadenersatzanspr\u00fcche gegen F\u00dcRSTENMAHL und gegen allf\u00e4llige Hilfspersonen und Erf\u00fcllungsgehilfen aus. F\u00dcRSTENMAHL haftet insbesondere nicht f\u00fcr indirekte Sch\u00e4den und Mangelfolgesch\u00e4den, entgangenen Gewinn oder sonstige Personen-, Sach- und reine Verm\u00f6genssch\u00e4den des Kunden. Vorbehalten bleibt eine weitergehende zwingende gesetzliche Haftung, beispielsweise f\u00fcr grobe Fahrl\u00e4ssigkeit oder rechtswidrige Absicht. <br>F\u00dcRSTENMAHL benutzt Hyperlinks lediglich f\u00fcr den vereinfachten Zugang des Kunden zu anderen Webangeboten. F\u00dcRSTENMAHL kann weder den Inhalt dieser Webangebote im Einzelnen kennen, noch die Haftung oder sonstige Verantwortung f\u00fcr die Inhalte dieser Webseiten \u00fcbernehmen. <\/p><p><strong>10. Datenschutz<br><\/strong>F\u00dcRSTENMAHL darf die im Rahmen des Vertragsschlusses aufgenommenen Daten zur Erf\u00fcllung der Verpflichtungen aus dem Kaufvertrag verarbeiten und nutzen sowie zu Marketingzwecken verwenden. Die zur Leistungserf\u00fcllung notwendigen Daten k\u00f6nnen auch an beauftrage Dienstleistungspartner (Logistikpartner) oder sonstigen Dritten weitergegeben werden.<br>Die Datenschutzbestimmungen sind im Einzelnen unter folgendem Link abrufbar: <a href=\"\/en\/datenschutz\/\">Datenschutz<\/a><\/p><p><strong>11. Teilung\u00fcltigkeit <br><\/strong>Sollten sich einzelne Bestimmungen dieser AGB als unwirksam oder undurchf\u00fchrbar erweisen oder unwirksam oder undurchf\u00fchrbar werden, so bleibt dadurch die Wirksamkeit der \u00fcbrigen Bestimmungen unber\u00fchrt.<\/p><p><strong>12. Weitere Bestimmungen<br><\/strong>F\u00dcRSTENMAHL beh\u00e4lt sich ausdr\u00fccklich vor, die vorliegenden AGB jederzeit zu \u00e4ndern und ohne Ank\u00fcndigung in Kraft zu setzen. <br>Im Falle von Streitigkeiten kommt ausschliesslich materielles Schweizer Recht unter Ausschluss von kollisionsrechtlichen Normen zur Anwendung. Das UN-Kaufrecht (CISG, Wiener Kaufrecht) wird explizit ausgeschlossen. <br>Gerichtsstand ist in Vaduz, Liechtenstein, oder der Wohnsitz der Konsumentin oder des Konsumenten.<\/p><p><strong>13. Kontakt<br><\/strong>Bei Fragen zu diesen AGB bitte melden bei: <a href=\"\/en\/impressum\/\">Impressum<\/a><\/p><p>(Version 25. M\u00e4rz 2020)<\/p>","protected":false},"excerpt":{"rendered":"<p>Allgemeine Gesch\u00e4ftsbedingungen (AGB) von F\u00dcRSTENMAHL AG 1. Geltungsbereich F\u00fcr alle Bestellungen \u00fcber unsere Webseite gelten die nachfolgenden Allgemeinen Gesch\u00e4ftsbedingungen (AGB). Das Angebot auf dieser Webseite richtet sich ausschliesslich an Konsumentinnen und Konsumenten mit Wohnsitz in &#8230; <\/p>\n<p class=\"read-more-container\"><a title=\"AGB\" class=\"read-more button\" href=\"https:\/\/www.fuerstenmahl.li\/en\/agb#more-104\">Weiterlesen<span class=\"screen-reader-text\">AGB<\/span><\/a><\/p>","protected":false},"author":1,"featured_media":0,"parent":0,"menu_order":0,"comment_status":"closed","ping_status":"closed","template":"","meta":{"footnotes":""},"class_list":["post-104","page","type-page","status-publish"],"yoast_head":"<!-- This site is optimized with the Yoast SEO plugin v27.4 - https:\/\/yoast.com\/product\/yoast-seo-wordpress\/ -->\n<title>AGB - F\u00fcrstenmahl<\/title>\n<meta name=\"robots\" content=\"noindex, nofollow\" \/>\n<meta property=\"og:locale\" content=\"en_GB\" \/>\n<meta property=\"og:type\" content=\"article\" \/>\n<meta property=\"og:title\" content=\"AGB - F\u00fcrstenmahl\" \/>\n<meta property=\"og:description\" content=\"Allgemeine Gesch\u00e4ftsbedingungen (AGB) von F\u00dcRSTENMAHL AG 1. Geltungsbereich F\u00fcr alle Bestellungen \u00fcber unsere Webseite gelten die nachfolgenden Allgemeinen Gesch\u00e4ftsbedingungen (AGB). Das Angebot auf dieser Webseite richtet sich ausschliesslich an Konsumentinnen und Konsumenten mit Wohnsitz in ... WeiterlesenAGB\" \/>\n<meta property=\"og:url\" content=\"https:\/\/www.fuerstenmahl.li\/en\/agb\/\" \/>\n<meta property=\"og:site_name\" content=\"F\u00fcrstenmahl\" \/>\n<meta property=\"article:modified_time\" content=\"2022-07-01T08:31:05+00:00\" \/>\n<meta name=\"twitter:card\" content=\"summary_large_image\" \/>\n<meta name=\"twitter:label1\" content=\"Estimated reading time\" \/>\n\t<meta name=\"twitter:data1\" content=\"8 minutes\" \/>\n<script type=\"application\/ld+json\" class=\"yoast-schema-graph\">{\"@context\":\"https:\\\/\\\/schema.org\",\"@graph\":[{\"@type\":\"WebPage\",\"@id\":\"https:\\\/\\\/www.fuerstenmahl.li\\\/agb\",\"url\":\"https:\\\/\\\/www.fuerstenmahl.li\\\/agb\",\"name\":\"AGB - F\u00fcrstenmahl\",\"isPartOf\":{\"@id\":\"https:\\\/\\\/www.fuerstenmahl.li\\\/#website\"},\"datePublished\":\"2020-02-26T13:13:44+00:00\",\"dateModified\":\"2022-07-01T08:31:05+00:00\",\"breadcrumb\":{\"@id\":\"https:\\\/\\\/www.fuerstenmahl.li\\\/agb#breadcrumb\"},\"inLanguage\":\"en-GB\",\"potentialAction\":[{\"@type\":\"ReadAction\",\"target\":[\"https:\\\/\\\/www.fuerstenmahl.li\\\/agb\"]}]},{\"@type\":\"BreadcrumbList\",\"@id\":\"https:\\\/\\\/www.fuerstenmahl.li\\\/agb#breadcrumb\",\"itemListElement\":[{\"@type\":\"ListItem\",\"position\":1,\"name\":\"F\u00fcrstenmahl\",\"item\":\"https:\\\/\\\/www.fuerstenmahl.li\\\/\"},{\"@type\":\"ListItem\",\"position\":2,\"name\":\"AGB\"}]},{\"@type\":\"WebSite\",\"@id\":\"https:\\\/\\\/www.fuerstenmahl.li\\\/#website\",\"url\":\"https:\\\/\\\/www.fuerstenmahl.li\\\/\",\"name\":\"F\u00fcrstenmahl\",\"description\":\"\",\"publisher\":{\"@id\":\"https:\\\/\\\/www.fuerstenmahl.li\\\/#organization\"},\"potentialAction\":[{\"@type\":\"SearchAction\",\"target\":{\"@type\":\"EntryPoint\",\"urlTemplate\":\"https:\\\/\\\/www.fuerstenmahl.li\\\/?s={search_term_string}\"},\"query-input\":{\"@type\":\"PropertyValueSpecification\",\"valueRequired\":true,\"valueName\":\"search_term_string\"}}],\"inLanguage\":\"en-GB\"},{\"@type\":\"Organization\",\"@id\":\"https:\\\/\\\/www.fuerstenmahl.li\\\/#organization\",\"name\":\"F\u00fcrstenmahl Est.\",\"url\":\"https:\\\/\\\/www.fuerstenmahl.li\\\/\",\"logo\":{\"@type\":\"ImageObject\",\"inLanguage\":\"en-GB\",\"@id\":\"https:\\\/\\\/www.fuerstenmahl.li\\\/#\\\/schema\\\/logo\\\/image\\\/\",\"url\":\"https:\\\/\\\/www.fuerstenmahl.li\\\/wp-content\\\/uploads\\\/2020\\\/03\\\/Fuerstenmahl-favicon-1.png\",\"contentUrl\":\"https:\\\/\\\/www.fuerstenmahl.li\\\/wp-content\\\/uploads\\\/2020\\\/03\\\/Fuerstenmahl-favicon-1.png\",\"width\":1024,\"height\":1024,\"caption\":\"F\u00fcrstenmahl Est.\"},\"image\":{\"@id\":\"https:\\\/\\\/www.fuerstenmahl.li\\\/#\\\/schema\\\/logo\\\/image\\\/\"}}]}<\/script>\n<!-- \/ Yoast SEO plugin. -->","yoast_head_json":{"title":"AGB - F\u00fcrstenmahl","robots":{"index":"noindex","follow":"nofollow"},"og_locale":"en_GB","og_type":"article","og_title":"AGB - F\u00fcrstenmahl","og_description":"Allgemeine Gesch\u00e4ftsbedingungen (AGB) von F\u00dcRSTENMAHL AG 1. Geltungsbereich F\u00fcr alle Bestellungen \u00fcber unsere Webseite gelten die nachfolgenden Allgemeinen Gesch\u00e4ftsbedingungen (AGB). Das Angebot auf dieser Webseite richtet sich ausschliesslich an Konsumentinnen und Konsumenten mit Wohnsitz in ... WeiterlesenAGB","og_url":"https:\/\/www.fuerstenmahl.li\/en\/agb\/","og_site_name":"F\u00fcrstenmahl","article_modified_time":"2022-07-01T08:31:05+00:00","twitter_card":"summary_large_image","twitter_misc":{"Estimated reading time":"8 minutes"},"schema":{"@context":"https:\/\/schema.org","@graph":[{"@type":"WebPage","@id":"https:\/\/www.fuerstenmahl.li\/agb","url":"https:\/\/www.fuerstenmahl.li\/agb","name":"AGB - F\u00fcrstenmahl","isPartOf":{"@id":"https:\/\/www.fuerstenmahl.li\/#website"},"datePublished":"2020-02-26T13:13:44+00:00","dateModified":"2022-07-01T08:31:05+00:00","breadcrumb":{"@id":"https:\/\/www.fuerstenmahl.li\/agb#breadcrumb"},"inLanguage":"en-GB","potentialAction":[{"@type":"ReadAction","target":["https:\/\/www.fuerstenmahl.li\/agb"]}]},{"@type":"BreadcrumbList","@id":"https:\/\/www.fuerstenmahl.li\/agb#breadcrumb","itemListElement":[{"@type":"ListItem","position":1,"name":"F\u00fcrstenmahl","item":"https:\/\/www.fuerstenmahl.li\/"},{"@type":"ListItem","position":2,"name":"AGB"}]},{"@type":"WebSite","@id":"https:\/\/www.fuerstenmahl.li\/#website","url":"https:\/\/www.fuerstenmahl.li\/","name":"F\u00fcrstenmahl","description":"","publisher":{"@id":"https:\/\/www.fuerstenmahl.li\/#organization"},"potentialAction":[{"@type":"SearchAction","target":{"@type":"EntryPoint","urlTemplate":"https:\/\/www.fuerstenmahl.li\/?s={search_term_string}"},"query-input":{"@type":"PropertyValueSpecification","valueRequired":true,"valueName":"search_term_string"}}],"inLanguage":"en-GB"},{"@type":"Organization","@id":"https:\/\/www.fuerstenmahl.li\/#organization","name":"F\u00fcrstenmahl Est.","url":"https:\/\/www.fuerstenmahl.li\/","logo":{"@type":"ImageObject","inLanguage":"en-GB","@id":"https:\/\/www.fuerstenmahl.li\/#\/schema\/logo\/image\/","url":"https:\/\/www.fuerstenmahl.li\/wp-content\/uploads\/2020\/03\/Fuerstenmahl-favicon-1.png","contentUrl":"https:\/\/www.fuerstenmahl.li\/wp-content\/uploads\/2020\/03\/Fuerstenmahl-favicon-1.png","width":1024,"height":1024,"caption":"F\u00fcrstenmahl Est."},"image":{"@id":"https:\/\/www.fuerstenmahl.li\/#\/schema\/logo\/image\/"}}]}},"_links":{"self":[{"href":"https:\/\/www.fuerstenmahl.li\/en\/wp-json\/wp\/v2\/pages\/104","targetHints":{"allow":["GET"]}}],"collection":[{"href":"https:\/\/www.fuerstenmahl.li\/en\/wp-json\/wp\/v2\/pages"}],"about":[{"href":"https:\/\/www.fuerstenmahl.li\/en\/wp-json\/wp\/v2\/types\/page"}],"author":[{"embeddable":true,"href":"https:\/\/www.fuerstenmahl.li\/en\/wp-json\/wp\/v2\/users\/1"}],"replies":[{"embeddable":true,"href":"https:\/\/www.fuerstenmahl.li\/en\/wp-json\/wp\/v2\/comments?post=104"}],"version-history":[{"count":7,"href":"https:\/\/www.fuerstenmahl.li\/en\/wp-json\/wp\/v2\/pages\/104\/revisions"}],"predecessor-version":[{"id":2905,"href":"https:\/\/www.fuerstenmahl.li\/en\/wp-json\/wp\/v2\/pages\/104\/revisions\/2905"}],"wp:attachment":[{"href":"https:\/\/www.fuerstenmahl.li\/en\/wp-json\/wp\/v2\/media?parent=104"}],"curies":[{"name":"wp","href":"https:\/\/api.w.org\/{rel}","templated":true}]}}