{"id":103,"date":"2020-02-26T13:13:44","date_gmt":"2020-02-26T13:13:44","guid":{"rendered":"https:\/\/wp.fuerstenmahl.li\/impressum"},"modified":"2022-07-01T08:37:05","modified_gmt":"2022-07-01T08:37:05","slug":"impressum","status":"publish","type":"page","link":"https:\/\/www.fuerstenmahl.li\/en\/impressum","title":{"rendered":"Impressum"},"content":{"rendered":"<h3><strong>Wer wir sind<\/strong><\/h3>\n<p>F\u00fcrstenmahl AG ist eine im Liechtensteinischen Handelsregister eingetragene juristische Person mit Sitz in Vaduz. &#8222;AG&#8220; steht f\u00fcr die Gesellschaftsform &#8222;Aktiengesellschaft&#8220; mit kommerziellem Zweck. Registernummer: FL-0002.607.335-2 | MwSt-Nummer: 61166<\/p>\n<p>Die Adresse unserer Website lautet: https:\/\/www.fuerstenmahl.li<\/p>\n<p>Unsere Sitzadresse:&nbsp;<br>F\u00fcrstenmahl AG&nbsp;<br>Altenbach 26&nbsp;<br>9490 Vaduz&nbsp;<br>Liechtenstein &nbsp;<\/p>\n<p>Unsere Kontaktdaten:<br><a href=\"mailto:office@fuerstenmahl.li\">office@fuerstenmahl.li<\/a><br>+423 792 11 87<\/p>\n<p>Erfahren Sie mehr \u00fcber unser <a href=\"https:\/\/www.fuerstenmahl.li\/en\/team\/\">Team<\/a>.&nbsp;<\/p>\n<h3><strong>Haftungsausschluss<\/strong><\/h3>\n<p>F\u00fcrstenmahl \u00fcbernimmt keine Gew\u00e4hr f\u00fcr die Korrektheit, Vollst\u00e4ndigkeit und Aktualit\u00e4t der auf ihrer Homepage enthaltenen Informationen. Der Inhalt der Homepage kann jederzeit und ohne vorherige Ank\u00fcndigungen ge\u00e4ndert werden. F\u00fcrstenmahl haftet in keinem Fall f\u00fcr Sch\u00e4den (sowohl direkte als auch indirekte und Folgesch\u00e4den), die aus dem Gebrauch ihrer Homepage oder aus der Verkn\u00fcpfung ihrer Homepage mit Webauftritten Dritter entstehen k\u00f6nnten.<\/p>\n<h3><strong>Urheberrechte<\/strong><\/h3>\n<p>Alle auf dem www.fuerstenmahl.li enthaltenen Elemente sind urheberrechtlich gesch\u00fctzt. Deren Verwendung ist ohne vorherige schriftliche Zustimmung von F\u00fcrstenmahl untersagt.<\/p>\n<h3><strong>E-Mail Kommunikation<\/strong><\/h3>\n<p>Die E-Mail-Kommunikation mit F\u00fcrstenmahl findet unverschl\u00fcsselt statt. Es kann somit nicht ausgeschlossen werden, dass gesendete Daten von Dritten eingesehen und Kontaktaufnahmen zur Webseite nachvollzogen werden k\u00f6nnen. Wir bitten Sie daher, von der \u00dcbermittlung von sensiblen Daten \u00fcber dieses Medium abzusehen.<\/p>\n<div class=\"woocommerce woocommerce-gzd woocommerce-gzd-complaints-shortcode\">\n\t\t\t<h3>Alternative Dispute Resolution in accordance with Art. 14 (1) ODR-VO and \u00a7 36 VSBG:<\/h3>\n\t\nZur Teilnahme an einem Streitbeilegungsverfahren vor einer Verbraucherschlichtungsstelle sind wir nicht verpflichtet und nicht bereit.<\/div><h4 class=\"margin-top-100\" align=\"center\">mit <img decoding=\"async\" src=\"\/wp-content\/uploads\/2020\/02\/Gruppe-1@2x.png\" width=\"15\" height=\"auto\"> umgesetzt durch <a href=\"https:\/\/www.brandwerk-digital.com\">Brandwerk Digital<\/a><\/h4>","protected":false},"excerpt":{"rendered":"<p>Wer wir sind F\u00fcrstenmahl AG ist eine im Liechtensteinischen Handelsregister eingetragene juristische Person mit Sitz in Vaduz. &#8222;AG&#8220; steht f\u00fcr die Gesellschaftsform &#8222;Aktiengesellschaft&#8220; mit kommerziellem Zweck. Registernummer: FL-0002.607.335-2 | MwSt-Nummer: 61166 Die Adresse unserer Website &#8230; <\/p>\n<p class=\"read-more-container\"><a title=\"Impressum\" class=\"read-more button\" href=\"https:\/\/www.fuerstenmahl.li\/en\/impressum#more-103\">Weiterlesen<span class=\"screen-reader-text\">Impressum<\/span><\/a><\/p>","protected":false},"author":1,"featured_media":0,"parent":0,"menu_order":0,"comment_status":"closed","ping_status":"closed","template":"","meta":{"footnotes":""},"class_list":["post-103","page","type-page","status-publish"],"yoast_head":"<!-- This site is optimized with the Yoast SEO plugin v27.4 - https:\/\/yoast.com\/product\/yoast-seo-wordpress\/ -->\n<title>Impressum - F\u00fcrstenmahl<\/title>\n<meta name=\"robots\" content=\"noindex, nofollow\" \/>\n<meta property=\"og:locale\" content=\"en_GB\" \/>\n<meta property=\"og:type\" content=\"article\" \/>\n<meta property=\"og:title\" content=\"Impressum - F\u00fcrstenmahl\" \/>\n<meta property=\"og:description\" content=\"Wer wir sind F\u00fcrstenmahl AG ist eine im Liechtensteinischen Handelsregister eingetragene juristische Person mit Sitz in Vaduz. &#8222;AG&#8220; steht f\u00fcr die Gesellschaftsform &#8222;Aktiengesellschaft&#8220; mit kommerziellem Zweck. Registernummer: FL-0002.607.335-2 | MwSt-Nummer: 61166 Die Adresse unserer Website ... WeiterlesenImpressum\" \/>\n<meta property=\"og:url\" content=\"https:\/\/www.fuerstenmahl.li\/en\/impressum\/\" \/>\n<meta property=\"og:site_name\" content=\"F\u00fcrstenmahl\" \/>\n<meta property=\"article:modified_time\" content=\"2022-07-01T08:37:05+00:00\" \/>\n<meta name=\"twitter:card\" content=\"summary_large_image\" \/>\n<meta name=\"twitter:label1\" content=\"Estimated reading time\" \/>\n\t<meta name=\"twitter:data1\" content=\"2 minutes\" \/>\n<script type=\"application\/ld+json\" class=\"yoast-schema-graph\">{\"@context\":\"https:\\\/\\\/schema.org\",\"@graph\":[{\"@type\":\"WebPage\",\"@id\":\"https:\\\/\\\/www.fuerstenmahl.li\\\/impressum\",\"url\":\"https:\\\/\\\/www.fuerstenmahl.li\\\/impressum\",\"name\":\"Impressum - F\u00fcrstenmahl\",\"isPartOf\":{\"@id\":\"https:\\\/\\\/www.fuerstenmahl.li\\\/#website\"},\"datePublished\":\"2020-02-26T13:13:44+00:00\",\"dateModified\":\"2022-07-01T08:37:05+00:00\",\"breadcrumb\":{\"@id\":\"https:\\\/\\\/www.fuerstenmahl.li\\\/impressum#breadcrumb\"},\"inLanguage\":\"en-GB\",\"potentialAction\":[{\"@type\":\"ReadAction\",\"target\":[\"https:\\\/\\\/www.fuerstenmahl.li\\\/impressum\"]}]},{\"@type\":\"BreadcrumbList\",\"@id\":\"https:\\\/\\\/www.fuerstenmahl.li\\\/impressum#breadcrumb\",\"itemListElement\":[{\"@type\":\"ListItem\",\"position\":1,\"name\":\"F\u00fcrstenmahl\",\"item\":\"https:\\\/\\\/www.fuerstenmahl.li\\\/\"},{\"@type\":\"ListItem\",\"position\":2,\"name\":\"Impressum\"}]},{\"@type\":\"WebSite\",\"@id\":\"https:\\\/\\\/www.fuerstenmahl.li\\\/#website\",\"url\":\"https:\\\/\\\/www.fuerstenmahl.li\\\/\",\"name\":\"F\u00fcrstenmahl\",\"description\":\"\",\"publisher\":{\"@id\":\"https:\\\/\\\/www.fuerstenmahl.li\\\/#organization\"},\"potentialAction\":[{\"@type\":\"SearchAction\",\"target\":{\"@type\":\"EntryPoint\",\"urlTemplate\":\"https:\\\/\\\/www.fuerstenmahl.li\\\/?s={search_term_string}\"},\"query-input\":{\"@type\":\"PropertyValueSpecification\",\"valueRequired\":true,\"valueName\":\"search_term_string\"}}],\"inLanguage\":\"en-GB\"},{\"@type\":\"Organization\",\"@id\":\"https:\\\/\\\/www.fuerstenmahl.li\\\/#organization\",\"name\":\"F\u00fcrstenmahl Est.\",\"url\":\"https:\\\/\\\/www.fuerstenmahl.li\\\/\",\"logo\":{\"@type\":\"ImageObject\",\"inLanguage\":\"en-GB\",\"@id\":\"https:\\\/\\\/www.fuerstenmahl.li\\\/#\\\/schema\\\/logo\\\/image\\\/\",\"url\":\"https:\\\/\\\/www.fuerstenmahl.li\\\/wp-content\\\/uploads\\\/2020\\\/03\\\/Fuerstenmahl-favicon-1.png\",\"contentUrl\":\"https:\\\/\\\/www.fuerstenmahl.li\\\/wp-content\\\/uploads\\\/2020\\\/03\\\/Fuerstenmahl-favicon-1.png\",\"width\":1024,\"height\":1024,\"caption\":\"F\u00fcrstenmahl Est.\"},\"image\":{\"@id\":\"https:\\\/\\\/www.fuerstenmahl.li\\\/#\\\/schema\\\/logo\\\/image\\\/\"}}]}<\/script>\n<!-- \/ Yoast SEO plugin. -->","yoast_head_json":{"title":"Impressum - F\u00fcrstenmahl","robots":{"index":"noindex","follow":"nofollow"},"og_locale":"en_GB","og_type":"article","og_title":"Impressum - F\u00fcrstenmahl","og_description":"Wer wir sind F\u00fcrstenmahl AG ist eine im Liechtensteinischen Handelsregister eingetragene juristische Person mit Sitz in Vaduz. &#8222;AG&#8220; steht f\u00fcr die Gesellschaftsform &#8222;Aktiengesellschaft&#8220; mit kommerziellem Zweck. Registernummer: FL-0002.607.335-2 | MwSt-Nummer: 61166 Die Adresse unserer Website ... WeiterlesenImpressum","og_url":"https:\/\/www.fuerstenmahl.li\/en\/impressum\/","og_site_name":"F\u00fcrstenmahl","article_modified_time":"2022-07-01T08:37:05+00:00","twitter_card":"summary_large_image","twitter_misc":{"Estimated reading time":"2 minutes"},"schema":{"@context":"https:\/\/schema.org","@graph":[{"@type":"WebPage","@id":"https:\/\/www.fuerstenmahl.li\/impressum","url":"https:\/\/www.fuerstenmahl.li\/impressum","name":"Impressum - F\u00fcrstenmahl","isPartOf":{"@id":"https:\/\/www.fuerstenmahl.li\/#website"},"datePublished":"2020-02-26T13:13:44+00:00","dateModified":"2022-07-01T08:37:05+00:00","breadcrumb":{"@id":"https:\/\/www.fuerstenmahl.li\/impressum#breadcrumb"},"inLanguage":"en-GB","potentialAction":[{"@type":"ReadAction","target":["https:\/\/www.fuerstenmahl.li\/impressum"]}]},{"@type":"BreadcrumbList","@id":"https:\/\/www.fuerstenmahl.li\/impressum#breadcrumb","itemListElement":[{"@type":"ListItem","position":1,"name":"F\u00fcrstenmahl","item":"https:\/\/www.fuerstenmahl.li\/"},{"@type":"ListItem","position":2,"name":"Impressum"}]},{"@type":"WebSite","@id":"https:\/\/www.fuerstenmahl.li\/#website","url":"https:\/\/www.fuerstenmahl.li\/","name":"F\u00fcrstenmahl","description":"","publisher":{"@id":"https:\/\/www.fuerstenmahl.li\/#organization"},"potentialAction":[{"@type":"SearchAction","target":{"@type":"EntryPoint","urlTemplate":"https:\/\/www.fuerstenmahl.li\/?s={search_term_string}"},"query-input":{"@type":"PropertyValueSpecification","valueRequired":true,"valueName":"search_term_string"}}],"inLanguage":"en-GB"},{"@type":"Organization","@id":"https:\/\/www.fuerstenmahl.li\/#organization","name":"F\u00fcrstenmahl Est.","url":"https:\/\/www.fuerstenmahl.li\/","logo":{"@type":"ImageObject","inLanguage":"en-GB","@id":"https:\/\/www.fuerstenmahl.li\/#\/schema\/logo\/image\/","url":"https:\/\/www.fuerstenmahl.li\/wp-content\/uploads\/2020\/03\/Fuerstenmahl-favicon-1.png","contentUrl":"https:\/\/www.fuerstenmahl.li\/wp-content\/uploads\/2020\/03\/Fuerstenmahl-favicon-1.png","width":1024,"height":1024,"caption":"F\u00fcrstenmahl Est."},"image":{"@id":"https:\/\/www.fuerstenmahl.li\/#\/schema\/logo\/image\/"}}]}},"_links":{"self":[{"href":"https:\/\/www.fuerstenmahl.li\/en\/wp-json\/wp\/v2\/pages\/103","targetHints":{"allow":["GET"]}}],"collection":[{"href":"https:\/\/www.fuerstenmahl.li\/en\/wp-json\/wp\/v2\/pages"}],"about":[{"href":"https:\/\/www.fuerstenmahl.li\/en\/wp-json\/wp\/v2\/types\/page"}],"author":[{"embeddable":true,"href":"https:\/\/www.fuerstenmahl.li\/en\/wp-json\/wp\/v2\/users\/1"}],"replies":[{"embeddable":true,"href":"https:\/\/www.fuerstenmahl.li\/en\/wp-json\/wp\/v2\/comments?post=103"}],"version-history":[{"count":29,"href":"https:\/\/www.fuerstenmahl.li\/en\/wp-json\/wp\/v2\/pages\/103\/revisions"}],"predecessor-version":[{"id":2912,"href":"https:\/\/www.fuerstenmahl.li\/en\/wp-json\/wp\/v2\/pages\/103\/revisions\/2912"}],"wp:attachment":[{"href":"https:\/\/www.fuerstenmahl.li\/en\/wp-json\/wp\/v2\/media?parent=103"}],"curies":[{"name":"wp","href":"https:\/\/api.w.org\/{rel}","templated":true}]}}